{"id":13477,"date":"2024-03-14T13:44:59","date_gmt":"2024-03-14T12:44:59","guid":{"rendered":"http:\/\/delikatesy.wineport.pl\/?product=grappa-marzadro-giare-gewurtztraminer-07l-41"},"modified":"2026-05-10T18:57:14","modified_gmt":"2026-05-10T16:57:14","slug":"grappa-marzadro-giare-gewurtztraminer-07l-41","status":"publish","type":"product","link":"http:\/\/delikatesy.wineport.pl\/?product=grappa-marzadro-giare-gewurtztraminer-07l-41","title":{"rendered":"GRAPPA MARZADRO GIARE GEWURTZTRAMINER 0,7L 41%"},"content":{"rendered":"<p><span style=\"color: #ff0000; font-size: 16px; font-family: arial, helvetica, sans-serif;\">UWAGA!!! NIE WYSY\u0141AMY ALKOHOLU W PRZYPADKU ZAM\u00d3WIE\u0143 OD OS\u00d3B PRYWATNYCH, TYLKO ODBI\u00d3R OSOBISTY NA UL. \u015aW. STANIS\u0141AWA 12 W WARSZAWIE!!! W przypadku op\u0142acenia zam\u00f3wienia alkoholu z wysy\u0142k\u0105, przy zwrocie pieni\u0119dzy zostanie potr\u0105cona prowizja\u00a0DOTPAY!<\/span><\/p>\n<p><span style=\"color: #ff0000; font-size: 16px; font-family: arial, helvetica, sans-serif;\">\u00a0<\/span><\/p>\n<p class=\"MsoNormal\">Destylacji odbywa si\u0119 tradycyjny spos\u00f3b przy wykorzystaniu metody pary wodnej. Nast\u0119pnie grappa dojrzewa przez 36 miesi\u0119cy w specjalnych (ma\u0142ych) d\u0119bowych beczkach, dzi\u0119ki czemu zawdzi\u0119cza sw\u00f3j imponuj\u0105cy bukiet aromatyczny, oraz harmonijny i niezwykle trwa\u0142y smak.<\/p>\n","protected":false},"excerpt":{"rendered":"<p>Destylacji odbywa si\u0119 tradycyjny spos\u00f3b przy wykorzystaniu metody pary wodnej. Nast\u0119pnie grappa dojrzewa przez 36 miesi\u0119cy w specjalnych (ma\u0142ych) d\u0119bowych beczkach, dzi\u0119ki czemu zawdzi\u0119cza sw\u00f3j imponuj\u0105cy bukiet aromatyczny, oraz harmonijny i niezwyk&#8230;<\/p>\n","protected":false},"featured_media":13476,"comment_status":"open","ping_status":"closed","template":"","meta":[],"product_cat":[142,209],"product_tag":[],"class_list":{"0":"post-13477","1":"product","2":"type-product","3":"status-publish","4":"has-post-thumbnail","6":"product_cat-alkohole-mocne","7":"product_cat-grappa","9":"first","10":"instock","11":"shipping-taxable","12":"purchasable","13":"product-type-simple"},"_links":{"self":[{"href":"http:\/\/delikatesy.wineport.pl\/index.php?rest_route=\/wp\/v2\/product\/13477","targetHints":{"allow":["GET"]}}],"collection":[{"href":"http:\/\/delikatesy.wineport.pl\/index.php?rest_route=\/wp\/v2\/product"}],"about":[{"href":"http:\/\/delikatesy.wineport.pl\/index.php?rest_route=\/wp\/v2\/types\/product"}],"replies":[{"embeddable":true,"href":"http:\/\/delikatesy.wineport.pl\/index.php?rest_route=%2Fwp%2Fv2%2Fcomments&post=13477"}],"wp:featuredmedia":[{"embeddable":true,"href":"http:\/\/delikatesy.wineport.pl\/index.php?rest_route=\/wp\/v2\/media\/13476"}],"wp:attachment":[{"href":"http:\/\/delikatesy.wineport.pl\/index.php?rest_route=%2Fwp%2Fv2%2Fmedia&parent=13477"}],"wp:term":[{"taxonomy":"product_cat","embeddable":true,"href":"http:\/\/delikatesy.wineport.pl\/index.php?rest_route=%2Fwp%2Fv2%2Fproduct_cat&post=13477"},{"taxonomy":"product_tag","embeddable":true,"href":"http:\/\/delikatesy.wineport.pl\/index.php?rest_route=%2Fwp%2Fv2%2Fproduct_tag&post=13477"}],"curies":[{"name":"wp","href":"https:\/\/api.w.org\/{rel}","templated":true}]}}