{"id":13493,"date":"2024-03-14T13:45:03","date_gmt":"2024-03-14T12:45:03","guid":{"rendered":"http:\/\/delikatesy.wineport.pl\/?product=bells-original-scotch-whisky-40-1l"},"modified":"2026-05-10T18:57:55","modified_gmt":"2026-05-10T16:57:55","slug":"bells-original-scotch-whisky-40-1l","status":"publish","type":"product","link":"http:\/\/delikatesy.wineport.pl\/?product=bells-original-scotch-whisky-40-1l","title":{"rendered":"BELL&#8217;S ORIGINAL SCOTCH WHISKY 40% 1L"},"content":{"rendered":"<p><span style=\"color: #ff0000; font-size: 16px; font-family: arial, helvetica, sans-serif;\">UWAGA!!! NIE WYSY\u0141AMY ALKOHOLU W PRZYPADKU ZAM\u00d3WIE\u0143 OD OS\u00d3B PRYWATNYCH, TYLKO ODBI\u00d3R OSOBISTY NA UL. \u015aW. STANIS\u0141AWA 12 W WARSZAWIE!!! W przypadku op\u0142acenia zam\u00f3wienia alkoholu z wysy\u0142k\u0105, przy zwrocie pieni\u0119dzy zostanie potr\u0105cona prowizja\u00a0DOTPAY!<\/span><\/p>\n<p><span style=\"color: #ff0000; font-size: 16px; font-family: arial, helvetica, sans-serif;\">\u00a0<\/span><\/p>\n<p class=\"MsoNormal\">Whisky Bell\u2019s oparta jest o single malt z destylarni Blair Athol, kt\u00f3r\u0105 firma Arthur Bell &amp; Sons naby\u0142a w roku 1933. B\u00a0lended whisky\u00a0kt\u00f3ra charakteryzuje si\u0119 bardzo dobr\u0105 jako\u015bci do ceny!<\/p>\n","protected":false},"excerpt":{"rendered":"<p>Whisky Bell\u2019s oparta jest o single malt z destylarni Blair Athol, kt\u00f3r\u0105 firma Arthur Bell &amp; Sons naby\u0142a w roku 1933. B lended whisky kt\u00f3ra charakteryzuje si\u0119 bardzo dobr\u0105 jako\u015bci do ceny!<\/p>\n","protected":false},"featured_media":13492,"comment_status":"open","ping_status":"closed","template":"","meta":[],"product_cat":[142,154,143],"product_tag":[],"class_list":{"0":"post-13493","1":"product","2":"type-product","3":"status-publish","4":"has-post-thumbnail","6":"product_cat-alkohole-mocne","7":"product_cat-szkocja","8":"product_cat-whisky","10":"first","11":"instock","12":"shipping-taxable","13":"purchasable","14":"product-type-simple"},"_links":{"self":[{"href":"http:\/\/delikatesy.wineport.pl\/index.php?rest_route=\/wp\/v2\/product\/13493","targetHints":{"allow":["GET"]}}],"collection":[{"href":"http:\/\/delikatesy.wineport.pl\/index.php?rest_route=\/wp\/v2\/product"}],"about":[{"href":"http:\/\/delikatesy.wineport.pl\/index.php?rest_route=\/wp\/v2\/types\/product"}],"replies":[{"embeddable":true,"href":"http:\/\/delikatesy.wineport.pl\/index.php?rest_route=%2Fwp%2Fv2%2Fcomments&post=13493"}],"wp:featuredmedia":[{"embeddable":true,"href":"http:\/\/delikatesy.wineport.pl\/index.php?rest_route=\/wp\/v2\/media\/13492"}],"wp:attachment":[{"href":"http:\/\/delikatesy.wineport.pl\/index.php?rest_route=%2Fwp%2Fv2%2Fmedia&parent=13493"}],"wp:term":[{"taxonomy":"product_cat","embeddable":true,"href":"http:\/\/delikatesy.wineport.pl\/index.php?rest_route=%2Fwp%2Fv2%2Fproduct_cat&post=13493"},{"taxonomy":"product_tag","embeddable":true,"href":"http:\/\/delikatesy.wineport.pl\/index.php?rest_route=%2Fwp%2Fv2%2Fproduct_tag&post=13493"}],"curies":[{"name":"wp","href":"https:\/\/api.w.org\/{rel}","templated":true}]}}