{"id":13501,"date":"2024-03-14T13:45:12","date_gmt":"2024-03-14T12:45:12","guid":{"rendered":"http:\/\/delikatesy.wineport.pl\/?product=metaxa-grande-fine-15-40-0-7l"},"modified":"2026-05-10T18:57:57","modified_gmt":"2026-05-10T16:57:57","slug":"metaxa-grande-fine-15-40-0-7l","status":"publish","type":"product","link":"http:\/\/delikatesy.wineport.pl\/?product=metaxa-grande-fine-15-40-0-7l","title":{"rendered":"Metaxa Grande Fine 15* 40% \/ 0.7L"},"content":{"rendered":"<p class=\"MsoNormal\"><span lang=\"EN-US\"><span style=\"color: #ff0000;\">UWAGA!!! NIE WYSY\u0141AMY ALKOHOLU KURIEREM W PRZYPADKU ZAM\u00d3WIE\u0143 OD OS\u00d3B PRYWATNYCH, TYLKO ODBI\u00d3R OSOBISTY NA UL. \u015aW. STANIS\u0141AWA 12 W WARSZAWIE!!! W przypadku op\u0142acenia zam\u00f3wienia alkoholu z wysy\u0142k\u0105, przy zwrocie pieni\u0119dzy zostanie potr\u0105cona prowizja\u00a0<\/span><strong style=\"color: #ff0000;\">DOTPAY<\/strong><span style=\"color: #ff0000;\">!<\/span><\/span><\/p>\n<p class=\"MsoNormal\"><span lang=\"EN-US\">Kompozycja destylat\u00f3w le\u017cakuj\u0105cych \u015brednio 15 lat, zamkni\u0119ta w oryginalnej butelce, stylistyk\u0105 nawi\u0105zuj\u0105cej do antycznych wzor\u00f3w z wyspy Rodos. Ten bursztynowy trunek wyr\u00f3\u017cnia delikatny aromat drewna z g\u0142adk\u0105 nut\u0105 wanilii Metaxa Grande Fine to ponad 2000 godzin s\u0142o\u0144ca zamkni\u0119tych w ka\u017cdej butelce oraz d\u0142ugie lata pracy po\u015bwi\u0119cone na jej przygotowanie.<\/span><\/p>\n","protected":false},"excerpt":{"rendered":"<p>Kompozycja destylat\u00f3w le\u017cakuj\u0105cych \u015brednio 15 lat, zamkni\u0119ta w oryginalnej butelce, stylistyk\u0105 nawi\u0105zuj\u0105cej do antycznych wzor\u00f3w z wyspy Rodos. Ten bursztynowy trunek wyr\u00f3\u017cnia delikatny aromat drewna z g\u0142adk\u0105 nut\u0105 wanilii Metaxa Grande Fine to ponad &#8230;<\/p>\n","protected":false},"featured_media":13500,"comment_status":"open","ping_status":"closed","template":"","meta":[],"product_cat":[142,146,145,147],"product_tag":[],"class_list":{"0":"post-13501","1":"product","2":"type-product","3":"status-publish","4":"has-post-thumbnail","6":"product_cat-alkohole-mocne","7":"product_cat-armagnac-i-brandy","8":"product_cat-cognac","9":"product_cat-grecja","11":"first","12":"instock","13":"shipping-taxable","14":"purchasable","15":"product-type-simple"},"_links":{"self":[{"href":"http:\/\/delikatesy.wineport.pl\/index.php?rest_route=\/wp\/v2\/product\/13501","targetHints":{"allow":["GET"]}}],"collection":[{"href":"http:\/\/delikatesy.wineport.pl\/index.php?rest_route=\/wp\/v2\/product"}],"about":[{"href":"http:\/\/delikatesy.wineport.pl\/index.php?rest_route=\/wp\/v2\/types\/product"}],"replies":[{"embeddable":true,"href":"http:\/\/delikatesy.wineport.pl\/index.php?rest_route=%2Fwp%2Fv2%2Fcomments&post=13501"}],"wp:featuredmedia":[{"embeddable":true,"href":"http:\/\/delikatesy.wineport.pl\/index.php?rest_route=\/wp\/v2\/media\/13500"}],"wp:attachment":[{"href":"http:\/\/delikatesy.wineport.pl\/index.php?rest_route=%2Fwp%2Fv2%2Fmedia&parent=13501"}],"wp:term":[{"taxonomy":"product_cat","embeddable":true,"href":"http:\/\/delikatesy.wineport.pl\/index.php?rest_route=%2Fwp%2Fv2%2Fproduct_cat&post=13501"},{"taxonomy":"product_tag","embeddable":true,"href":"http:\/\/delikatesy.wineport.pl\/index.php?rest_route=%2Fwp%2Fv2%2Fproduct_tag&post=13501"}],"curies":[{"name":"wp","href":"https:\/\/api.w.org\/{rel}","templated":true}]}}