{"id":13511,"date":"2024-03-14T13:45:15","date_gmt":"2024-03-14T12:45:15","guid":{"rendered":"http:\/\/delikatesy.wineport.pl\/?product=gekkeikan-sake-black-gold-075l"},"modified":"2026-05-17T21:05:01","modified_gmt":"2026-05-17T19:05:01","slug":"gekkeikan-sake-black-gold-075l","status":"publish","type":"product","link":"http:\/\/delikatesy.wineport.pl\/?product=gekkeikan-sake-black-gold-075l","title":{"rendered":"GEKKEIKAN Sake Black &#038; Gold 0,75L"},"content":{"rendered":"<p class=\"MsoNormal\"><span style=\"color: #ff0000;\">UWAGA!!! NIE WYSY\u0141AMY ALKOHOLU KURIEREM W PRZYPADKU ZAM\u00d3WIE\u0143 OD OS\u00d3B PRYWATNYCH, TYLKO ODBI\u00d3R OSOBISTY NA UL. \u015aW. STANIS\u0141AWA 12 W WARSZAWIE!!! W przypadku op\u0142acenia zam\u00f3wienia alkoholu z wysy\u0142k\u0105, przy zwrocie pieni\u0119dzy zostanie potr\u0105cona prowizja\u00a0<\/span><strong style=\"color: #ff0000;\">DOTPAY<\/strong><span style=\"color: #ff0000;\">!<\/span><\/p>\n<p class=\"MsoNormal\">Specjalna mieszanka dw\u00f3ch sake, starannie dobranych przez mistrza browarnictwa dla nadania niepowtarzalnego, z\u0142o\u017conego, bogatego stylu.Zawarto\u015b\u0107 alkoholu: 15,6 % mieszanka ry\u017cu\u00a0mielonego 30% i 40%. Nutki rosy miodowej, papai, any\u017cu i orzech\u00f3w pra\u017conych, szlachetnych z d\u0142ugotrwa\u0142ym, \u0142agodnym wyko\u0144czeniem. Sake wysoce wszechstronne pod wzgl\u0119dem potraw, uzupe\u0142nia pieczonego kurczaka lub wieprzowin\u0119, ma\u0142\u017ce, kaczk\u0119 i przyrz\u0105dzane na parze owoce morza.<\/p>\n","protected":false},"excerpt":{"rendered":"<p>Specjalna mieszanka dw\u00f3ch sake, starannie dobranych przez mistrza browarnictwa dla nadania niepowtarzalnego, z\u0142o\u017conego, bogatego stylu.Zawarto\u015b\u0107 alkoholu: 15,6 % mieszanka ry\u017cu mielonego 30% i 40%. Nutki rosy miodowej, papai, any\u017cu i orzech\u00f3w pra\u017cony&#8230;<\/p>\n","protected":false},"featured_media":13510,"comment_status":"open","ping_status":"closed","template":"","meta":[],"product_cat":[141,80],"product_tag":[],"class_list":{"0":"post-13511","1":"product","2":"type-product","3":"status-publish","4":"has-post-thumbnail","6":"product_cat-japonia","7":"product_cat-wina-swiata","9":"first","10":"instock","11":"shipping-taxable","12":"purchasable","13":"product-type-simple"},"_links":{"self":[{"href":"http:\/\/delikatesy.wineport.pl\/index.php?rest_route=\/wp\/v2\/product\/13511","targetHints":{"allow":["GET"]}}],"collection":[{"href":"http:\/\/delikatesy.wineport.pl\/index.php?rest_route=\/wp\/v2\/product"}],"about":[{"href":"http:\/\/delikatesy.wineport.pl\/index.php?rest_route=\/wp\/v2\/types\/product"}],"replies":[{"embeddable":true,"href":"http:\/\/delikatesy.wineport.pl\/index.php?rest_route=%2Fwp%2Fv2%2Fcomments&post=13511"}],"wp:featuredmedia":[{"embeddable":true,"href":"http:\/\/delikatesy.wineport.pl\/index.php?rest_route=\/wp\/v2\/media\/13510"}],"wp:attachment":[{"href":"http:\/\/delikatesy.wineport.pl\/index.php?rest_route=%2Fwp%2Fv2%2Fmedia&parent=13511"}],"wp:term":[{"taxonomy":"product_cat","embeddable":true,"href":"http:\/\/delikatesy.wineport.pl\/index.php?rest_route=%2Fwp%2Fv2%2Fproduct_cat&post=13511"},{"taxonomy":"product_tag","embeddable":true,"href":"http:\/\/delikatesy.wineport.pl\/index.php?rest_route=%2Fwp%2Fv2%2Fproduct_tag&post=13511"}],"curies":[{"name":"wp","href":"https:\/\/api.w.org\/{rel}","templated":true}]}}