{"id":13513,"date":"2024-03-14T13:45:15","date_gmt":"2024-03-14T12:45:15","guid":{"rendered":"http:\/\/delikatesy.wineport.pl\/?product=gekkeikan-traditional-sake-750ml"},"modified":"2026-05-10T18:57:58","modified_gmt":"2026-05-10T16:57:58","slug":"gekkeikan-traditional-sake-750ml","status":"publish","type":"product","link":"http:\/\/delikatesy.wineport.pl\/?product=gekkeikan-traditional-sake-750ml","title":{"rendered":"GEKKEIKAN Traditional Sake 750ml"},"content":{"rendered":"<p class=\"MsoNormal\"><span style=\"color: #ff0000;\">UWAGA!!! NIE WYSY\u0141AMY ALKOHOLU KURIEREM W PRZYPADKU ZAM\u00d3WIE\u0143 OD OS\u00d3B PRYWATNYCH, TYLKO ODBI\u00d3R OSOBISTY NA UL. \u015aW. STANIS\u0141AWA 12 W WARSZAWIE!!! W przypadku op\u0142acenia zam\u00f3wienia alkoholu z wysy\u0142k\u0105, przy zwrocie pieni\u0119dzy zostanie potr\u0105cona prowizja\u00a0<\/span><strong style=\"color: #ff0000;\">DOTPAY<\/strong><span style=\"color: #ff0000;\">!<\/span><\/p>\n<p class=\"MsoNormal\">Flagowa sake Gekkeikana stylu Junmai. Najbardziej popularna sake Junmai w USA i na \u015bwiecie. Zawarto\u015b\u0107 alkoholu: 14,6 % ry\u017c mielony 30%\u00a0Bukiet zio\u0142owy z nut\u0105 grejpfruta, dobra kwasowo\u015b\u0107 i mineralno\u015b\u0107 z czystym wyko\u0144czeniem. Podawane po ogrzaniu lub sch\u0142odzone, stanowi doskona\u0142y dodatek do owoc\u00f3w morza, tempura, da\u0144 ze \u015bwie\u017cych warzyw zielonych lub nawet serwowanych jako marynaty.<\/p>\n","protected":false},"excerpt":{"rendered":"<p>Flagowa sake Gekkeikana stylu Junmai. Najbardziej popularna sake Junmai w USA i na \u015bwiecie. Zawarto\u015b\u0107 alkoholu: 14,6 % ry\u017c mielony 30% Bukiet zio\u0142owy z nut\u0105 grejpfruta, dobra kwasowo\u015b\u0107 i mineralno\u015b\u0107 z czystym wyko\u0144czeniem. Podawane po ogrzaniu lub sc&#8230;<\/p>\n","protected":false},"featured_media":13512,"comment_status":"open","ping_status":"closed","template":"","meta":[],"product_cat":[141,80],"product_tag":[],"class_list":{"0":"post-13513","1":"product","2":"type-product","3":"status-publish","4":"has-post-thumbnail","6":"product_cat-japonia","7":"product_cat-wina-swiata","9":"first","10":"instock","11":"shipping-taxable","12":"purchasable","13":"product-type-simple"},"_links":{"self":[{"href":"http:\/\/delikatesy.wineport.pl\/index.php?rest_route=\/wp\/v2\/product\/13513","targetHints":{"allow":["GET"]}}],"collection":[{"href":"http:\/\/delikatesy.wineport.pl\/index.php?rest_route=\/wp\/v2\/product"}],"about":[{"href":"http:\/\/delikatesy.wineport.pl\/index.php?rest_route=\/wp\/v2\/types\/product"}],"replies":[{"embeddable":true,"href":"http:\/\/delikatesy.wineport.pl\/index.php?rest_route=%2Fwp%2Fv2%2Fcomments&post=13513"}],"wp:featuredmedia":[{"embeddable":true,"href":"http:\/\/delikatesy.wineport.pl\/index.php?rest_route=\/wp\/v2\/media\/13512"}],"wp:attachment":[{"href":"http:\/\/delikatesy.wineport.pl\/index.php?rest_route=%2Fwp%2Fv2%2Fmedia&parent=13513"}],"wp:term":[{"taxonomy":"product_cat","embeddable":true,"href":"http:\/\/delikatesy.wineport.pl\/index.php?rest_route=%2Fwp%2Fv2%2Fproduct_cat&post=13513"},{"taxonomy":"product_tag","embeddable":true,"href":"http:\/\/delikatesy.wineport.pl\/index.php?rest_route=%2Fwp%2Fv2%2Fproduct_tag&post=13513"}],"curies":[{"name":"wp","href":"https:\/\/api.w.org\/{rel}","templated":true}]}}