{"id":13646,"date":"2024-03-14T13:46:13","date_gmt":"2024-03-14T12:46:13","guid":{"rendered":"http:\/\/delikatesy.wineport.pl\/?product=wino-chianti-docg-querceto-075l"},"modified":"2026-05-17T21:08:03","modified_gmt":"2026-05-17T19:08:03","slug":"wino-chianti-docg-querceto-075l","status":"publish","type":"product","link":"http:\/\/delikatesy.wineport.pl\/?product=wino-chianti-docg-querceto-075l","title":{"rendered":"Wino Chianti Docg Querceto 0,75L"},"content":{"rendered":"<p><span style=\"color: #ff0000;\">UWAGA!!! NIE WYSY\u0141AMY ALKOHOLU KURIEREM W PRZYPADKU ZAM\u00d3WIE\u0143 OD OS\u00d3B PRYWATNYCH, TYLKO ODBI\u00d3R OSOBISTY NA UL. \u015aW. STANIS\u0141AWA 12 W WARSZAWIE!!! W przypadku op\u0142acenia zam\u00f3wienia alkoholu z wysy\u0142k\u0105, przy zwrocie pieni\u0119dzy zostanie potr\u0105cona prowizja\u00a0<\/span><strong style=\"color: #ff0000;\">DOTPAY<\/strong><span style=\"color: #ff0000;\">!<\/span><\/p>\n<p>To z pewno\u015bci\u0105 jedno z najbardziej znanych win na \u015bwiecie, mi\u0119dzy innymi dzi\u0119ki swemu oryginalnemu smakowi wsp\u00f3\u0142graj\u0105cemu z daniami kuchni r\u00f3\u017cnych kraj\u00f3w. Produkuje si\u0119 je w samym sercu Toskanii w malowniczym miejscu jakim jest Greve in Chianti, z winogron Sangiovese i Canaiolo i Trebbiano. Ma intensywn\u0105, ciemnoczerwon\u0105 barw\u0119, odpowiedni\u0105 konsystencj\u0119 i bukiet o d\u0142ugotrwa\u0142ym wyko\u0144czeniu, z nut\u0105 wi\u015bni i przypraw. Jest to orze\u017awiaj\u0105ce, delikatne wino o harmonijnych walorach smakowych. Rozlewnia tego wina znajduje si\u0119 w podziemiach XV wiecznego zamku kt\u00f3ry ze wszystkich stron otaczaj\u0105 winnice i gaje oliwne. Producentem tego Chianti jest\u00a0Castello di Querceto ma\u0142a rodzinna firma w Chianti Classico kt\u00f3ra produkuje wina od wielu pokole\u0144.\u00a0Idealnie do pizzy i wszelkich w\u0142oskich potraw z makaronem. \u00a0Najlepiej podawa\u0107 w temperaturze 18\u00baC.\u00a0<\/p>\n<div>\u00a0<\/div>\n<div>\u00a0<\/div>\n<div>\u00a0<\/div>\n","protected":false},"excerpt":{"rendered":"<p>To z pewno\u015bci\u0105 jedno z najbardziej znanych win na \u015bwiecie, mi\u0119dzy innymi dzi\u0119ki swemu oryginalnemu smakowi wsp\u00f3\u0142graj\u0105cemu z daniami kuchni r\u00f3\u017cnych kraj\u00f3w. Produkuje si\u0119 je w samym sercu Toskanii, na wzg\u00f3rzach Montalbano, z winogron Sangiovese i Canai&#8230;<\/p>\n","protected":false},"featured_media":13645,"comment_status":"open","ping_status":"closed","template":"","meta":[],"product_cat":[80,95,96],"product_tag":[],"class_list":{"0":"post-13646","1":"product","2":"type-product","3":"status-publish","4":"has-post-thumbnail","6":"product_cat-wina-swiata","7":"product_cat-wlochy","8":"product_cat-wlochy-toscania","10":"first","11":"instock","12":"shipping-taxable","13":"purchasable","14":"product-type-simple"},"_links":{"self":[{"href":"http:\/\/delikatesy.wineport.pl\/index.php?rest_route=\/wp\/v2\/product\/13646","targetHints":{"allow":["GET"]}}],"collection":[{"href":"http:\/\/delikatesy.wineport.pl\/index.php?rest_route=\/wp\/v2\/product"}],"about":[{"href":"http:\/\/delikatesy.wineport.pl\/index.php?rest_route=\/wp\/v2\/types\/product"}],"replies":[{"embeddable":true,"href":"http:\/\/delikatesy.wineport.pl\/index.php?rest_route=%2Fwp%2Fv2%2Fcomments&post=13646"}],"wp:featuredmedia":[{"embeddable":true,"href":"http:\/\/delikatesy.wineport.pl\/index.php?rest_route=\/wp\/v2\/media\/13645"}],"wp:attachment":[{"href":"http:\/\/delikatesy.wineport.pl\/index.php?rest_route=%2Fwp%2Fv2%2Fmedia&parent=13646"}],"wp:term":[{"taxonomy":"product_cat","embeddable":true,"href":"http:\/\/delikatesy.wineport.pl\/index.php?rest_route=%2Fwp%2Fv2%2Fproduct_cat&post=13646"},{"taxonomy":"product_tag","embeddable":true,"href":"http:\/\/delikatesy.wineport.pl\/index.php?rest_route=%2Fwp%2Fv2%2Fproduct_tag&post=13646"}],"curies":[{"name":"wp","href":"https:\/\/api.w.org\/{rel}","templated":true}]}}