{"id":13648,"date":"2024-03-14T13:46:13","date_gmt":"2024-03-14T12:46:13","guid":{"rendered":"http:\/\/delikatesy.wineport.pl\/?product=chianti-classico-le-capanne-d-o-c-g-075l"},"modified":"2026-05-10T19:00:11","modified_gmt":"2026-05-10T17:00:11","slug":"chianti-classico-le-capanne-d-o-c-g-075l","status":"publish","type":"product","link":"http:\/\/delikatesy.wineport.pl\/?product=chianti-classico-le-capanne-d-o-c-g-075l","title":{"rendered":"Chianti Classico Le Capanne D.O.C.G 0,75L"},"content":{"rendered":"<p><span style=\"color: #ff0000;\">UWAGA!!! NIE WYSY\u0141AMY ALKOHOLU KURIEREM W PRZYPADKU ZAM\u00d3WIE\u0143 OD OS\u00d3B PRYWATNYCH, TYLKO ODBI\u00d3R OSOBISTY NA UL. \u015aW. STANIS\u0141AWA 12 W WARSZAWIE!!! W przypadku op\u0142acenia zam\u00f3wienia alkoholu z wysy\u0142k\u0105, przy zwrocie pieni\u0119dzy zostanie potr\u0105cona prowizja\u00a0<\/span><strong style=\"color: #ff0000;\">DOTPAY<\/strong><span style=\"color: #ff0000;\">!<\/span><\/p>\n<p>Chianti Le Capanne to wino o \u015brednim ciele, idealnie zr\u00f3wnowa\u017cone i atrakcyjne w smaku. \u015awietny kompan do da\u0144 z drobiu, ser\u00f3w oraz makaron\u00f3w. Produkuje si\u0119 je w samym sercu Toskanii w malowniczym miejscu jakim jest Greve in Chianti w Chianti Classico, z winogron Sangiovese 85% i Canaiolo 10% i Trebbiano 5%. Rozlewnia tego wina znajduje si\u0119 w podziemiach XV wiecznego zamku kt\u00f3ry ze wszystkich stron otaczaj\u0105 winnice i gaje oliwne. Producentem tego Chianti jest\u00a0Castello di Querceto ma\u0142a rodzinna firma w Chianti Classico kt\u00f3ra produkuje wina od wielu pokole\u0144. Wino idealnie komponuje si\u0119 z czerwonymi mi\u0119sami szczeg\u00f3lnie dziczyzn\u0105.\u00a0Najlepiej podawa\u0107 w temperaturze 18\u00baC.<\/p>\n","protected":false},"excerpt":{"rendered":"<p><span style=\"color: #ff0000;\">UWAGA!!! NIE WYSY\u0141AMY ALKOHOLU KURIEREM W PRZYPADKU ZAM\u00d3WIE\u0143 OD OS\u00d3B PRYWATNYCH, TYLKO ODBI\u00d3R OSOBISTY NA UL. \u015aW. STANIS\u0141AWA 12 W WARSZAWIE!!! W przypadku op\u0142acenia zam\u00f3wienia alkoholu z wysy\u0142k\u0105, przy zwrocie pieni\u0119dzy zostanie potr\u0105cona prowizja\u00a0<\/span><strong style=\"color: #ff0000;\">DOTPAY<\/strong><span style=\"color: #ff0000;\">!<\/span><\/p>\n<p>Chianti Le Capanne to wino o \u015brednim ciele, idealnie zr\u00f3wnowa\u017cone i atrakcyjne w smaku. \u015awietny kompan do da\u0144 z drobiu, ser\u00f3w oraz makaron\u00f3w. Produkuje si\u0119 je w samym sercu Toskanii w malowniczym miejscu jakim jest Greve in Chianti w Chianti Classico, z winogron Sangiovese 85% i Canaiolo 10% i Trebbiano 5%. Rozlewnia tego wina znajduje si\u0119 w podziemiach XV wiecznego zamku kt\u00f3ry ze wszystkich stron otaczaj\u0105 winnice i gaje oliwne. Producentem tego Chianti jest\u00a0Castello di Querceto ma\u0142a rodzinna firma w Chianti Classico kt\u00f3ra produkuje wina od wielu pokole\u0144. Wino idealnie komponuje si\u0119 z czerwonymi mi\u0119sami szczeg\u00f3lnie dziczyzn\u0105.\u00a0Najlepiej podawa\u0107 w temperaturze 18\u00baC.<\/p>\n","protected":false},"featured_media":13647,"comment_status":"open","ping_status":"closed","template":"","meta":[],"product_cat":[80,95,96],"product_tag":[],"class_list":{"0":"post-13648","1":"product","2":"type-product","3":"status-publish","4":"has-post-thumbnail","6":"product_cat-wina-swiata","7":"product_cat-wlochy","8":"product_cat-wlochy-toscania","10":"first","11":"instock","12":"shipping-taxable","13":"purchasable","14":"product-type-simple"},"_links":{"self":[{"href":"http:\/\/delikatesy.wineport.pl\/index.php?rest_route=\/wp\/v2\/product\/13648","targetHints":{"allow":["GET"]}}],"collection":[{"href":"http:\/\/delikatesy.wineport.pl\/index.php?rest_route=\/wp\/v2\/product"}],"about":[{"href":"http:\/\/delikatesy.wineport.pl\/index.php?rest_route=\/wp\/v2\/types\/product"}],"replies":[{"embeddable":true,"href":"http:\/\/delikatesy.wineport.pl\/index.php?rest_route=%2Fwp%2Fv2%2Fcomments&post=13648"}],"wp:featuredmedia":[{"embeddable":true,"href":"http:\/\/delikatesy.wineport.pl\/index.php?rest_route=\/wp\/v2\/media\/13647"}],"wp:attachment":[{"href":"http:\/\/delikatesy.wineport.pl\/index.php?rest_route=%2Fwp%2Fv2%2Fmedia&parent=13648"}],"wp:term":[{"taxonomy":"product_cat","embeddable":true,"href":"http:\/\/delikatesy.wineport.pl\/index.php?rest_route=%2Fwp%2Fv2%2Fproduct_cat&post=13648"},{"taxonomy":"product_tag","embeddable":true,"href":"http:\/\/delikatesy.wineport.pl\/index.php?rest_route=%2Fwp%2Fv2%2Fproduct_tag&post=13648"}],"curies":[{"name":"wp","href":"https:\/\/api.w.org\/{rel}","templated":true}]}}