{"id":13652,"date":"2024-03-14T13:46:14","date_gmt":"2024-03-14T12:46:14","guid":{"rendered":"http:\/\/delikatesy.wineport.pl\/?product=valpolicella-superiore-ripasso-almadi-075l"},"modified":"2026-05-10T19:00:12","modified_gmt":"2026-05-10T17:00:12","slug":"valpolicella-superiore-ripasso-almadi-075l","status":"publish","type":"product","link":"http:\/\/delikatesy.wineport.pl\/?product=valpolicella-superiore-ripasso-almadi-075l","title":{"rendered":"Valpolicella Superiore Ripasso Almadi 0,75l"},"content":{"rendered":"<p><span style=\"color: #ff0000;\">UWAGA!!! NIE WYSY\u0141AMY ALKOHOLU KURIEREM W PRZYPADKU ZAM\u00d3WIE\u0143 OD OS\u00d3B PRYWATNYCH, TYLKO ODBI\u00d3R OSOBISTY NA UL. \u015aW. STANIS\u0141AWA 12 W WARSZAWIE!!! W przypadku op\u0142acenia zam\u00f3wienia alkoholu z wysy\u0142k\u0105, przy zwrocie pieni\u0119dzy zostanie potr\u0105cona prowizja\u00a0<\/span><strong style=\"color: #ff0000;\">DOTPAY<\/strong><span style=\"color: #ff0000;\">!<\/span><\/p>\n<p>Wspania\u0142e Ripasso! Nowa klasa wina powstaj\u0105ca w wyniku ponownej fermentacji Valpolicelli Classico Superiore po po\u0142\u0105czeniu jej z wyci\u015bni\u0119tym sokiem z cz\u0119\u015bci gron przeznaczonych do produkcji Amarone. Dzi\u0119ki takiemu procesowi powstaje doskona\u0142e wino charakterem zbli\u017cone do Amarone. Dojrzewa 10-12 miesi\u0119cy w beczkach z d\u0119bu. Nast\u0119pnie doskonali swoj\u0105 szlachetno\u015b\u0107 przez kolejne 6 miesi\u0119cy le\u017cakuj\u0105c w butelkach. Jest t\u0119gim i d\u0142ugowiecznym winem, przyjemnie aksamitnym, oferuj\u0105cym aromaty le\u015bnych owoc\u00f3w i korzennych przypraw. Temp. serw. 18 stopni C. Grona: Corvina (70%), Rondinella (25%) and Molinara (5%). Valpolicella Superiore Ripasso Almadi zosta\u0142a doceniona na konkursie Somelier Wine Awards w 2014r, wino otrzyma\u0142o z\u0142oty medal na tym konkursie!<\/p>\n<h1 style=\"color: #111111; font-size: 22px; font-family: Georgia, 'Times New Roman', Times, serif;\">\u00a0<\/h1>\n","protected":false},"excerpt":{"rendered":"<p>Wspania\u0142e Ripasso! Nowa klasa wina powstaj\u0105ca w wyniku ponownej fermentacji Valpolicelli Classico Superiore po po\u0142\u0105czeniu jej z wyci\u015bni\u0119tym sokiem z cz\u0119\u015bci gron przeznaczonych do produkcji Amarone. Dzi\u0119ki takiemu procesowi powstaje doskona\u0142e wino cha&#8230;<\/p>\n","protected":false},"featured_media":13651,"comment_status":"open","ping_status":"closed","template":"","meta":[],"product_cat":[80,95,97],"product_tag":[],"class_list":{"0":"post-13652","1":"product","2":"type-product","3":"status-publish","4":"has-post-thumbnail","6":"product_cat-wina-swiata","7":"product_cat-wlochy","8":"product_cat-wlochy-veneto","10":"first","11":"instock","12":"shipping-taxable","13":"purchasable","14":"product-type-simple"},"_links":{"self":[{"href":"http:\/\/delikatesy.wineport.pl\/index.php?rest_route=\/wp\/v2\/product\/13652","targetHints":{"allow":["GET"]}}],"collection":[{"href":"http:\/\/delikatesy.wineport.pl\/index.php?rest_route=\/wp\/v2\/product"}],"about":[{"href":"http:\/\/delikatesy.wineport.pl\/index.php?rest_route=\/wp\/v2\/types\/product"}],"replies":[{"embeddable":true,"href":"http:\/\/delikatesy.wineport.pl\/index.php?rest_route=%2Fwp%2Fv2%2Fcomments&post=13652"}],"wp:featuredmedia":[{"embeddable":true,"href":"http:\/\/delikatesy.wineport.pl\/index.php?rest_route=\/wp\/v2\/media\/13651"}],"wp:attachment":[{"href":"http:\/\/delikatesy.wineport.pl\/index.php?rest_route=%2Fwp%2Fv2%2Fmedia&parent=13652"}],"wp:term":[{"taxonomy":"product_cat","embeddable":true,"href":"http:\/\/delikatesy.wineport.pl\/index.php?rest_route=%2Fwp%2Fv2%2Fproduct_cat&post=13652"},{"taxonomy":"product_tag","embeddable":true,"href":"http:\/\/delikatesy.wineport.pl\/index.php?rest_route=%2Fwp%2Fv2%2Fproduct_tag&post=13652"}],"curies":[{"name":"wp","href":"https:\/\/api.w.org\/{rel}","templated":true}]}}