{"id":13656,"date":"2024-03-14T13:46:15","date_gmt":"2024-03-14T12:46:15","guid":{"rendered":"http:\/\/delikatesy.wineport.pl\/?product=amarone-della-valpolicella-docg-classico-almadi-075l"},"modified":"2026-05-10T19:00:13","modified_gmt":"2026-05-10T17:00:13","slug":"amarone-della-valpolicella-docg-classico-almadi-075l","status":"publish","type":"product","link":"http:\/\/delikatesy.wineport.pl\/?product=amarone-della-valpolicella-docg-classico-almadi-075l","title":{"rendered":"Amarone della Valpolicella DOCG Classico Almadi 0,75L"},"content":{"rendered":"<p><span style=\"color: #ff0000;\">UWAGA!!! NIE WYSY\u0141AMY ALKOHOLU KURIEREM W PRZYPADKU ZAM\u00d3WIE\u0143 OD OS\u00d3B PRYWATNYCH, TYLKO ODBI\u00d3R OSOBISTY NA UL. \u015aW. STANIS\u0141AWA 12 W WARSZAWIE!!! W przypadku op\u0142acenia zam\u00f3wienia alkoholu z wysy\u0142k\u0105, przy zwrocie pieni\u0119dzy zostanie potr\u0105cona prowizja\u00a0<\/span><strong style=\"color: #ff0000;\">DOTPAY<\/strong><span style=\"color: #ff0000;\">!<\/span><\/p>\n<p>Amarone della Valpolicella DOC Classico Almadi 0,75L<br \/>Najwy\u017cszej klasy wino czerwone otrzymane z winogron odmiany Corvina, Rondinella i Molinara. D\u0142ugi i skomplikowany proces produkcji tego wina wymaga podsuszenia winogron przed ich wyciskaniem i starzeniem. Ten unikalny spos\u00f3b produkcji przetrwa\u0142 stulecia pr\u00f3b i degustacji, co sprawia, \u017ce Amarone jest prawdziwym klasykiem w\u015br\u00f3d win. Podczas nalewania wino uwalnia eteryczn\u0105, pomara\u0144czow\u0105 aur\u0119 roz\u015bwietlaj\u0105c\u0105 wn\u0119trze kieliszka ciep\u0142\u0105 barw\u0105. W winie tym czu\u0107 wi\u015bnie lukrecje i ciemn\u0105 czekolad\u0119, wyczuwalne jedwabiste taniny i bardzo dlugi finisz z nut\u0105 cynamonu. Tak wybitne wino smakuje najlepiej, gdy ma czas odetchn\u0105\u0107. Podawa\u0107 w temperaturze 20C, jako uzupe\u0142nienie najwykwintniejszych\u00a0da\u0144 mi\u0119snych szczeg\u00f3lnie tych z dziczyzny.\u00a0<\/p>\n<p>\u00a0<\/p>\n<p>\u00a0<\/p>\n","protected":false},"excerpt":{"rendered":"<p><span style=\"color: #ff0000;\">UWAGA!!! NIE WYSY\u0141AMY ALKOHOLU KURIEREM W PRZYPADKU ZAM\u00d3WIE\u0143 OD OS\u00d3B PRYWATNYCH, TYLKO ODBI\u00d3R OSOBISTY NA UL. \u015aW. STANIS\u0141AWA 12 W WARSZAWIE!!! W przypadku op\u0142acenia zam\u00f3wienia alkoholu z wysy\u0142k\u0105, przy zwrocie pieni\u0119dzy zostanie potr\u0105cona prowizja\u00a0<\/span><strong style=\"color: #ff0000;\">DOTPAY<\/strong><span style=\"color: #ff0000;\">!<\/span><\/p>\n<p>Amarone della Valpolicella DOC Classico Almadi 0,75L<br \/>Najwy\u017cszej klasy wino czerwone otrzymane z winogron odmiany Corvina, Rondinella i Molinara. D\u0142ugi i skomplikowany proces produkcji tego wina wymaga podsuszenia winogron przed ich wyciskaniem i starzeniem. Ten unikalny spos\u00f3b produkcji przetrwa\u0142 stulecia pr\u00f3b i degustacji, co sprawia, \u017ce Amarone jest prawdziwym klasykiem w\u015br\u00f3d win. Podczas nalewania wino uwalnia eteryczn\u0105, pomara\u0144czow\u0105 aur\u0119 roz\u015bwietlaj\u0105c\u0105 wn\u0119trze kieliszka ciep\u0142\u0105 barw\u0105. W winie tym czu\u0107 wi\u015bnie lukrecje i ciemn\u0105 czekolad\u0119, wyczuwalne jedwabiste taniny i bardzo dlugi finisz z nut\u0105 cynamonu. Tak wybitne wino smakuje najlepiej, gdy ma czas odetchn\u0105\u0107. Podawa\u0107 w temperaturze 20C, jako uzupe\u0142nienie najwykwintniejszych\u00a0da\u0144 mi\u0119snych szczeg\u00f3lnie tych z dziczyzny.\u00a0<\/p>\n","protected":false},"featured_media":13655,"comment_status":"open","ping_status":"closed","template":"","meta":[],"product_cat":[80,95,97],"product_tag":[],"class_list":{"0":"post-13656","1":"product","2":"type-product","3":"status-publish","4":"has-post-thumbnail","6":"product_cat-wina-swiata","7":"product_cat-wlochy","8":"product_cat-wlochy-veneto","10":"first","11":"instock","12":"shipping-taxable","13":"purchasable","14":"product-type-simple"},"_links":{"self":[{"href":"http:\/\/delikatesy.wineport.pl\/index.php?rest_route=\/wp\/v2\/product\/13656","targetHints":{"allow":["GET"]}}],"collection":[{"href":"http:\/\/delikatesy.wineport.pl\/index.php?rest_route=\/wp\/v2\/product"}],"about":[{"href":"http:\/\/delikatesy.wineport.pl\/index.php?rest_route=\/wp\/v2\/types\/product"}],"replies":[{"embeddable":true,"href":"http:\/\/delikatesy.wineport.pl\/index.php?rest_route=%2Fwp%2Fv2%2Fcomments&post=13656"}],"wp:featuredmedia":[{"embeddable":true,"href":"http:\/\/delikatesy.wineport.pl\/index.php?rest_route=\/wp\/v2\/media\/13655"}],"wp:attachment":[{"href":"http:\/\/delikatesy.wineport.pl\/index.php?rest_route=%2Fwp%2Fv2%2Fmedia&parent=13656"}],"wp:term":[{"taxonomy":"product_cat","embeddable":true,"href":"http:\/\/delikatesy.wineport.pl\/index.php?rest_route=%2Fwp%2Fv2%2Fproduct_cat&post=13656"},{"taxonomy":"product_tag","embeddable":true,"href":"http:\/\/delikatesy.wineport.pl\/index.php?rest_route=%2Fwp%2Fv2%2Fproduct_tag&post=13656"}],"curies":[{"name":"wp","href":"https:\/\/api.w.org\/{rel}","templated":true}]}}