{"id":13658,"date":"2024-03-14T13:46:15","date_gmt":"2024-03-14T12:46:15","guid":{"rendered":"http:\/\/delikatesy.wineport.pl\/?product=champagne-jean-plener-fils-cuvee-rosee-grand-cru-075l"},"modified":"2026-05-10T19:00:13","modified_gmt":"2026-05-10T17:00:13","slug":"champagne-jean-plener-fils-cuvee-rosee-grand-cru-075l","status":"publish","type":"product","link":"http:\/\/delikatesy.wineport.pl\/?product=champagne-jean-plener-fils-cuvee-rosee-grand-cru-075l","title":{"rendered":"Champagne Jean PLENER Fils Cuv\u00e9e Ros\u00e9e GRAND CRU 0,75L"},"content":{"rendered":"<p>\u00a0<span style=\"color: #ff0000;\">UWAGA!!! NIE WYSY\u0141AMY ALKOHOLU KURIEREM W PRZYPADKU ZAM\u00d3WIE\u0143 OD OS\u00d3B PRYWATNYCH, TYLKO ODBI\u00d3R OSOBISTY NA UL. \u015aW. STANIS\u0141AWA 12 W WARSZAWIE!!! W przypadku op\u0142acenia zam\u00f3wienia alkoholu z wysy\u0142k\u0105, przy zwrocie pieni\u0119dzy zostanie potr\u0105cona prowizja\u00a0<\/span><strong style=\"color: #ff0000;\">DOTPAY<\/strong><span style=\"color: #ff0000;\">!<\/span><\/p>\n<p>Rewelacyjny Szampan klasy Grand Cru, niesamowita relacja jako\u015bci do ceny. Champagne Jean PLENER Fils\u00a0Cuv\u00e9e Ros\u00e9e GRAND CRU\u00a0 jest produkowany w ilo\u015bci tylko 2500 butelek rocznie w rodzinnej firmie. Szampan Cuv\u00e9e Ros\u00e9e Grand Cru \u0142\u0105czy 15% wina Bouzy-Rouge 2011 z Szampanem Brut (70%szczepu Pinot Noir z 30% szczepu Chardonnay). Nasze wino Bouzy-Rouge dojrzewa w d\u0119bowych beczkach. R\u00f3\u017cowa, grejpfrutowa szata z wyj\u0105tkowo subteln\u0105 pienisto\u015bci\u0105 i delikatnymi b\u0105belkami unosz\u0105cymi si\u0119 w nieprzerwanej linii. Szlachetne aromaty truskawki, grejpfruta, migda\u0142\u00f3w i orzech\u00f3w laskowych. Intensywny i dobrze zbudowany, posiada dobr\u0105 r\u00f3wnowag\u0119 i d\u0142ug\u0105 ko\u0144c\u00f3wk\u0119. Po\u0142\u0105czenie intensywno\u015bci gron Pinot Noir z delikatno\u015bci\u0105 gron chardonnay, nasz szampan Cuv\u00e9e Ros\u00e9e odznacza si\u0119 charakterem i mo\u017cna go serwowa\u0107 podczas ca\u0142ego posi\u0142ku. Doskona\u0142y r\u00f3wnie\u017c jako aperitif lub do deseru. 18 miesi\u0119cy dojrzewania na osadzie w naszych piwnicach. R\u0119czne obracanie butelek na pulpitach podobnie jak w przypadku topowych szampan\u00f3w jak Dom Perignon i Krug kt\u00f3re kosztuj\u0105 wielokrotnie wi\u0119cej.\u00a0<br \/>Szampan otrzyma\u0142 wyr\u00f3\u017cnienie od Gilbert &amp; Gaillard 90+ <br \/>Poni\u017cej opinie z blog\u00f3w winiarskich. <br \/>http:\/\/pozatokajem.wordpress.com\/2014\/06\/13\/szampan-jamesa-bonda-i-bouzy-buzz\/<\/p>\n<p>\u00a0<\/p>\n","protected":false},"excerpt":{"rendered":"<p>\u00a0Rewelacyjny Szampan klasy Grand Cru, niesamowita relacja jako\u015bci do ceny. Champagne Jean PLENER Fils\u00a0Cuv\u00e9e Ros\u00e9e GRAND CRU\u00a0 jest produkowany w ilo\u015bci tylko 2500 butelek rocznie w rodzinnej firmie. Szampan Cuv\u00e9e Ros\u00e9e Grand Cru \u0142\u0105czy 15% wina Bouzy-Rouge 2011 z Szampanem Brut (70%szczepu Pinot Noir z 30% szczepu Chardonnay). Nasze wino Bouzy-Rouge dojrzewa w d\u0119bowych beczkach. R\u00f3\u017cowa, grejpfrutowa szata z wyj\u0105tkowo subteln\u0105 pienisto\u015bci\u0105 i delikatnymi b\u0105belkami unosz\u0105cymi si\u0119 w nieprzerwanej linii. Szlachetne aromaty truskawki, grejpfruta, migda\u0142\u00f3w i orzech\u00f3w laskowych. Intensywny i dobrze zbudowany, posiada dobr\u0105 r\u00f3wnowag\u0119 i d\u0142ug\u0105 ko\u0144c\u00f3wk\u0119. Po\u0142\u0105czenie intensywno\u015bci gron Pinot Noir z delikatno\u015bci\u0105 gron chardonnay, nasz szampan Cuv\u00e9e Ros\u00e9e odznacza si\u0119 charakterem i mo\u017cna go serwowa\u0107 podczas ca\u0142ego posi\u0142ku. Doskona\u0142y r\u00f3wnie\u017c jako aperitif lub do deseru. 18 miesi\u0119cy dojrzewania na osadzie w naszych piwnicach. R\u0119czne obracanie butelek na pulpitach podobnie jak w przypadku topowych szampan\u00f3w jak Dom Perignon i Krug kt\u00f3re kosztuj\u0105 wielokrotnie wi\u0119cej.\u00a0<br \/>Szampan otrzyma\u0142 wyr\u00f3\u017cnienie od Gilbert &amp; Gaillard 90+ <br \/>Poni\u017cej opinie z blog\u00f3w winiarskich. <br \/>http:\/\/pozatokajem.wordpress.com\/2014\/06\/13\/szampan-jamesa-bonda-i-bouzy-buzz\/<\/p>\n<p>\u00a0<\/p>\n","protected":false},"featured_media":13657,"comment_status":"open","ping_status":"closed","template":"","meta":[],"product_cat":[83,101,80],"product_tag":[],"class_list":{"0":"post-13658","1":"product","2":"type-product","3":"status-publish","4":"has-post-thumbnail","6":"product_cat-francja","7":"product_cat-francja-szampania","8":"product_cat-wina-swiata","10":"first","11":"instock","12":"shipping-taxable","13":"purchasable","14":"product-type-simple"},"_links":{"self":[{"href":"http:\/\/delikatesy.wineport.pl\/index.php?rest_route=\/wp\/v2\/product\/13658","targetHints":{"allow":["GET"]}}],"collection":[{"href":"http:\/\/delikatesy.wineport.pl\/index.php?rest_route=\/wp\/v2\/product"}],"about":[{"href":"http:\/\/delikatesy.wineport.pl\/index.php?rest_route=\/wp\/v2\/types\/product"}],"replies":[{"embeddable":true,"href":"http:\/\/delikatesy.wineport.pl\/index.php?rest_route=%2Fwp%2Fv2%2Fcomments&post=13658"}],"wp:featuredmedia":[{"embeddable":true,"href":"http:\/\/delikatesy.wineport.pl\/index.php?rest_route=\/wp\/v2\/media\/13657"}],"wp:attachment":[{"href":"http:\/\/delikatesy.wineport.pl\/index.php?rest_route=%2Fwp%2Fv2%2Fmedia&parent=13658"}],"wp:term":[{"taxonomy":"product_cat","embeddable":true,"href":"http:\/\/delikatesy.wineport.pl\/index.php?rest_route=%2Fwp%2Fv2%2Fproduct_cat&post=13658"},{"taxonomy":"product_tag","embeddable":true,"href":"http:\/\/delikatesy.wineport.pl\/index.php?rest_route=%2Fwp%2Fv2%2Fproduct_tag&post=13658"}],"curies":[{"name":"wp","href":"https:\/\/api.w.org\/{rel}","templated":true}]}}