{"id":13670,"date":"2024-03-14T13:46:17","date_gmt":"2024-03-14T12:46:17","guid":{"rendered":"http:\/\/delikatesy.wineport.pl\/?product=wino-tre-fattori-barbera-dalba-doc-075l"},"modified":"2026-05-10T19:00:16","modified_gmt":"2026-05-10T17:00:16","slug":"wino-tre-fattori-barbera-dalba-doc-075l","status":"publish","type":"product","link":"http:\/\/delikatesy.wineport.pl\/?product=wino-tre-fattori-barbera-dalba-doc-075l","title":{"rendered":"Wino Tre Fattori Barbera D&#8217;Alba DOC 0,75L"},"content":{"rendered":"<ul style=\"font-family: Verdana; font-size: 11px;\">\n<li><span style=\"color: #ff0000;\">UWAGA!!! NIE WYSY\u0141AMY ALKOHOLU KURIEREM W PRZYPADKU ZAM\u00d3WIE\u0143 OD OS\u00d3B PRYWATNYCH, TYLKO ODBI\u00d3R OSOBISTY NA UL. \u015aW. STANIS\u0141AWA 12 W WARSZAWIE!!! W przypadku op\u0142acenia zam\u00f3wienia alkoholu z wysy\u0142k\u0105, przy zwrocie pieni\u0119dzy zostanie potr\u0105cona prowizja\u00a0<\/span><strong style=\"color: #ff0000;\">DOTPAY<\/strong><span style=\"color: #ff0000;\">!<\/span><\/li>\n<li>harmonijne,dojrza\u0142e\u00a0bardzo intensywny zapach wi\u015bni\u00a0przez 12 miesi\u0119cy dojrzewa w beczkach z francuskiego d\u0119bu.\u00a0<\/li>\n<li>\n<p>To wino ma rubinowy kolor i delikatny charakterystyczny bukiet przypominaj\u0105cy kwiat r\u00f3\u017cy. Wino to jest pe\u0142ne cia\u0142a z delikatnymi \u00a0full-bodied gentle tannins with a delikatn\u0105 kwasowo\u015bcia typow\u0105 dla szczepu barbera. Znawcy win z Piemontu wiedz\u0105 ze najlepsze wina ze szczepu barbera sa w\u0142asnie z regionu Alba.\u00a0<\/p>\n<\/li>\n<\/ul>\n","protected":false},"excerpt":{"rendered":"<ul style=\"font-family: Verdana; font-size: 11px;\">\n<li>harmonijne,dojrza\u0142e\u00a0bardzo intensywny zapach wi\u015bni\u00a0przez 12 miesi\u0119cy dojrzewa w beczkach z francuskiego d\u0119bu.\u00a0<\/li>\n<li>\n<p>To wino ma rubinowy kolor i delikatny charakterystyczny bukiet przypominaj\u0105cy kwiat r\u00f3\u017cy. Wino to jest pe\u0142ne cia\u0142a z delikatnymi \u00a0full-bodied gentle tannins with a delikatn\u0105 kwasowo\u015bcia typow\u0105 dla szczepu barbera. Znawcy win z Piemontu wiedz\u0105 ze najlepsze wina ze szczepu barbera sa w\u0142asnie z regionu Alba.\u00a0<\/p>\n<\/li>\n<\/ul>\n","protected":false},"featured_media":13669,"comment_status":"open","ping_status":"closed","template":"","meta":[],"product_cat":[80,95,172],"product_tag":[],"class_list":{"0":"post-13670","1":"product","2":"type-product","3":"status-publish","4":"has-post-thumbnail","6":"product_cat-wina-swiata","7":"product_cat-wlochy","8":"product_cat-wlochy-piemont","10":"first","11":"instock","12":"shipping-taxable","13":"purchasable","14":"product-type-simple"},"_links":{"self":[{"href":"http:\/\/delikatesy.wineport.pl\/index.php?rest_route=\/wp\/v2\/product\/13670","targetHints":{"allow":["GET"]}}],"collection":[{"href":"http:\/\/delikatesy.wineport.pl\/index.php?rest_route=\/wp\/v2\/product"}],"about":[{"href":"http:\/\/delikatesy.wineport.pl\/index.php?rest_route=\/wp\/v2\/types\/product"}],"replies":[{"embeddable":true,"href":"http:\/\/delikatesy.wineport.pl\/index.php?rest_route=%2Fwp%2Fv2%2Fcomments&post=13670"}],"wp:featuredmedia":[{"embeddable":true,"href":"http:\/\/delikatesy.wineport.pl\/index.php?rest_route=\/wp\/v2\/media\/13669"}],"wp:attachment":[{"href":"http:\/\/delikatesy.wineport.pl\/index.php?rest_route=%2Fwp%2Fv2%2Fmedia&parent=13670"}],"wp:term":[{"taxonomy":"product_cat","embeddable":true,"href":"http:\/\/delikatesy.wineport.pl\/index.php?rest_route=%2Fwp%2Fv2%2Fproduct_cat&post=13670"},{"taxonomy":"product_tag","embeddable":true,"href":"http:\/\/delikatesy.wineport.pl\/index.php?rest_route=%2Fwp%2Fv2%2Fproduct_tag&post=13670"}],"curies":[{"name":"wp","href":"https:\/\/api.w.org\/{rel}","templated":true}]}}