{"id":13672,"date":"2024-03-14T13:46:18","date_gmt":"2024-03-14T12:46:18","guid":{"rendered":"http:\/\/delikatesy.wineport.pl\/?product=wino-prosecco-spumante-extra-dry-almadi-doc-075l"},"modified":"2026-05-10T19:00:58","modified_gmt":"2026-05-10T17:00:58","slug":"wino-prosecco-spumante-extra-dry-almadi-doc-075l","status":"publish","type":"product","link":"http:\/\/delikatesy.wineport.pl\/?product=wino-prosecco-spumante-extra-dry-almadi-doc-075l","title":{"rendered":"Wino Prosecco Spumante Extra Dry Almadi DOC 0,75l"},"content":{"rendered":"<p><span style=\"color: #ff0000;\">UWAGA!!! NIE WYSY\u0141AMY ALKOHOLU KURIEREM W PRZYPADKU ZAM\u00d3WIE\u0143 OD OS\u00d3B PRYWATNYCH, TYLKO ODBI\u00d3R OSOBISTY NA UL. \u015aW. STANIS\u0141AWA 12 W WARSZAWIE!!! W przypadku op\u0142acenia zam\u00f3wienia alkoholu z wysy\u0142k\u0105, przy zwrocie pieni\u0119dzy zostanie potr\u0105cona prowizja\u00a0<\/span><strong style=\"color: #ff0000;\">DOTPAY<\/strong><span style=\"color: #ff0000;\">!<\/span><\/p>\n<p>\u015awietne w\u0142oskie Prosecco z Veneto docenione srebrnym medalem na wystawie win w Los Angeles w 2014. Wino te powsta\u0142o w 100% ze szczepu Glera. Piekny s\u0142omkowy kolor, genialna pienisto\u015b\u0107 elegancki nieko\u0144cz\u0105cy si\u0119 strumie\u0144 b\u0105belk\u00f3w. Wytrawny aromat, wino jest pelne cia\u0142a, bardzo \u015bwie\u017ce delikatnie kwaskowe i przyjemnie owocowe.<\/p>\n<p>\u00a0<\/p>\n","protected":false},"excerpt":{"rendered":"<p>\u015awietne w\u0142oskie Prosecco z Veneto docenione srebrnym medalem na wystawie win w Los Angeles w 2014. Wino te powsta\u0142o w 100% ze szczepu Glera. Piekny s\u0142omkowy kolor, genialna pienisto\u015b\u0107 elegancki nieko\u0144cz\u0105cy si\u0119 strumie\u0144 b\u0105belk\u00f3w. Wytrawny aromat, wino jest pelne cia\u0142a, bardzo \u015bwie\u017ce delikatnie kwaskowe i przyjemnie owocowe.<\/p>\n","protected":false},"featured_media":13671,"comment_status":"open","ping_status":"closed","template":"","meta":[],"product_cat":[80,95,97],"product_tag":[],"class_list":{"0":"post-13672","1":"product","2":"type-product","3":"status-publish","4":"has-post-thumbnail","6":"product_cat-wina-swiata","7":"product_cat-wlochy","8":"product_cat-wlochy-veneto","10":"first","11":"instock","12":"shipping-taxable","13":"purchasable","14":"product-type-simple"},"_links":{"self":[{"href":"http:\/\/delikatesy.wineport.pl\/index.php?rest_route=\/wp\/v2\/product\/13672","targetHints":{"allow":["GET"]}}],"collection":[{"href":"http:\/\/delikatesy.wineport.pl\/index.php?rest_route=\/wp\/v2\/product"}],"about":[{"href":"http:\/\/delikatesy.wineport.pl\/index.php?rest_route=\/wp\/v2\/types\/product"}],"replies":[{"embeddable":true,"href":"http:\/\/delikatesy.wineport.pl\/index.php?rest_route=%2Fwp%2Fv2%2Fcomments&post=13672"}],"wp:featuredmedia":[{"embeddable":true,"href":"http:\/\/delikatesy.wineport.pl\/index.php?rest_route=\/wp\/v2\/media\/13671"}],"wp:attachment":[{"href":"http:\/\/delikatesy.wineport.pl\/index.php?rest_route=%2Fwp%2Fv2%2Fmedia&parent=13672"}],"wp:term":[{"taxonomy":"product_cat","embeddable":true,"href":"http:\/\/delikatesy.wineport.pl\/index.php?rest_route=%2Fwp%2Fv2%2Fproduct_cat&post=13672"},{"taxonomy":"product_tag","embeddable":true,"href":"http:\/\/delikatesy.wineport.pl\/index.php?rest_route=%2Fwp%2Fv2%2Fproduct_tag&post=13672"}],"curies":[{"name":"wp","href":"https:\/\/api.w.org\/{rel}","templated":true}]}}