{"id":13674,"date":"2024-03-14T13:46:27","date_gmt":"2024-03-14T12:46:27","guid":{"rendered":"http:\/\/delikatesy.wineport.pl\/?product=wino-primitivo-di-manduria-doc-messapi-075l"},"modified":"2026-05-10T19:00:59","modified_gmt":"2026-05-10T17:00:59","slug":"wino-primitivo-di-manduria-doc-messapi-075l","status":"publish","type":"product","link":"http:\/\/delikatesy.wineport.pl\/?product=wino-primitivo-di-manduria-doc-messapi-075l","title":{"rendered":"Wino Primitivo di Manduria DOC MESSAPI 0,75l"},"content":{"rendered":"<p><span style=\"color: #ff0000;\">UWAGA!!! NIE WYSY\u0141AMY ALKOHOLU KURIEREM W PRZYPADKU ZAM\u00d3WIE\u0143 OD OS\u00d3B PRYWATNYCH, TYLKO ODBI\u00d3R OSOBISTY NA UL. \u015aW. STANIS\u0141AWA 12 W WARSZAWIE!!! W przypadku op\u0142acenia zam\u00f3wienia alkoholu z wysy\u0142k\u0105, przy zwrocie pieni\u0119dzy zostanie potr\u0105cona prowizja\u00a0<\/span><strong style=\"color: #ff0000;\">DOTPAY<\/strong><span style=\"color: #ff0000;\">!<\/span><\/p>\n<p>Wy\u015bmienite wino z winnicy w regionie Manduria w Puglii.\u00a0G\u0142eboki purpurowy &#8211; czerwony kolor z silnym zapachu smo\u0142y po\u0142\u0105czonej z lukrecj\u0105 . Wino jest pe\u0142ne, \u015bwietnie zbudowane, aksamitne, dobrze zaokr\u0105glone i bardzo d\u0142ugie w smaku. W ustach czu\u0107 smak czarnych owoc\u00f3w. Znakomite do g\u0142\u00f3wnych dan, jagnieciny i dziczyzny w bogatych sosach. Szczep: 100% Primitivo di Manduria.<\/p>\n","protected":false},"excerpt":{"rendered":"<p>Wy\u015bmienite wino z winnicy w regionie Manduria w Puglii.\u00a0G\u0142eboki purpurowy &#8211; czerwony kolor z silnym zapachu smo\u0142y po\u0142\u0105czonej z lukrecj\u0105 . Wino jest pe\u0142ne, \u015bwietnie zbudowane, aksamitne, dobrze zaokr\u0105glone i bardzo d\u0142ugie w smaku. W ustach czu\u0107 smak czarnych owoc\u00f3w. Znakomite do g\u0142\u00f3wnych dan, jagnieciny i dziczyzny w bogatych sosach. Szczep: 100% Primitivo di Manduria.<\/p>\n","protected":false},"featured_media":13673,"comment_status":"open","ping_status":"closed","template":"","meta":[],"product_cat":[80,95,119],"product_tag":[],"class_list":{"0":"post-13674","1":"product","2":"type-product","3":"status-publish","4":"has-post-thumbnail","6":"product_cat-wina-swiata","7":"product_cat-wlochy","8":"product_cat-wlochy-puglia","10":"first","11":"instock","12":"shipping-taxable","13":"purchasable","14":"product-type-simple"},"_links":{"self":[{"href":"http:\/\/delikatesy.wineport.pl\/index.php?rest_route=\/wp\/v2\/product\/13674","targetHints":{"allow":["GET"]}}],"collection":[{"href":"http:\/\/delikatesy.wineport.pl\/index.php?rest_route=\/wp\/v2\/product"}],"about":[{"href":"http:\/\/delikatesy.wineport.pl\/index.php?rest_route=\/wp\/v2\/types\/product"}],"replies":[{"embeddable":true,"href":"http:\/\/delikatesy.wineport.pl\/index.php?rest_route=%2Fwp%2Fv2%2Fcomments&post=13674"}],"wp:featuredmedia":[{"embeddable":true,"href":"http:\/\/delikatesy.wineport.pl\/index.php?rest_route=\/wp\/v2\/media\/13673"}],"wp:attachment":[{"href":"http:\/\/delikatesy.wineport.pl\/index.php?rest_route=%2Fwp%2Fv2%2Fmedia&parent=13674"}],"wp:term":[{"taxonomy":"product_cat","embeddable":true,"href":"http:\/\/delikatesy.wineport.pl\/index.php?rest_route=%2Fwp%2Fv2%2Fproduct_cat&post=13674"},{"taxonomy":"product_tag","embeddable":true,"href":"http:\/\/delikatesy.wineport.pl\/index.php?rest_route=%2Fwp%2Fv2%2Fproduct_tag&post=13674"}],"curies":[{"name":"wp","href":"https:\/\/api.w.org\/{rel}","templated":true}]}}