{"id":13676,"date":"2024-03-14T13:46:28","date_gmt":"2024-03-14T12:46:28","guid":{"rendered":"http:\/\/delikatesy.wineport.pl\/?product=garganega-tardiva-igt-veronese-villa-almadi-075l"},"modified":"2026-05-10T19:00:59","modified_gmt":"2026-05-10T17:00:59","slug":"garganega-tardiva-igt-veronese-villa-almadi-075l","status":"publish","type":"product","link":"http:\/\/delikatesy.wineport.pl\/?product=garganega-tardiva-igt-veronese-villa-almadi-075l","title":{"rendered":"Garganega Tardiva IGT Veronese Villa Almadi 0,75l"},"content":{"rendered":"<p><span style=\"color: #ff0000;\">UWAGA!!! NIE WYSY\u0141AMY ALKOHOLU KURIEREM W PRZYPADKU ZAM\u00d3WIE\u0143 OD OS\u00d3B PRYWATNYCH, TYLKO ODBI\u00d3R OSOBISTY NA UL. \u015aW. STANIS\u0141AWA 12 W WARSZAWIE!!! W przypadku op\u0142acenia zam\u00f3wienia alkoholu z wysy\u0142k\u0105, przy zwrocie pieni\u0119dzy zostanie potr\u0105cona prowizja\u00a0<\/span><strong style=\"color: #ff0000;\">DOTPAY<\/strong><span style=\"color: #ff0000;\">!<\/span><\/p>\n<p>Rewelacyjne w\u0142oskie wytrawne wino ze szczepu Garganega o kolorze \u017c\u00f3\u0142tej s\u0142omy, intensywnym zapachu migda\u0142\u00f3w , sk\u00f3rek pomara\u0144czy i wanilii. Na podniebieniu wino jest suche, pe\u0142ne i czu\u0107 \u00a0dojrza\u0142e owoce, delikatn\u0105 kwasowo\u015b\u0107 \u00a0i d\u0142ug\u0105 mineraln\u0105 nut\u0119 na ko\u0144c\u00f3wce .<\/p>\n<p>Winogrona Garganega u\u017cyte do produkcji tego wina, s\u0105 rodzime dla regionu Veneto , s\u0105 p\u00f3\u017ano zbierane r\u0119cznie i starannie dobrane. Po fermentacji kontrolowanej temperaturze w zbiornikach ze stali nierdzewnej , p\u00f3\u0142wino dojrzewa w stali nierdzewnej, na koniec wino dojrzewa w beczkach z d\u0119bu francuskiego. Wino to powstaje z winogron z winnic po\u0142o\u017conych w g\u00f3rach na wschodzie od Werony , wok\u00f3\u0142 miast Colognola ai Colli , Soave i Monteforte . Wino to idealnie komponuje si\u0119 z wykwintnymi owocami, \u015bwietne jako aperitif.<\/p>\n","protected":false},"excerpt":{"rendered":"<p>Rewelacyjne w\u0142oskie wytrawne wino ze szczepu Garganega o kolorze \u017c\u00f3\u0142tej s\u0142omy, intensywnym zapachu migda\u0142\u00f3w , sk\u00f3rek pomara\u0144czy i wanilii. Na podniebieniu wino jest suche, pe\u0142ne i czu\u0107 \u00a0dojrza\u0142e owoce, delikatn\u0105 kwasowo\u015b\u0107 \u00a0i d\u0142ug\u0105 mineraln\u0105 nut\u0119 na ko\u0144c\u00f3wce .<\/p>\n<p>Winogrona Garganega u\u017cyte do produkcji tego wina, s\u0105 rodzime dla regionu Veneto , s\u0105 p\u00f3\u017ano zbierane r\u0119cznie i starannie dobrane. Po fermentacji kontrolowanej temperaturze w zbiornikach ze stali nierdzewnej , p\u00f3\u0142wino dojrzewa w stali nierdzewnej, na koniec wino dojrzewa w beczkach z d\u0119bu francuskiego. Wino to powstaje z winogron z winnic po\u0142o\u017conych w g\u00f3rach na wschodzie od Werony , wok\u00f3\u0142 miast Colognola ai Colli , Soave i Monteforte . Wino to idealnie komponuje si\u0119 z wykwintnymi owocami, \u015bwietne jako aperitif.<\/p>\n","protected":false},"featured_media":13675,"comment_status":"open","ping_status":"closed","template":"","meta":[],"product_cat":[80,95,97],"product_tag":[],"class_list":{"0":"post-13676","1":"product","2":"type-product","3":"status-publish","4":"has-post-thumbnail","6":"product_cat-wina-swiata","7":"product_cat-wlochy","8":"product_cat-wlochy-veneto","10":"first","11":"instock","12":"shipping-taxable","13":"purchasable","14":"product-type-simple"},"_links":{"self":[{"href":"http:\/\/delikatesy.wineport.pl\/index.php?rest_route=\/wp\/v2\/product\/13676","targetHints":{"allow":["GET"]}}],"collection":[{"href":"http:\/\/delikatesy.wineport.pl\/index.php?rest_route=\/wp\/v2\/product"}],"about":[{"href":"http:\/\/delikatesy.wineport.pl\/index.php?rest_route=\/wp\/v2\/types\/product"}],"replies":[{"embeddable":true,"href":"http:\/\/delikatesy.wineport.pl\/index.php?rest_route=%2Fwp%2Fv2%2Fcomments&post=13676"}],"wp:featuredmedia":[{"embeddable":true,"href":"http:\/\/delikatesy.wineport.pl\/index.php?rest_route=\/wp\/v2\/media\/13675"}],"wp:attachment":[{"href":"http:\/\/delikatesy.wineport.pl\/index.php?rest_route=%2Fwp%2Fv2%2Fmedia&parent=13676"}],"wp:term":[{"taxonomy":"product_cat","embeddable":true,"href":"http:\/\/delikatesy.wineport.pl\/index.php?rest_route=%2Fwp%2Fv2%2Fproduct_cat&post=13676"},{"taxonomy":"product_tag","embeddable":true,"href":"http:\/\/delikatesy.wineport.pl\/index.php?rest_route=%2Fwp%2Fv2%2Fproduct_tag&post=13676"}],"curies":[{"name":"wp","href":"https:\/\/api.w.org\/{rel}","templated":true}]}}