{"id":13678,"date":"2024-03-14T13:46:28","date_gmt":"2024-03-14T12:46:28","guid":{"rendered":"http:\/\/delikatesy.wineport.pl\/?product=wino-valpolicella-doc-almadi-075l"},"modified":"2026-05-10T19:01:00","modified_gmt":"2026-05-10T17:01:00","slug":"wino-valpolicella-doc-almadi-075l","status":"publish","type":"product","link":"http:\/\/delikatesy.wineport.pl\/?product=wino-valpolicella-doc-almadi-075l","title":{"rendered":"Wino Valpolicella DOC Almadi 0,75L"},"content":{"rendered":"<p><span style=\"color: #ff0000;\">UWAGA!!! NIE WYSY\u0141AMY ALKOHOLU KURIEREM W PRZYPADKU ZAM\u00d3WIE\u0143 OD OS\u00d3B PRYWATNYCH, TYLKO ODBI\u00d3R OSOBISTY NA UL. \u015aW. STANIS\u0141AWA 12 W WARSZAWIE!!! W przypadku op\u0142acenia zam\u00f3wienia alkoholu z wysy\u0142k\u0105, przy zwrocie pieni\u0119dzy zostanie potr\u0105cona prowizja\u00a0<\/span><strong style=\"color: #ff0000;\">DOTPAY<\/strong><span style=\"color: #ff0000;\">!<\/span><\/p>\n<p>Wino Valpolicella Almadi powstaje ze szczep\u00f3w :60 % Corvina 30 % Rondinella 10 % Molinara. Wino ma przepi\u0119kny rubinowy kolor, bukiet czerwonych owoc\u00f3w jak wi\u015bnia , malina i \u015bliwka z kilkoma nutami kwiatowymi przypominaj\u0105cymi fio\u0142ki . Na podniebieniu jest \u015brednio tre\u015bciwe , suche i pe\u0142ne smaku konfitury z wi\u015bni z nutami any\u017cku. Ko\u0144c\u00f3wka wina charakteryzuje si\u0119 mi\u0119kkimi taninami i soczysto\u015bci\u0105. Winogrona do produkcji tego wina s\u0105 uprawiane na p\u00f3\u0142noc od miasta Werona, i zbierane tylko r\u0119cznie.\u00a0<\/p>\n","protected":false},"excerpt":{"rendered":"<p>Wino Valpolicella Almadi powstaje ze szczep\u00f3w :60 % Corvina 30 % Rondinella 10 % Molinara. Wino ma przepi\u0119kny rubinowy kolor, bukiet czerwonych owoc\u00f3w jak wi\u015bnia , malina i \u015bliwka z kilkoma nutami kwiatowymi przypominaj\u0105cymi fio\u0142ki . Na podniebieniu jest \u015brednio tre\u015bciwe , suche i pe\u0142ne smaku konfitury z wi\u015bni z nutami any\u017cku. Ko\u0144c\u00f3wka wina charakteryzuje si\u0119 mi\u0119kkimi taninami i soczysto\u015bci\u0105. Winogrona do produkcji tego wina s\u0105 uprawiane na p\u00f3\u0142noc od miasta Werona, i zbierane tylko r\u0119cznie.\u00a0<\/p>\n<pre><span style=\"font-family: &quot;;\">\u00a0<\/span><\/pre>\n<pre><span style=\"font-family: &quot;;\">\u00a0<\/span><\/pre>\n","protected":false},"featured_media":13677,"comment_status":"open","ping_status":"closed","template":"","meta":[],"product_cat":[80,95,97],"product_tag":[],"class_list":{"0":"post-13678","1":"product","2":"type-product","3":"status-publish","4":"has-post-thumbnail","6":"product_cat-wina-swiata","7":"product_cat-wlochy","8":"product_cat-wlochy-veneto","10":"first","11":"instock","12":"shipping-taxable","13":"purchasable","14":"product-type-simple"},"_links":{"self":[{"href":"http:\/\/delikatesy.wineport.pl\/index.php?rest_route=\/wp\/v2\/product\/13678","targetHints":{"allow":["GET"]}}],"collection":[{"href":"http:\/\/delikatesy.wineport.pl\/index.php?rest_route=\/wp\/v2\/product"}],"about":[{"href":"http:\/\/delikatesy.wineport.pl\/index.php?rest_route=\/wp\/v2\/types\/product"}],"replies":[{"embeddable":true,"href":"http:\/\/delikatesy.wineport.pl\/index.php?rest_route=%2Fwp%2Fv2%2Fcomments&post=13678"}],"wp:featuredmedia":[{"embeddable":true,"href":"http:\/\/delikatesy.wineport.pl\/index.php?rest_route=\/wp\/v2\/media\/13677"}],"wp:attachment":[{"href":"http:\/\/delikatesy.wineport.pl\/index.php?rest_route=%2Fwp%2Fv2%2Fmedia&parent=13678"}],"wp:term":[{"taxonomy":"product_cat","embeddable":true,"href":"http:\/\/delikatesy.wineport.pl\/index.php?rest_route=%2Fwp%2Fv2%2Fproduct_cat&post=13678"},{"taxonomy":"product_tag","embeddable":true,"href":"http:\/\/delikatesy.wineport.pl\/index.php?rest_route=%2Fwp%2Fv2%2Fproduct_tag&post=13678"}],"curies":[{"name":"wp","href":"https:\/\/api.w.org\/{rel}","templated":true}]}}