{"id":13684,"date":"2024-03-14T13:46:29","date_gmt":"2024-03-14T12:46:29","guid":{"rendered":"http:\/\/delikatesy.wineport.pl\/?product=bardolino-chiaretto-doc-almadi-075l"},"modified":"2026-05-10T19:01:02","modified_gmt":"2026-05-10T17:01:02","slug":"bardolino-chiaretto-doc-almadi-075l","status":"publish","type":"product","link":"http:\/\/delikatesy.wineport.pl\/?product=bardolino-chiaretto-doc-almadi-075l","title":{"rendered":"Bardolino Chiaretto DOC Almadi 0,75l"},"content":{"rendered":"<p><span style=\"color: #ff0000;\">UWAGA!!! NIE WYSY\u0141AMY ALKOHOLU KURIEREM W PRZYPADKU ZAM\u00d3WIE\u0143 OD OS\u00d3B PRYWATNYCH, TYLKO ODBI\u00d3R OSOBISTY NA UL. \u015aW. STANIS\u0141AWA 12 W WARSZAWIE!!! W przypadku op\u0142acenia zam\u00f3wienia alkoholu z wysy\u0142k\u0105, przy zwrocie pieni\u0119dzy zostanie potr\u0105cona prowizja\u00a0<\/span><strong style=\"color: #ff0000;\">DOTPAY<\/strong><span style=\"color: #ff0000;\">!<\/span><\/p>\n<p>R\u00f3\u017cowe wino kt\u00f3re powstaje na wzg\u00f3rzach w po\u0142udniowo-wschodniej cz\u0119\u015bci jeziora Garda w pobli\u017cu miejscowo\u015bci Bardolino niedaleko Werony . Szczepy : 50 % Corvina, 30 % Rondinella, 10 % Molinara, 10 % Negrara. Przepiekny bardzo \u017cywy r\u00f3\u017cowy kolor, bukiet owoc\u00f3w le\u015bnych i maliny z nut\u0105 przypominaj\u0105c\u0105 gum\u0119 balonow\u0105, ustach wino jest mocno owocowe z delikatn\u0105 kwasowo\u015bci\u0105 i przyjemnie gorzkim wyko\u0144czeniem . Dobrze pasuje do da\u0144 z drobiu i da\u0144 kuchni azjatyckiej, mo\u017ce te\u017c by\u0107 podane jako aperitif. Nale\u017cy podawa\u0107 schlodzone.<\/p><\/p>\n","protected":false},"excerpt":{"rendered":"<p><span style=\"color: #ff0000;\">UWAGA!!! NIE WYSY\u0141AMY ALKOHOLU KURIEREM W PRZYPADKU ZAM\u00d3WIE\u0143 OD OS\u00d3B PRYWATNYCH, TYLKO ODBI\u00d3R OSOBISTY NA UL. \u015aW. STANIS\u0141AWA 12 W WARSZAWIE!!! W przypadku op\u0142acenia zam\u00f3wienia alkoholu z wysy\u0142k\u0105, przy zwrocie pieni\u0119dzy zostanie potr\u0105cona prowizja\u00a0<\/span><strong style=\"color: #ff0000;\">DOTPAY<\/strong><span style=\"color: #ff0000;\">!<\/span><\/p>\n<p>R\u00f3\u017cowe wino kt\u00f3re powstaje na wzg\u00f3rzach w po\u0142udniowo-wschodniej cz\u0119\u015bci jeziora Garda w pobli\u017cu miejscowo\u015bci Bardolino niedaleko Werony . Szczepy : 50 % Corvina, 30 % Rondinella, 10 % Molinara, 10 % Negrara. Przepiekny bardzo \u017cywy r\u00f3\u017cowy kolor, bukiet owoc\u00f3w le\u015bnych i maliny z nut\u0105 przypominaj\u0105c\u0105 gum\u0119 balonow\u0105, ustach wino jest mocno owocowe z delikatn\u0105 kwasowo\u015bci\u0105 i przyjemnie gorzkim wyko\u0144czeniem . Dobrze pasuje do da\u0144 z drobiu i da\u0144 kuchni azjatyckiej, mo\u017ce te\u017c by\u0107 podane jako aperitif. Nale\u017cy podawa\u0107 schlodzone.<\/p>\n","protected":false},"featured_media":13683,"comment_status":"open","ping_status":"closed","template":"","meta":[],"product_cat":[80,95,97],"product_tag":[],"class_list":{"0":"post-13684","1":"product","2":"type-product","3":"status-publish","4":"has-post-thumbnail","6":"product_cat-wina-swiata","7":"product_cat-wlochy","8":"product_cat-wlochy-veneto","10":"first","11":"instock","12":"shipping-taxable","13":"purchasable","14":"product-type-simple"},"_links":{"self":[{"href":"http:\/\/delikatesy.wineport.pl\/index.php?rest_route=\/wp\/v2\/product\/13684","targetHints":{"allow":["GET"]}}],"collection":[{"href":"http:\/\/delikatesy.wineport.pl\/index.php?rest_route=\/wp\/v2\/product"}],"about":[{"href":"http:\/\/delikatesy.wineport.pl\/index.php?rest_route=\/wp\/v2\/types\/product"}],"replies":[{"embeddable":true,"href":"http:\/\/delikatesy.wineport.pl\/index.php?rest_route=%2Fwp%2Fv2%2Fcomments&post=13684"}],"wp:featuredmedia":[{"embeddable":true,"href":"http:\/\/delikatesy.wineport.pl\/index.php?rest_route=\/wp\/v2\/media\/13683"}],"wp:attachment":[{"href":"http:\/\/delikatesy.wineport.pl\/index.php?rest_route=%2Fwp%2Fv2%2Fmedia&parent=13684"}],"wp:term":[{"taxonomy":"product_cat","embeddable":true,"href":"http:\/\/delikatesy.wineport.pl\/index.php?rest_route=%2Fwp%2Fv2%2Fproduct_cat&post=13684"},{"taxonomy":"product_tag","embeddable":true,"href":"http:\/\/delikatesy.wineport.pl\/index.php?rest_route=%2Fwp%2Fv2%2Fproduct_tag&post=13684"}],"curies":[{"name":"wp","href":"https:\/\/api.w.org\/{rel}","templated":true}]}}