{"id":13686,"date":"2024-03-14T13:46:29","date_gmt":"2024-03-14T12:46:29","guid":{"rendered":"http:\/\/delikatesy.wineport.pl\/?product=wino-chardonnay-igt-veneto-almadi-075l"},"modified":"2026-05-10T19:01:03","modified_gmt":"2026-05-10T17:01:03","slug":"wino-chardonnay-igt-veneto-almadi-075l","status":"publish","type":"product","link":"http:\/\/delikatesy.wineport.pl\/?product=wino-chardonnay-igt-veneto-almadi-075l","title":{"rendered":"Wino Chardonnay IGT Veneto Almadi 0,75l"},"content":{"rendered":"<p><span style=\"color: #ff0000;\">UWAGA!!! NIE WYSY\u0141AMY ALKOHOLU KURIEREM W PRZYPADKU ZAM\u00d3WIE\u0143 OD OS\u00d3B PRYWATNYCH, TYLKO ODBI\u00d3R OSOBISTY NA UL. \u015aW. STANIS\u0141AWA 12 W WARSZAWIE!!! W przypadku op\u0142acenia zam\u00f3wienia alkoholu z wysy\u0142k\u0105, przy zwrocie pieni\u0119dzy zostanie potr\u0105cona prowizja\u00a0<\/span><strong style=\"color: #ff0000;\">DOTPAY<\/strong><span style=\"color: #ff0000;\">!<\/span><\/p>\n<p>Klasyczne Chardonnay rodem z Veneto.\u00a0Ma charakterystyczny zapach melona i jab\u0142ka, w ustach jest bardzo owocowe i suche. Wino to jest bardzo uniwersalne nadaje si\u0119 do prawie ka\u017cdej potrawy, \u015bwietne jako aperitif .<\/p>\n","protected":false},"excerpt":{"rendered":"<p>Klasyczne Chardonnay rodem z Veneto.\u00a0Ma charakterystyczny zapach melona i jab\u0142ka, w ustach jest bardzo owocowe i suche. Wino to jest bardzo uniwersalne nadaje si\u0119 do prawie ka\u017cdej potrawy, \u015bwietne jako aperitif .<\/p>\n","protected":false},"featured_media":13685,"comment_status":"open","ping_status":"closed","template":"","meta":[],"product_cat":[80,95,97],"product_tag":[],"class_list":{"0":"post-13686","1":"product","2":"type-product","3":"status-publish","4":"has-post-thumbnail","6":"product_cat-wina-swiata","7":"product_cat-wlochy","8":"product_cat-wlochy-veneto","10":"first","11":"instock","12":"shipping-taxable","13":"purchasable","14":"product-type-simple"},"_links":{"self":[{"href":"http:\/\/delikatesy.wineport.pl\/index.php?rest_route=\/wp\/v2\/product\/13686","targetHints":{"allow":["GET"]}}],"collection":[{"href":"http:\/\/delikatesy.wineport.pl\/index.php?rest_route=\/wp\/v2\/product"}],"about":[{"href":"http:\/\/delikatesy.wineport.pl\/index.php?rest_route=\/wp\/v2\/types\/product"}],"replies":[{"embeddable":true,"href":"http:\/\/delikatesy.wineport.pl\/index.php?rest_route=%2Fwp%2Fv2%2Fcomments&post=13686"}],"wp:featuredmedia":[{"embeddable":true,"href":"http:\/\/delikatesy.wineport.pl\/index.php?rest_route=\/wp\/v2\/media\/13685"}],"wp:attachment":[{"href":"http:\/\/delikatesy.wineport.pl\/index.php?rest_route=%2Fwp%2Fv2%2Fmedia&parent=13686"}],"wp:term":[{"taxonomy":"product_cat","embeddable":true,"href":"http:\/\/delikatesy.wineport.pl\/index.php?rest_route=%2Fwp%2Fv2%2Fproduct_cat&post=13686"},{"taxonomy":"product_tag","embeddable":true,"href":"http:\/\/delikatesy.wineport.pl\/index.php?rest_route=%2Fwp%2Fv2%2Fproduct_tag&post=13686"}],"curies":[{"name":"wp","href":"https:\/\/api.w.org\/{rel}","templated":true}]}}