{"id":13688,"date":"2024-03-14T13:46:30","date_gmt":"2024-03-14T12:46:30","guid":{"rendered":"http:\/\/delikatesy.wineport.pl\/?product=wino-merlot-igt-veneto-almadi-075l"},"modified":"2026-05-10T19:01:03","modified_gmt":"2026-05-10T17:01:03","slug":"wino-merlot-igt-veneto-almadi-075l","status":"publish","type":"product","link":"http:\/\/delikatesy.wineport.pl\/?product=wino-merlot-igt-veneto-almadi-075l","title":{"rendered":"Wino Merlot IGT Veneto Almadi 0,75l"},"content":{"rendered":"<p><span style=\"color: #ff0000;\">UWAGA!!! NIE WYSY\u0141AMY ALKOHOLU KURIEREM W PRZYPADKU ZAM\u00d3WIE\u0143 OD OS\u00d3B PRYWATNYCH, TYLKO ODBI\u00d3R OSOBISTY NA UL. \u015aW. STANIS\u0141AWA 12 W WARSZAWIE!!! W przypadku op\u0142acenia zam\u00f3wienia alkoholu z wysy\u0142k\u0105, przy zwrocie pieni\u0119dzy zostanie potr\u0105cona prowizja\u00a0<\/span><strong style=\"color: #ff0000;\">DOTPAY<\/strong><span style=\"color: #ff0000;\">!<\/span><\/p>\n<p>Merlot IGT Almadi\u00a0z regionu Veneto to delikatnie wytrawne czerwone m\u0142ode wino. Smak dojrza\u0142ych, czerwonych owoc\u00f3w z mi\u0119kkimi taninami<\/p>\n<p>W ustach \u015brednio zbudowane, zr\u00f3wnowa\u017cone i \u0142\u0105godne. Pasuje do pieczonych i grillowanych mi\u0119s oraz twardych ser\u00f3w.<\/p>\n","protected":false},"excerpt":{"rendered":"<p>Merlot IGT Almadi\u00a0z regionu Veneto to delikatnie wytrawne czerwone m\u0142ode wino. Smak dojrza\u0142ych, czerwonych owoc\u00f3w z mi\u0119kkimi taninami<\/p>\n<p>W ustach \u015brednio zbudowane, zr\u00f3wnowa\u017cone i \u0142\u0105godne. Pasuje do pieczonych i grillowanych mi\u0119s oraz twardych ser\u00f3w.<\/p>\n","protected":false},"featured_media":13687,"comment_status":"open","ping_status":"closed","template":"","meta":[],"product_cat":[80,95,97],"product_tag":[],"class_list":{"0":"post-13688","1":"product","2":"type-product","3":"status-publish","4":"has-post-thumbnail","6":"product_cat-wina-swiata","7":"product_cat-wlochy","8":"product_cat-wlochy-veneto","10":"first","11":"instock","12":"shipping-taxable","13":"purchasable","14":"product-type-simple"},"_links":{"self":[{"href":"http:\/\/delikatesy.wineport.pl\/index.php?rest_route=\/wp\/v2\/product\/13688","targetHints":{"allow":["GET"]}}],"collection":[{"href":"http:\/\/delikatesy.wineport.pl\/index.php?rest_route=\/wp\/v2\/product"}],"about":[{"href":"http:\/\/delikatesy.wineport.pl\/index.php?rest_route=\/wp\/v2\/types\/product"}],"replies":[{"embeddable":true,"href":"http:\/\/delikatesy.wineport.pl\/index.php?rest_route=%2Fwp%2Fv2%2Fcomments&post=13688"}],"wp:featuredmedia":[{"embeddable":true,"href":"http:\/\/delikatesy.wineport.pl\/index.php?rest_route=\/wp\/v2\/media\/13687"}],"wp:attachment":[{"href":"http:\/\/delikatesy.wineport.pl\/index.php?rest_route=%2Fwp%2Fv2%2Fmedia&parent=13688"}],"wp:term":[{"taxonomy":"product_cat","embeddable":true,"href":"http:\/\/delikatesy.wineport.pl\/index.php?rest_route=%2Fwp%2Fv2%2Fproduct_cat&post=13688"},{"taxonomy":"product_tag","embeddable":true,"href":"http:\/\/delikatesy.wineport.pl\/index.php?rest_route=%2Fwp%2Fv2%2Fproduct_tag&post=13688"}],"curies":[{"name":"wp","href":"https:\/\/api.w.org\/{rel}","templated":true}]}}