{"id":13716,"date":"2024-03-14T13:47:08","date_gmt":"2024-03-14T12:47:08","guid":{"rendered":"http:\/\/delikatesy.wineport.pl\/?product=wino-castello-di-querceto-chianti-classico-reserva-docg-075l"},"modified":"2026-05-10T19:01:09","modified_gmt":"2026-05-10T17:01:09","slug":"wino-castello-di-querceto-chianti-classico-reserva-docg-075l","status":"publish","type":"product","link":"http:\/\/delikatesy.wineport.pl\/?product=wino-castello-di-querceto-chianti-classico-reserva-docg-075l","title":{"rendered":"Wino CASTELLO DI QUERCETO Chianti Classico RESERVA DOCG 0,75L"},"content":{"rendered":"<p style=\"color: #321f0f; font-size: 12px; font-family: 'Trebuchet MS', Arial, Helvetica, sans-serif;\"><span style=\"color: #ff0000;\">UWAGA!!! NIE WYSY\u0141AMY ALKOHOLU KURIEREM W PRZYPADKU ZAM\u00d3WIE\u0143 OD OS\u00d3B PRYWATNYCH, TYLKO ODBI\u00d3R OSOBISTY NA UL. \u015aW. STANIS\u0141AWA 12 W WARSZAWIE!!! W przypadku op\u0142acenia zam\u00f3wienia alkoholu z wysy\u0142k\u0105, przy zwrocie pieni\u0119dzy zostanie potr\u0105cona prowizja\u00a0<\/span><strong style=\"color: #ff0000;\">DOTPAY<\/strong><span style=\"color: #ff0000;\">!<\/span><\/p>\n<p style=\"color: #321f0f; font-size: 12px; font-family: 'Trebuchet MS', Arial, Helvetica, sans-serif;\">Rewelacyjne Chianti Classico Riserva powstaj\u0105ca w 95% z gron Sangiovese z 5% dodatkiem gron Canaiolo. W procesie doskonalenia wina, przebywa ono najpierw przez 12 miesi\u0119cy w drewnianych beczkach, z kt\u00f3rych przelewane jest do butelek, gdzie dojrzewa kolejne 4 miesi\u0105ce zanim trafi na rynek. Barwa intensywnie rubinowa z granatowymi refleksami. Bukiet pe\u0142ny i wyrazisty. W smaku wytrawne, solidnie zbudowane, z eleganckimi garbnikami. Temp. serw. 18-20 stopni C<\/p>\n","protected":false},"excerpt":{"rendered":"<p style=\"color: #321f0f; font-size: 12px; font-family: 'Trebuchet MS', Arial, Helvetica, sans-serif;\">Rewelacyjne Chianti Classico Riserva powstaj\u0105ca w 95% z gron Sangiovese z 5% dodatkiem gron Canaiolo. W procesie doskonalenia wina, przebywa ono najpierw przez 12 miesi\u0119cy w drewnianych beczkach, z kt\u00f3rych przelewane jest do butelek, gdzie dojrzewa kolejne 4 miesi\u0105ce zanim trafi na rynek. Barwa intensywnie rubinowa z granatowymi refleksami. Bukiet pe\u0142ny i wyrazisty. W smaku wytrawne, solidnie zbudowane, z eleganckimi garbnikami.\u00a0Temp. serw. 18-20 stopni C<\/p>\n","protected":false},"featured_media":13715,"comment_status":"open","ping_status":"closed","template":"","meta":[],"product_cat":[80,95,96],"product_tag":[],"class_list":{"0":"post-13716","1":"product","2":"type-product","3":"status-publish","4":"has-post-thumbnail","6":"product_cat-wina-swiata","7":"product_cat-wlochy","8":"product_cat-wlochy-toscania","10":"first","11":"instock","12":"shipping-taxable","13":"purchasable","14":"product-type-simple"},"_links":{"self":[{"href":"http:\/\/delikatesy.wineport.pl\/index.php?rest_route=\/wp\/v2\/product\/13716","targetHints":{"allow":["GET"]}}],"collection":[{"href":"http:\/\/delikatesy.wineport.pl\/index.php?rest_route=\/wp\/v2\/product"}],"about":[{"href":"http:\/\/delikatesy.wineport.pl\/index.php?rest_route=\/wp\/v2\/types\/product"}],"replies":[{"embeddable":true,"href":"http:\/\/delikatesy.wineport.pl\/index.php?rest_route=%2Fwp%2Fv2%2Fcomments&post=13716"}],"wp:featuredmedia":[{"embeddable":true,"href":"http:\/\/delikatesy.wineport.pl\/index.php?rest_route=\/wp\/v2\/media\/13715"}],"wp:attachment":[{"href":"http:\/\/delikatesy.wineport.pl\/index.php?rest_route=%2Fwp%2Fv2%2Fmedia&parent=13716"}],"wp:term":[{"taxonomy":"product_cat","embeddable":true,"href":"http:\/\/delikatesy.wineport.pl\/index.php?rest_route=%2Fwp%2Fv2%2Fproduct_cat&post=13716"},{"taxonomy":"product_tag","embeddable":true,"href":"http:\/\/delikatesy.wineport.pl\/index.php?rest_route=%2Fwp%2Fv2%2Fproduct_tag&post=13716"}],"curies":[{"name":"wp","href":"https:\/\/api.w.org\/{rel}","templated":true}]}}