{"id":13718,"date":"2024-03-14T13:47:08","date_gmt":"2024-03-14T12:47:08","guid":{"rendered":"http:\/\/delikatesy.wineport.pl\/?product=wino-toscana-igt-querceto-075l"},"modified":"2026-05-10T19:01:09","modified_gmt":"2026-05-10T17:01:09","slug":"wino-toscana-igt-querceto-075l","status":"publish","type":"product","link":"http:\/\/delikatesy.wineport.pl\/?product=wino-toscana-igt-querceto-075l","title":{"rendered":"Wino TOSCANA IGT Querceto 0,75L"},"content":{"rendered":"<p><span style=\"color: #ff0000;\">UWAGA!!! NIE WYSY\u0141AMY ALKOHOLU KURIEREM W PRZYPADKU ZAM\u00d3WIE\u0143 OD OS\u00d3B PRYWATNYCH, TYLKO ODBI\u00d3R OSOBISTY NA UL. \u015aW. STANIS\u0141AWA 12 W WARSZAWIE!!! W przypadku op\u0142acenia zam\u00f3wienia alkoholu z wysy\u0142k\u0105, przy zwrocie pieni\u0119dzy zostanie potr\u0105cona prowizja\u00a0<\/span><strong style=\"color: #ff0000;\">DOTPAY<\/strong><span style=\"color: #ff0000;\">!<\/span><\/p>\n<p>Czerwone wino, powsta\u0142e w 100%\u00a0ze szczepu Sangiovese. Kolor rubinowy, w zapachu intensywne z nut\u0105 czerwonych owoc\u00f3w. W smaku ciep\u0142e, \u0142agodne z wywa\u017conymi taninami. Klasyczne, dobre, nieskomplikowane, w\u0142oskie wino i wspania\u0142y kompan do wielu posi\u0142k\u00f3w. Idealne do Pizzy i Spagetti.<\/p>\n","protected":false},"excerpt":{"rendered":"<p>Czerwone wino, powsta\u0142e w 100%\u00a0ze szczepu Sangiovese. Kolor rubinowy, w zapachu intensywne z nut\u0105 czerwonych owoc\u00f3w. W smaku ciep\u0142e, \u0142agodne z wywa\u017conymi taninami. Klasyczne, dobre, nieskomplikowane, w\u0142oskie wino i wspania\u0142y kompan do wielu posi\u0142k\u00f3w. Idealne do Pizzy i Spagetti.<\/p>\n","protected":false},"featured_media":13717,"comment_status":"open","ping_status":"closed","template":"","meta":[],"product_cat":[80,95,96],"product_tag":[],"class_list":{"0":"post-13718","1":"product","2":"type-product","3":"status-publish","4":"has-post-thumbnail","6":"product_cat-wina-swiata","7":"product_cat-wlochy","8":"product_cat-wlochy-toscania","10":"first","11":"instock","12":"shipping-taxable","13":"purchasable","14":"product-type-simple"},"_links":{"self":[{"href":"http:\/\/delikatesy.wineport.pl\/index.php?rest_route=\/wp\/v2\/product\/13718","targetHints":{"allow":["GET"]}}],"collection":[{"href":"http:\/\/delikatesy.wineport.pl\/index.php?rest_route=\/wp\/v2\/product"}],"about":[{"href":"http:\/\/delikatesy.wineport.pl\/index.php?rest_route=\/wp\/v2\/types\/product"}],"replies":[{"embeddable":true,"href":"http:\/\/delikatesy.wineport.pl\/index.php?rest_route=%2Fwp%2Fv2%2Fcomments&post=13718"}],"wp:featuredmedia":[{"embeddable":true,"href":"http:\/\/delikatesy.wineport.pl\/index.php?rest_route=\/wp\/v2\/media\/13717"}],"wp:attachment":[{"href":"http:\/\/delikatesy.wineport.pl\/index.php?rest_route=%2Fwp%2Fv2%2Fmedia&parent=13718"}],"wp:term":[{"taxonomy":"product_cat","embeddable":true,"href":"http:\/\/delikatesy.wineport.pl\/index.php?rest_route=%2Fwp%2Fv2%2Fproduct_cat&post=13718"},{"taxonomy":"product_tag","embeddable":true,"href":"http:\/\/delikatesy.wineport.pl\/index.php?rest_route=%2Fwp%2Fv2%2Fproduct_tag&post=13718"}],"curies":[{"name":"wp","href":"https:\/\/api.w.org\/{rel}","templated":true}]}}