{"id":13796,"date":"2024-03-14T13:48:35","date_gmt":"2024-03-14T12:48:35","guid":{"rendered":"http:\/\/delikatesy.wineport.pl\/?product=ciasteczka-tivoli-blueberry-coconut-150g-ekskluzywna-puszka"},"modified":"2026-05-10T19:03:06","modified_gmt":"2026-05-10T17:03:06","slug":"ciasteczka-tivoli-blueberry-coconut-150g-ekskluzywna-puszka","status":"publish","type":"product","link":"http:\/\/delikatesy.wineport.pl\/?product=ciasteczka-tivoli-blueberry-coconut-150g-ekskluzywna-puszka","title":{"rendered":"Ciasteczka TIVOLI Blueberry &#038; Coconut 150g &#8211; ekskluzywna puszka"},"content":{"rendered":"<p><span style=\"font-size: medium;\">Du\u0144skie Ciasteczka klasy premium z Jagodami i Kokosem zapakowane w pi\u0119kna puszk\u0119. Idealne opakowanie na prezent!<\/span><\/p>\n","protected":false},"excerpt":{"rendered":"<p><span style=\"font-size: medium; font-family: Verdana, Arial, Tahoma;\">Du\u0144skie Ciasteczka klasy premium z Jagodami i Kokosem zapakowane w pi\u0119kna puszk\u0119. Idealne opakowanie na prezent!<\/span><\/p>\n","protected":false},"featured_media":13795,"comment_status":"open","ping_status":"closed","template":"","meta":[],"product_cat":[173,198],"product_tag":[],"class_list":{"0":"post-13796","1":"product","2":"type-product","3":"status-publish","4":"has-post-thumbnail","6":"product_cat-artykuly-delikatesowe","7":"product_cat-pozostale-slodycze","9":"first","10":"instock","11":"shipping-taxable","12":"purchasable","13":"product-type-simple"},"_links":{"self":[{"href":"http:\/\/delikatesy.wineport.pl\/index.php?rest_route=\/wp\/v2\/product\/13796","targetHints":{"allow":["GET"]}}],"collection":[{"href":"http:\/\/delikatesy.wineport.pl\/index.php?rest_route=\/wp\/v2\/product"}],"about":[{"href":"http:\/\/delikatesy.wineport.pl\/index.php?rest_route=\/wp\/v2\/types\/product"}],"replies":[{"embeddable":true,"href":"http:\/\/delikatesy.wineport.pl\/index.php?rest_route=%2Fwp%2Fv2%2Fcomments&post=13796"}],"wp:featuredmedia":[{"embeddable":true,"href":"http:\/\/delikatesy.wineport.pl\/index.php?rest_route=\/wp\/v2\/media\/13795"}],"wp:attachment":[{"href":"http:\/\/delikatesy.wineport.pl\/index.php?rest_route=%2Fwp%2Fv2%2Fmedia&parent=13796"}],"wp:term":[{"taxonomy":"product_cat","embeddable":true,"href":"http:\/\/delikatesy.wineport.pl\/index.php?rest_route=%2Fwp%2Fv2%2Fproduct_cat&post=13796"},{"taxonomy":"product_tag","embeddable":true,"href":"http:\/\/delikatesy.wineport.pl\/index.php?rest_route=%2Fwp%2Fv2%2Fproduct_tag&post=13796"}],"curies":[{"name":"wp","href":"https:\/\/api.w.org\/{rel}","templated":true}]}}