{"id":13812,"date":"2024-03-14T13:48:37","date_gmt":"2024-03-14T12:48:37","guid":{"rendered":"http:\/\/delikatesy.wineport.pl\/?product=wino-chateau-la-fontaine-aoc-bordeaux-075l"},"modified":"2026-05-10T19:03:10","modified_gmt":"2026-05-10T17:03:10","slug":"wino-chateau-la-fontaine-aoc-bordeaux-075l","status":"publish","type":"product","link":"http:\/\/delikatesy.wineport.pl\/?product=wino-chateau-la-fontaine-aoc-bordeaux-075l","title":{"rendered":"Wino Chateau La Fontaine AOC Bordeaux 0,75L"},"content":{"rendered":"<p><span style=\"color: #580a0a; font-size: 10.6667px; background-color: #f3f3ec;\"><span style=\"color: #ff0000;\">UWAGA!!! NIE WYSY\u0141AMY ALKOHOLU KURIEREM W PRZYPADKU ZAM\u00d3WIE\u0143 OD OS\u00d3B PRYWATNYCH, TYLKO ODBI\u00d3R OSOBISTY NA UL. \u015aW. STANIS\u0141AWA 12 W WARSZAWIE!!! W przypadku op\u0142acenia zam\u00f3wienia alkoholu z wysy\u0142k\u0105, przy zwrocie pieni\u0119dzy zostanie potr\u0105cona prowizja\u00a0<\/span><strong style=\"color: #ff0000;\">DOTPAY<\/strong><span style=\"color: #ff0000;\">!<\/span><\/span><\/p>\n<p><span style=\"color: #580a0a; font-size: 10.6667px; background-color: #f3f3ec;\">Szczepy: 50% Merlot, 30% Cabernet Franc, 20% Cabernet Sauvignon<\/span><br style=\"color: #580a0a; font-size: 10.6667px; background-color: #f3f3ec;\" \/><span style=\"color: #580a0a; font-size: 10.6667px; background-color: #f3f3ec;\">Wino posiada g\u0142\u0119boki, wysoce intensywny rubinowy kolor, na brzegach granatowy. Zapach pe\u0142en aromat\u00f3w dojrza\u0142ych, czarnych wi\u015bni, z lekkim dodatkiem wanilii.\u00a0<\/span><span style=\"color: #580a0a; font-size: 10.6667px; background-color: #f3f3ec;\">Smak na podniebieniu aromatyczny, pe\u0142en dojrza\u0142ych jag\u00f3d, subtelny i pe\u0142ny z poczuciem r\u00f3wnowagi pomi\u0119dzy owocami i taninami. Fina\u0142 harmonijny; to wino przynosi natychmiastow\u0105 rozkosz smaku. Wino jest wy\u015bmienite zar\u00f3wno z czerwon\u0105 jak i bia\u0142\u0105 dziczyzn\u0105 oraz serami.<\/span><\/p>\n","protected":false},"excerpt":{"rendered":"<p><span style=\"color: #580a0a; font-size: 10.6667px; background-color: #f3f3ec;\">Szczepy: 50% Merlot, 30% Cabernet Franc, 20% Cabernet Sauvignon<\/span><br style=\"color: #580a0a; font-size: 10.6667px; background-color: #f3f3ec;\" \/><span style=\"color: #580a0a; font-size: 10.6667px; background-color: #f3f3ec;\">Wino posiada g\u0142\u0119boki, wysoce intensywny rubinowy kolor, na brzegach granatowy. Zapach pe\u0142en aromat\u00f3w dojrza\u0142ych, czarnych wi\u015bni, z lekkim dodatkiem wanilii.\u00a0<\/span><span style=\"color: #580a0a; font-size: 10.6667px; background-color: #f3f3ec;\">Smak na podniebieniu aromatyczny, pe\u0142en dojrza\u0142ych jag\u00f3d, subtelny i pe\u0142ny z poczuciem r\u00f3wnowagi pomi\u0119dzy owocami i taninami. Fina\u0142 harmonijny; to wino przynosi natychmiastow\u0105 rozkosz smaku. Wino jest wy\u015bmienite zar\u00f3wno z czerwon\u0105 jak i bia\u0142\u0105 dziczyzn\u0105 oraz serami.<\/span><\/p>\n","protected":false},"featured_media":13811,"comment_status":"open","ping_status":"closed","template":"","meta":[],"product_cat":[83,85,80],"product_tag":[],"class_list":{"0":"post-13812","1":"product","2":"type-product","3":"status-publish","4":"has-post-thumbnail","6":"product_cat-francja","7":"product_cat-francja-bordeaux","8":"product_cat-wina-swiata","10":"first","11":"instock","12":"shipping-taxable","13":"purchasable","14":"product-type-simple"},"_links":{"self":[{"href":"http:\/\/delikatesy.wineport.pl\/index.php?rest_route=\/wp\/v2\/product\/13812","targetHints":{"allow":["GET"]}}],"collection":[{"href":"http:\/\/delikatesy.wineport.pl\/index.php?rest_route=\/wp\/v2\/product"}],"about":[{"href":"http:\/\/delikatesy.wineport.pl\/index.php?rest_route=\/wp\/v2\/types\/product"}],"replies":[{"embeddable":true,"href":"http:\/\/delikatesy.wineport.pl\/index.php?rest_route=%2Fwp%2Fv2%2Fcomments&post=13812"}],"wp:featuredmedia":[{"embeddable":true,"href":"http:\/\/delikatesy.wineport.pl\/index.php?rest_route=\/wp\/v2\/media\/13811"}],"wp:attachment":[{"href":"http:\/\/delikatesy.wineport.pl\/index.php?rest_route=%2Fwp%2Fv2%2Fmedia&parent=13812"}],"wp:term":[{"taxonomy":"product_cat","embeddable":true,"href":"http:\/\/delikatesy.wineport.pl\/index.php?rest_route=%2Fwp%2Fv2%2Fproduct_cat&post=13812"},{"taxonomy":"product_tag","embeddable":true,"href":"http:\/\/delikatesy.wineport.pl\/index.php?rest_route=%2Fwp%2Fv2%2Fproduct_tag&post=13812"}],"curies":[{"name":"wp","href":"https:\/\/api.w.org\/{rel}","templated":true}]}}