{"id":13816,"date":"2024-03-14T13:48:39","date_gmt":"2024-03-14T12:48:39","guid":{"rendered":"http:\/\/delikatesy.wineport.pl\/?product=glencadam-12-yo-single-malt-portwood-finish-46-07"},"modified":"2026-05-10T19:03:11","modified_gmt":"2026-05-10T17:03:11","slug":"glencadam-12-yo-single-malt-portwood-finish-46-07","status":"publish","type":"product","link":"http:\/\/delikatesy.wineport.pl\/?product=glencadam-12-yo-single-malt-portwood-finish-46-07","title":{"rendered":"Glencadam 12 YO Single Malt Portwood Finish \/ 46% \/ 0,7"},"content":{"rendered":"<p><span style=\"color: #ff0000; font-size: 16px; font-family: arial, helvetica, sans-serif;\">UWAGA!!! NIE WYSY\u0141AMY ALKOHOLU W PRZYPADKU ZAM\u00d3WIE\u0143 OD OS\u00d3B PRYWATNYCH, TYLKO ODBI\u00d3R OSOBISTY NA UL. \u015aW. STANIS\u0141AWA 12 W WARSZAWIE!!! W przypadku op\u0142acenia zam\u00f3wienia alkoholu z wysy\u0142k\u0105, przy zwrocie pieni\u0119dzy zostanie potr\u0105cona prowizja\u00a0DOTPAY!<\/span><\/p>\n<p><span style=\"color: #ff0000; font-size: 16px; font-family: arial, helvetica, sans-serif;\">\u00a0<\/span><\/p>\n<p>zadebiutowa\u0142a na rynku pod koniec 2010 roku. Zosta\u0142a skomponowana z destylat\u00f3w kt\u00f3re dojrzewa\u0142y w beczkach po bourbonie, a nast\u0119pnie finiszowa\u0142y 20 miesi\u0119cy w beczkach po winie Porto. Dzi\u0119ki temu po\u0142\u0105czeniu Glencadam 12 letni jest przyk\u0142adem kunsztu\u00a0i tradycji. Tak jak inne wydania Glencadam, ta edycja posiada moc 46% i nie jest filtrowana na zimno. Aromat: wyra\u017any z nutami daktyli, cynamonu, czekolady, j\u0119czmienia, rabarbaru, brzoskwini i pieprzu \u00a0Smak: mocny i s\u0142odki z nutami karmelu, melasy, imbiru, \u015bliwki, s\u0142odu, kwiat\u00f3w, melona i przypraw Finisz: rozgrzewaj\u0105cy z akcentami imbiru, chili, ga\u0142ki muszkato\u0142owej i cynamonu<\/p>\n","protected":false},"excerpt":{"rendered":"<p>Whisky zadebiutowa\u0142a na rynku pod koniec 2010 roku. Zosta\u0142a skomponowana z destylat\u00f3w kt\u00f3re dojrzewa\u0142y w beczkach po bourbonie, a nast\u0119pnie finiszowa\u0142y 20 miesi\u0119cy w beczkach po winie Porto. Dzi\u0119ki temu po\u0142\u0105czeniu Glencadam 12 letni jest przyk\u0142adem kunsztu\u00a0i tradycji. Tak jak inne wydania Glencadam, ta edycja posiada moc 46% i nie jest filtrowana na zimno. Aromat: wyra\u017any z nutami daktyli, cynamonu, czekolady, j\u0119czmienia, rabarbaru, brzoskwini i pieprzu \u00a0Smak: mocny i s\u0142odki z nutami karmelu, melasy, imbiru, \u015bliwki, s\u0142odu, kwiat\u00f3w, melona i przypraw Finisz: rozgrzewaj\u0105cy z akcentami imbiru, chili, ga\u0142ki muszkato\u0142owej i cynamonu<\/p>\n","protected":false},"featured_media":13815,"comment_status":"open","ping_status":"closed","template":"","meta":[],"product_cat":[142,154,143],"product_tag":[],"class_list":{"0":"post-13816","1":"product","2":"type-product","3":"status-publish","4":"has-post-thumbnail","6":"product_cat-alkohole-mocne","7":"product_cat-szkocja","8":"product_cat-whisky","10":"first","11":"instock","12":"shipping-taxable","13":"purchasable","14":"product-type-simple"},"_links":{"self":[{"href":"http:\/\/delikatesy.wineport.pl\/index.php?rest_route=\/wp\/v2\/product\/13816","targetHints":{"allow":["GET"]}}],"collection":[{"href":"http:\/\/delikatesy.wineport.pl\/index.php?rest_route=\/wp\/v2\/product"}],"about":[{"href":"http:\/\/delikatesy.wineport.pl\/index.php?rest_route=\/wp\/v2\/types\/product"}],"replies":[{"embeddable":true,"href":"http:\/\/delikatesy.wineport.pl\/index.php?rest_route=%2Fwp%2Fv2%2Fcomments&post=13816"}],"wp:featuredmedia":[{"embeddable":true,"href":"http:\/\/delikatesy.wineport.pl\/index.php?rest_route=\/wp\/v2\/media\/13815"}],"wp:attachment":[{"href":"http:\/\/delikatesy.wineport.pl\/index.php?rest_route=%2Fwp%2Fv2%2Fmedia&parent=13816"}],"wp:term":[{"taxonomy":"product_cat","embeddable":true,"href":"http:\/\/delikatesy.wineport.pl\/index.php?rest_route=%2Fwp%2Fv2%2Fproduct_cat&post=13816"},{"taxonomy":"product_tag","embeddable":true,"href":"http:\/\/delikatesy.wineport.pl\/index.php?rest_route=%2Fwp%2Fv2%2Fproduct_tag&post=13816"}],"curies":[{"name":"wp","href":"https:\/\/api.w.org\/{rel}","templated":true}]}}