{"id":13906,"date":"2024-03-14T13:49:29","date_gmt":"2024-03-14T12:49:29","guid":{"rendered":"http:\/\/delikatesy.wineport.pl\/?product=whisky-loch-lomond-orginal-malt-40-07l"},"modified":"2026-05-17T21:12:01","modified_gmt":"2026-05-17T19:12:01","slug":"whisky-loch-lomond-orginal-malt-40-07l","status":"publish","type":"product","link":"http:\/\/delikatesy.wineport.pl\/?product=whisky-loch-lomond-orginal-malt-40-07l","title":{"rendered":"WHISKY LOCH LOMOND ORGINAL MALT 40% 0,7L"},"content":{"rendered":"<p>\u00a0<\/p>\n<p><span style=\"color: #ff0000; font-size: 16px; font-family: arial, helvetica, sans-serif;\">UWAGA!!! NIE WYSY\u0141AMY ALKOHOLU W PRZYPADKU ZAM\u00d3WIE\u0143 OD OS\u00d3B PRYWATNYCH, TYLKO ODBI\u00d3R OSOBISTY NA UL. \u015aW. STANIS\u0141AWA 12 W WARSZAWIE!!! W przypadku op\u0142acenia zam\u00f3wienia alkoholu z wysy\u0142k\u0105, przy zwrocie pieni\u0119dzy zostanie potr\u0105cona prowizja\u00a0DOTPAY!<\/span><\/p>\n<p>\u00a0<\/p>\n<p><span style=\"color: #ff0000; font-size: 16px; font-family: arial, helvetica, sans-serif;\">\u00a0<\/span><\/p>\n<p><span style=\"color: #333333; font-size: 13px; font-family: Arial, sans-serif;\">Loch Lomond Original debiutowa\u0142 rok p\u00f3\u017aniej, m\u0142ody\u00a0<\/span><em style=\"color: #333333; font-size: 13px; font-family: Arial, sans-serif;\">single malt<\/em><span style=\"color: #333333; font-size: 13px; font-family: Arial, sans-serif;\">, stanowi\u0105cy niez\u0142y wst\u0119p do rozleg\u0142ego portfela firmy. Whisky pochodzi z beczek po bourbonie, a butelkowana jest bez okre\u015blenia wieku, z zawarto\u015bci\u0105 alkoholu 40%. Aromat: lekki, s\u0142odowo-floralny, lawenda, mi\u00f3d, wanilia, zbo\u017cowe p\u0142atki \u015bniadaniowe, trawa cytrynowa, \u015blady sk\u00f3ry i d\u0119bu. Smak: s\u0142odowy, lekko spirytusowy, razowiec, zielone jab\u0142ka, pieczone platany, orzechy w\u0142oskie, nuty pieprzu i imbiru.<\/span><\/p>\n","protected":false},"excerpt":{"rendered":"<p style=\"color: #333333; font-size: 13px; font-family: Arial, sans-serif;\"><span style=\"color: #333333; font-size: 13px; font-family: Arial, sans-serif;\">Loch Lomond Original debiutowa\u0142 rok p\u00f3\u017aniej, m\u0142ody\u00a0<\/span><em style=\"color: #333333; font-size: 13px; font-family: Arial, sans-serif;\">single malt<\/em><span style=\"color: #333333; font-size: 13px; font-family: Arial, sans-serif;\">, stanowi\u0105cy niez\u0142y wst\u0119p do rozleg\u0142ego portfela firmy. Whisky pochodzi z beczek po bourbonie, a butelkowana jest bez okre\u015blenia wieku, z zawarto\u015bci\u0105 alkoholu 40%. Aromat: lekki, s\u0142odowo-floralny, lawenda, mi\u00f3d, wanilia, zbo\u017cowe p\u0142atki \u015bniadaniowe, trawa cytrynowa, \u015blady sk\u00f3ry i d\u0119bu. Smak: s\u0142odowy, lekko spirytusowy, razowiec, zielone jab\u0142ka, pieczone platany, orzechy w\u0142oskie, nuty pieprzu i imbiru.<\/span><\/p>\n","protected":false},"featured_media":13905,"comment_status":"open","ping_status":"closed","template":"","meta":[],"product_cat":[142,154,143],"product_tag":[],"class_list":{"0":"post-13906","1":"product","2":"type-product","3":"status-publish","4":"has-post-thumbnail","6":"product_cat-alkohole-mocne","7":"product_cat-szkocja","8":"product_cat-whisky","10":"first","11":"instock","12":"shipping-taxable","13":"purchasable","14":"product-type-simple"},"_links":{"self":[{"href":"http:\/\/delikatesy.wineport.pl\/index.php?rest_route=\/wp\/v2\/product\/13906","targetHints":{"allow":["GET"]}}],"collection":[{"href":"http:\/\/delikatesy.wineport.pl\/index.php?rest_route=\/wp\/v2\/product"}],"about":[{"href":"http:\/\/delikatesy.wineport.pl\/index.php?rest_route=\/wp\/v2\/types\/product"}],"replies":[{"embeddable":true,"href":"http:\/\/delikatesy.wineport.pl\/index.php?rest_route=%2Fwp%2Fv2%2Fcomments&post=13906"}],"wp:featuredmedia":[{"embeddable":true,"href":"http:\/\/delikatesy.wineport.pl\/index.php?rest_route=\/wp\/v2\/media\/13905"}],"wp:attachment":[{"href":"http:\/\/delikatesy.wineport.pl\/index.php?rest_route=%2Fwp%2Fv2%2Fmedia&parent=13906"}],"wp:term":[{"taxonomy":"product_cat","embeddable":true,"href":"http:\/\/delikatesy.wineport.pl\/index.php?rest_route=%2Fwp%2Fv2%2Fproduct_cat&post=13906"},{"taxonomy":"product_tag","embeddable":true,"href":"http:\/\/delikatesy.wineport.pl\/index.php?rest_route=%2Fwp%2Fv2%2Fproduct_tag&post=13906"}],"curies":[{"name":"wp","href":"https:\/\/api.w.org\/{rel}","templated":true}]}}