{"id":13910,"date":"2024-03-14T13:49:30","date_gmt":"2024-03-14T12:49:30","guid":{"rendered":"http:\/\/delikatesy.wineport.pl\/?product=rum-plantation-20th-anniversary-40-07l"},"modified":"2026-05-10T19:04:02","modified_gmt":"2026-05-10T17:04:02","slug":"rum-plantation-20th-anniversary-40-07l","status":"publish","type":"product","link":"http:\/\/delikatesy.wineport.pl\/?product=rum-plantation-20th-anniversary-40-07l","title":{"rendered":"RUM PLANTATION 20Th ANNIVERSARY 40% 0,7L"},"content":{"rendered":"<p>\u00a0<\/p>\n<p><span style=\"color: #ff0000; font-size: 16px; font-family: arial, helvetica, sans-serif;\">UWAGA!!! NIE WYSY\u0141AMY ALKOHOLU W PRZYPADKU ZAM\u00d3WIE\u0143 OD OS\u00d3B PRYWATNYCH, TYLKO ODBI\u00d3R OSOBISTY NA UL. \u015aW. STANIS\u0141AWA 12 W WARSZAWIE!!! W przypadku op\u0142acenia zam\u00f3wienia alkoholu z wysy\u0142k\u0105, przy zwrocie pieni\u0119dzy zostanie potr\u0105cona prowizja\u00a0DOTPAY!<\/span><\/p>\n<p>\u00a0<\/p>\n<p><span style=\"color: #ff0000; font-size: 16px; font-family: arial, helvetica, sans-serif;\">\u00a0<\/span><\/p>\n<p><span style=\"font-family: Tahoma, Arial, sans-serif;\">Plantation 20th Anniversary Barbados XO\u00a0w swoim sk\u0142adzie zawiera najstarsze, wyselekcjonowane rezerwy, kt\u00f3re dojrzewa\u0142y na Karaibach. Po przetransportowaniu do Francji (Chateau de Bonbonnet) rumy kupa\u017cowane s\u0105 ze sob\u0105 w doskona\u0142\u0105 mieszank\u0119. Gotowa kompozycja trafia ponownie do beczek, ale tym razem s\u0105 to ma\u0142e beczki po koniaku wykonane z francuskiego d\u0119bu. Dodatkowa maturacja trwa od 12 do 18 miesi\u0119cy, co nadaje alkoholowi niepor\u00f3wnywaln\u0105 kr\u0105g\u0142o\u015b\u0107 smaku i kremowy charakter. Rum Plantation 20th Anniversaru Barbados charakteryzuje si\u0119 kolorem starego mahoniu, dominuj\u0105ce aromaty, to egzotyczne akcenty trzciny cukrowej, d\u0105b, wanilia, pieczony kokos, kakao, kandyzowane pomara\u0144cze i tyto\u0144.\u00a0<\/span><\/p>\n","protected":false},"excerpt":{"rendered":"<p style=\"font-family: Tahoma, Arial, sans-serif;\">Plantation 20th Anniversary Barbados XO\u00a0w swoim sk\u0142adzie zawiera najstarsze, wyselekcjonowane rezerwy, kt\u00f3re dojrzewa\u0142y na Karaibach. Po przetransportowaniu do Francji (Chateau de Bonbonnet) rumy kupa\u017cowane s\u0105 ze sob\u0105 w doskona\u0142\u0105 mieszank\u0119. Gotowa kompozycja trafia ponownie do beczek, ale tym razem s\u0105 to ma\u0142e beczki po koniaku wykonane z francuskiego d\u0119bu. Dodatkowa maturacja trwa od 12 do 18 miesi\u0119cy, co nadaje alkoholowi niepor\u00f3wnywaln\u0105 kr\u0105g\u0142o\u015b\u0107 smaku i kremowy charakter. Rum Plantation 20th Anniversaru Barbados charakteryzuje si\u0119 kolorem starego mahoniu, dominuj\u0105ce aromaty, to egzotyczne akcenty trzciny cukrowej, d\u0105b, wanilia, pieczony kokos, kakao, kandyzowane pomara\u0144cze i tyto\u0144.\u00a0<\/p>\n","protected":false},"featured_media":13909,"comment_status":"open","ping_status":"closed","template":"","meta":[],"product_cat":[142,200],"product_tag":[],"class_list":{"0":"post-13910","1":"product","2":"type-product","3":"status-publish","4":"has-post-thumbnail","6":"product_cat-alkohole-mocne","7":"product_cat-rum","9":"first","10":"instock","11":"shipping-taxable","12":"purchasable","13":"product-type-simple"},"_links":{"self":[{"href":"http:\/\/delikatesy.wineport.pl\/index.php?rest_route=\/wp\/v2\/product\/13910","targetHints":{"allow":["GET"]}}],"collection":[{"href":"http:\/\/delikatesy.wineport.pl\/index.php?rest_route=\/wp\/v2\/product"}],"about":[{"href":"http:\/\/delikatesy.wineport.pl\/index.php?rest_route=\/wp\/v2\/types\/product"}],"replies":[{"embeddable":true,"href":"http:\/\/delikatesy.wineport.pl\/index.php?rest_route=%2Fwp%2Fv2%2Fcomments&post=13910"}],"wp:featuredmedia":[{"embeddable":true,"href":"http:\/\/delikatesy.wineport.pl\/index.php?rest_route=\/wp\/v2\/media\/13909"}],"wp:attachment":[{"href":"http:\/\/delikatesy.wineport.pl\/index.php?rest_route=%2Fwp%2Fv2%2Fmedia&parent=13910"}],"wp:term":[{"taxonomy":"product_cat","embeddable":true,"href":"http:\/\/delikatesy.wineport.pl\/index.php?rest_route=%2Fwp%2Fv2%2Fproduct_cat&post=13910"},{"taxonomy":"product_tag","embeddable":true,"href":"http:\/\/delikatesy.wineport.pl\/index.php?rest_route=%2Fwp%2Fv2%2Fproduct_tag&post=13910"}],"curies":[{"name":"wp","href":"https:\/\/api.w.org\/{rel}","templated":true}]}}