{"id":13912,"date":"2024-03-14T13:49:30","date_gmt":"2024-03-14T12:49:30","guid":{"rendered":"http:\/\/delikatesy.wineport.pl\/?product=gin-masters-london-dry-40-07l"},"modified":"2026-05-10T19:04:55","modified_gmt":"2026-05-10T17:04:55","slug":"gin-masters-london-dry-40-07l","status":"publish","type":"product","link":"http:\/\/delikatesy.wineport.pl\/?product=gin-masters-london-dry-40-07l","title":{"rendered":"GIN MASTER&#8217;S LONDON DRY 40% 0,7L"},"content":{"rendered":"<p><span style=\"color: #444444; font-size: 13px; font-family: HelveticaNeueW02-55Roma, Arial;\">\u00a0<\/span><\/p>\n<p><span style=\"color: #ff0000; font-size: 16px; font-family: arial, helvetica, sans-serif;\">UWAGA!!! NIE WYSY\u0141AMY ALKOHOLU W PRZYPADKU ZAM\u00d3WIE\u0143 OD OS\u00d3B PRYWATNYCH, TYLKO ODBI\u00d3R OSOBISTY NA UL. \u015aW. STANIS\u0141AWA 12 W WARSZAWIE!!! W przypadku op\u0142acenia zam\u00f3wienia alkoholu z wysy\u0142k\u0105, przy zwrocie pieni\u0119dzy zostanie potr\u0105cona prowizja\u00a0DOTPAY!<\/span><\/p>\n<p>\u00a0<\/p>\n<p><span style=\"color: #ff0000; font-size: 16px; font-family: arial, helvetica, sans-serif;\">\u00a0<\/span><\/p>\n<p><span style=\"color: #444444; font-size: 13px; font-family: HelveticaNeueW02-55Roma, Arial;\">Ten wybitny Gin to\u00a0<\/span><span style=\"color: #444444; font-size: 13px; font-family: HelveticaNeueW02-75Bold;\">po\u0142\u0105czenie czystego alkoholu<\/span><span style=\"color: #444444; font-size: 13px; font-family: HelveticaNeueW02-55Roma, Arial;\">\u00a0zbo\u017cowego i naturalnych sk\u0142adnik\u00f3w: jag\u00f3d ja\u0142owca, nasion kolendry, arcydzi\u0119gla, imbiru, cynamonu, sk\u00f3rki owoc\u00f3w cytrusowych oraz zi\u00f3\u0142.\u00a0<\/span><span style=\"color: #444444; font-size: 13px; font-family: HelveticaNeueW02-75Bold;\">Potr\u00f3jnie destylowany<\/span><span style=\"color: #444444; font-size: 13px; font-family: HelveticaNeueW02-55Roma, Arial;\">\u00a0trunek powstaje z w\u00f3dki zbo\u017cowej doskona\u0142ej jako\u015bci. Destylacja zachodzi w miedzianych kot\u0142ach, poniewa\u017c to w\u0142a\u015bnie dzi\u0119ki takiemu zabiegowi alkohol nabiera\u00a0<\/span><span style=\"color: #444444; font-size: 13px; font-family: HelveticaNeueW02-75Bold;\">charakterystycznego smaku i aromatu<\/span><span style=\"color: #444444; font-size: 13px; font-family: HelveticaNeueW02-55Roma, Arial;\">.<\/span><\/p>\n","protected":false},"excerpt":{"rendered":"<p><span style=\"color: #444444; font-size: 13px; font-family: HelveticaNeueW02-55Roma, Arial;\">\u00a0Ten wybitny Gin to\u00a0<\/span><span style=\"color: #444444; font-size: 13px; font-family: HelveticaNeueW02-75Bold;\">po\u0142\u0105czenie czystego alkoholu<\/span><span style=\"color: #444444; font-size: 13px; font-family: HelveticaNeueW02-55Roma, Arial;\">\u00a0zbo\u017cowego i naturalnych sk\u0142adnik\u00f3w: jag\u00f3d ja\u0142owca, nasion kolendry, arcydzi\u0119gla, imbiru, cynamonu, sk\u00f3rki owoc\u00f3w cytrusowych oraz zi\u00f3\u0142.\u00a0<\/span><span style=\"color: #444444; font-size: 13px; font-family: HelveticaNeueW02-75Bold;\">Potr\u00f3jnie destylowany<\/span><span style=\"color: #444444; font-size: 13px; font-family: HelveticaNeueW02-55Roma, Arial;\">\u00a0trunek powstaje z w\u00f3dki zbo\u017cowej doskona\u0142ej jako\u015bci. Destylacja zachodzi w miedzianych kot\u0142ach, poniewa\u017c to w\u0142a\u015bnie dzi\u0119ki takiemu zabiegowi alkohol nabiera\u00a0<\/span><span style=\"color: #444444; font-size: 13px; font-family: HelveticaNeueW02-75Bold;\">charakterystycznego smaku i aromatu<\/span><span style=\"color: #444444; font-size: 13px; font-family: HelveticaNeueW02-55Roma, Arial;\">.<\/span><\/p>\n","protected":false},"featured_media":13911,"comment_status":"open","ping_status":"closed","template":"","meta":[],"product_cat":[142,194],"product_tag":[],"class_list":{"0":"post-13912","1":"product","2":"type-product","3":"status-publish","4":"has-post-thumbnail","6":"product_cat-alkohole-mocne","7":"product_cat-gin","9":"first","10":"instock","11":"shipping-taxable","12":"purchasable","13":"product-type-simple"},"_links":{"self":[{"href":"http:\/\/delikatesy.wineport.pl\/index.php?rest_route=\/wp\/v2\/product\/13912","targetHints":{"allow":["GET"]}}],"collection":[{"href":"http:\/\/delikatesy.wineport.pl\/index.php?rest_route=\/wp\/v2\/product"}],"about":[{"href":"http:\/\/delikatesy.wineport.pl\/index.php?rest_route=\/wp\/v2\/types\/product"}],"replies":[{"embeddable":true,"href":"http:\/\/delikatesy.wineport.pl\/index.php?rest_route=%2Fwp%2Fv2%2Fcomments&post=13912"}],"wp:featuredmedia":[{"embeddable":true,"href":"http:\/\/delikatesy.wineport.pl\/index.php?rest_route=\/wp\/v2\/media\/13911"}],"wp:attachment":[{"href":"http:\/\/delikatesy.wineport.pl\/index.php?rest_route=%2Fwp%2Fv2%2Fmedia&parent=13912"}],"wp:term":[{"taxonomy":"product_cat","embeddable":true,"href":"http:\/\/delikatesy.wineport.pl\/index.php?rest_route=%2Fwp%2Fv2%2Fproduct_cat&post=13912"},{"taxonomy":"product_tag","embeddable":true,"href":"http:\/\/delikatesy.wineport.pl\/index.php?rest_route=%2Fwp%2Fv2%2Fproduct_tag&post=13912"}],"curies":[{"name":"wp","href":"https:\/\/api.w.org\/{rel}","templated":true}]}}