{"id":13916,"date":"2024-03-14T13:49:31","date_gmt":"2024-03-14T12:49:31","guid":{"rendered":"http:\/\/delikatesy.wineport.pl\/?product=cachaca-aquacana-375-07l"},"modified":"2026-05-10T19:04:56","modified_gmt":"2026-05-10T17:04:56","slug":"cachaca-aquacana-375-07l","status":"publish","type":"product","link":"http:\/\/delikatesy.wineport.pl\/?product=cachaca-aquacana-375-07l","title":{"rendered":"CACHACA AQUACANA 37,5% 0,7L"},"content":{"rendered":"<p>\u00a0<\/p>\n<p><span style=\"color: #ff0000; font-size: 16px; font-family: arial, helvetica, sans-serif;\">UWAGA!!! NIE WYSY\u0141AMY ALKOHOLU W PRZYPADKU ZAM\u00d3WIE\u0143 OD OS\u00d3B PRYWATNYCH, TYLKO ODBI\u00d3R OSOBISTY NA UL. \u015aW. STANIS\u0141AWA 12 W WARSZAWIE!!! W przypadku op\u0142acenia zam\u00f3wienia alkoholu z wysy\u0142k\u0105, przy zwrocie pieni\u0119dzy zostanie potr\u0105cona prowizja\u00a0DOTPAY!<\/span><\/p>\n<p><span style=\"color: #ff0000; font-size: 16px; font-family: arial, helvetica, sans-serif;\">\u00a0<\/span><\/p>\n<p>CACHACA AQUACANA\u00a0jest napojem alkoholowym otrzymywanym podczas fermentacji \u015bwie\u017cego soku z trzciny cukrowej. Jest to brazylijska w\u00f3dka zwana r\u00f3wnie\u017c\u201d brazylijskim rumem\u201d. CACHACA AQUACANA\u00a0 charakteryzuje si\u0119 \u015bwie\u017cym i \u0142agodnym smakiem trzciny cukrowej. Jest idealnym dodatkiem do drink\u00f3w i koktajli, z kt\u00f3rych najwi\u0119ksz\u0105 mi\u0119dzynarodow\u0105 s\u0142aw\u0105 cieszy si\u0119 Caipirinha, czyli zmieszana AQUACANA \u2013 cachaca z pokrojon\u0105 limonk\u0105 b\u0105d\u017c cytryn\u0105, cukrem i pokruszonym lodem.<\/p>\n","protected":false},"excerpt":{"rendered":"<p>\u00a0CACHACA AQUACANA\u00a0jest napojem alkoholowym otrzymywanym podczas fermentacji \u015bwie\u017cego soku z trzciny cukrowej. Jest to brazylijska w\u00f3dka zwana r\u00f3wnie\u017c\u201d brazylijskim rumem\u201d. CACHACA AQUACANA\u00a0 charakteryzuje si\u0119 \u015bwie\u017cym i \u0142agodnym smakiem trzciny cukrowej. Jest idealnym dodatkiem do drink\u00f3w i koktajli, z kt\u00f3rych najwi\u0119ksz\u0105 mi\u0119dzynarodow\u0105 s\u0142aw\u0105 cieszy si\u0119 Caipirinha, czyli zmieszana AQUACANA \u2013 cachaca z pokrojon\u0105 limonk\u0105 b\u0105d\u017c cytryn\u0105, cukrem i pokruszonym lodem.<\/p>\n","protected":false},"featured_media":13915,"comment_status":"open","ping_status":"closed","template":"","meta":[],"product_cat":[190,142],"product_tag":[],"class_list":{"0":"post-13916","1":"product","2":"type-product","3":"status-publish","4":"has-post-thumbnail","6":"product_cat-wodka","7":"product_cat-alkohole-mocne","9":"first","10":"instock","11":"shipping-taxable","12":"purchasable","13":"product-type-simple"},"_links":{"self":[{"href":"http:\/\/delikatesy.wineport.pl\/index.php?rest_route=\/wp\/v2\/product\/13916","targetHints":{"allow":["GET"]}}],"collection":[{"href":"http:\/\/delikatesy.wineport.pl\/index.php?rest_route=\/wp\/v2\/product"}],"about":[{"href":"http:\/\/delikatesy.wineport.pl\/index.php?rest_route=\/wp\/v2\/types\/product"}],"replies":[{"embeddable":true,"href":"http:\/\/delikatesy.wineport.pl\/index.php?rest_route=%2Fwp%2Fv2%2Fcomments&post=13916"}],"wp:featuredmedia":[{"embeddable":true,"href":"http:\/\/delikatesy.wineport.pl\/index.php?rest_route=\/wp\/v2\/media\/13915"}],"wp:attachment":[{"href":"http:\/\/delikatesy.wineport.pl\/index.php?rest_route=%2Fwp%2Fv2%2Fmedia&parent=13916"}],"wp:term":[{"taxonomy":"product_cat","embeddable":true,"href":"http:\/\/delikatesy.wineport.pl\/index.php?rest_route=%2Fwp%2Fv2%2Fproduct_cat&post=13916"},{"taxonomy":"product_tag","embeddable":true,"href":"http:\/\/delikatesy.wineport.pl\/index.php?rest_route=%2Fwp%2Fv2%2Fproduct_tag&post=13916"}],"curies":[{"name":"wp","href":"https:\/\/api.w.org\/{rel}","templated":true}]}}