{"id":13952,"date":"2024-03-14T13:50:32","date_gmt":"2024-03-14T12:50:32","guid":{"rendered":"http:\/\/delikatesy.wineport.pl\/?product=wino-la-vieille-ferme-cotes-du-luberon-b-w-075l"},"modified":"2026-05-10T19:05:07","modified_gmt":"2026-05-10T17:05:07","slug":"wino-la-vieille-ferme-cotes-du-luberon-b-w-075l","status":"publish","type":"product","link":"http:\/\/delikatesy.wineport.pl\/?product=wino-la-vieille-ferme-cotes-du-luberon-b-w-075l","title":{"rendered":"Wino La Vieille Ferme Cotes du Luberon b\/w 0,75l"},"content":{"rendered":"<p style=\"color: #555555; font-family: &quot;;\"><span style=\"color: #ff0000;\">UWAGA!!! NIE WYSY\u0141AMY ALKOHOLU KURIEREM W PRZYPADKU ZAM\u00d3WIE\u0143 OD OS\u00d3B PRYWATNYCH, TYLKO ODBI\u00d3R OSOBISTY NA UL. \u015aW. STANIS\u0141AWA 12 W WARSZAWIE!!! W przypadku op\u0142acenia zam\u00f3wienia alkoholu z wysy\u0142k\u0105, przy zwrocie pieni\u0119dzy zostanie potr\u0105cona prowizja\u00a0<\/span><strong style=\"color: #ff0000;\">DOTPAY<\/strong><span style=\"color: #ff0000;\">!<\/span><\/p>\n<p style=\"color: #555555; font-family: &quot;;\">Wino o jasno-\u017co\u0142tej barwie z zielonymi refleksami. Nos z zielonymi owocami, pszenic\u0105, orzechami laskowymi, migda\u0142ami, gruszk\u0105, grejpfrutem i p\u0142atkami bia\u0142ych kwiat\u00f3w.W ustach delikatne, aromatyczne. Wino idealne jako aperitif oraz do w\u0119dzonych ryb, kurczaka i potraw kuchni \u015br\u00f3dziemnomorskiej.<\/p>\n<p style=\"color: #555555; font-family: &quot;;\">Zdobyte nagrody:\u00a0<br \/>87 \u2013 Wine Advocate<br \/>86 \u2013 Wine Spectator<br \/>Best Values \u2013 Wine Spectator<\/p>\n","protected":false},"excerpt":{"rendered":"<p style=\"color: #555555; font-family: &quot;;\">Wino o jasno-\u017co\u0142tej barwie z zielonymi refleksami. Nos z zielonymi owocami, pszenic\u0105, orzechami laskowymi, migda\u0142ami, gruszk\u0105, grejpfrutem i p\u0142atkami bia\u0142ych kwiat\u00f3w.W ustach delikatne, aromatyczne. Wino idealne jako aperitif oraz do w\u0119dzonych ryb, kurczaka i potraw kuchni \u015br\u00f3dziemnomorskiej.<\/p>\n<p style=\"color: #555555; font-family: &quot;;\">Zdobyte nagrody:\u00a0<br \/>87 \u2013 Wine Advocate<br \/>86 \u2013 Wine Spectator<br \/>Best Values \u2013 Wine Spectator<\/p>\n","protected":false},"featured_media":13951,"comment_status":"open","ping_status":"closed","template":"","meta":[],"product_cat":[83,128,80],"product_tag":[],"class_list":{"0":"post-13952","1":"product","2":"type-product","3":"status-publish","4":"has-post-thumbnail","6":"product_cat-francja","7":"product_cat-francja-burgundia","8":"product_cat-wina-swiata","10":"first","11":"instock","12":"shipping-taxable","13":"purchasable","14":"product-type-simple"},"_links":{"self":[{"href":"http:\/\/delikatesy.wineport.pl\/index.php?rest_route=\/wp\/v2\/product\/13952","targetHints":{"allow":["GET"]}}],"collection":[{"href":"http:\/\/delikatesy.wineport.pl\/index.php?rest_route=\/wp\/v2\/product"}],"about":[{"href":"http:\/\/delikatesy.wineport.pl\/index.php?rest_route=\/wp\/v2\/types\/product"}],"replies":[{"embeddable":true,"href":"http:\/\/delikatesy.wineport.pl\/index.php?rest_route=%2Fwp%2Fv2%2Fcomments&post=13952"}],"wp:featuredmedia":[{"embeddable":true,"href":"http:\/\/delikatesy.wineport.pl\/index.php?rest_route=\/wp\/v2\/media\/13951"}],"wp:attachment":[{"href":"http:\/\/delikatesy.wineport.pl\/index.php?rest_route=%2Fwp%2Fv2%2Fmedia&parent=13952"}],"wp:term":[{"taxonomy":"product_cat","embeddable":true,"href":"http:\/\/delikatesy.wineport.pl\/index.php?rest_route=%2Fwp%2Fv2%2Fproduct_cat&post=13952"},{"taxonomy":"product_tag","embeddable":true,"href":"http:\/\/delikatesy.wineport.pl\/index.php?rest_route=%2Fwp%2Fv2%2Fproduct_tag&post=13952"}],"curies":[{"name":"wp","href":"https:\/\/api.w.org\/{rel}","templated":true}]}}