{"id":13956,"date":"2024-03-14T13:50:35","date_gmt":"2024-03-14T12:50:35","guid":{"rendered":"http:\/\/delikatesy.wineport.pl\/?product=ciasteczka-dunskie-maslane-w-puszce-200g-designer-line"},"modified":"2026-05-10T19:05:08","modified_gmt":"2026-05-10T17:05:08","slug":"ciasteczka-dunskie-maslane-w-puszce-200g-designer-line","status":"publish","type":"product","link":"http:\/\/delikatesy.wineport.pl\/?product=ciasteczka-dunskie-maslane-w-puszce-200g-designer-line","title":{"rendered":"Ciasteczka du\u0144skie ma\u015blane w puszce 200g designer line"},"content":{"rendered":"<p><span style=\"font-size: medium; font-family: Verdana, Arial, Tahoma;\">Du\u0144skie Ciasteczka klasy premium zapakowane w pi\u0119kna puszk\u0119. Idealne opakowanie na prezent!<\/span><\/p>\n","protected":false},"excerpt":{"rendered":"<p><span style=\"font-size: medium; font-family: Verdana, Arial, Tahoma;\">Du\u0144skie Ciasteczka klasy premium zapakowane w pi\u0119kna puszk\u0119. Idealne opakowanie na prezent!<\/span><\/p>\n","protected":false},"featured_media":13955,"comment_status":"open","ping_status":"closed","template":"","meta":[],"product_cat":[173,198],"product_tag":[],"class_list":{"0":"post-13956","1":"product","2":"type-product","3":"status-publish","4":"has-post-thumbnail","6":"product_cat-artykuly-delikatesowe","7":"product_cat-pozostale-slodycze","9":"first","10":"instock","11":"shipping-taxable","12":"purchasable","13":"product-type-simple"},"_links":{"self":[{"href":"http:\/\/delikatesy.wineport.pl\/index.php?rest_route=\/wp\/v2\/product\/13956","targetHints":{"allow":["GET"]}}],"collection":[{"href":"http:\/\/delikatesy.wineport.pl\/index.php?rest_route=\/wp\/v2\/product"}],"about":[{"href":"http:\/\/delikatesy.wineport.pl\/index.php?rest_route=\/wp\/v2\/types\/product"}],"replies":[{"embeddable":true,"href":"http:\/\/delikatesy.wineport.pl\/index.php?rest_route=%2Fwp%2Fv2%2Fcomments&post=13956"}],"wp:featuredmedia":[{"embeddable":true,"href":"http:\/\/delikatesy.wineport.pl\/index.php?rest_route=\/wp\/v2\/media\/13955"}],"wp:attachment":[{"href":"http:\/\/delikatesy.wineport.pl\/index.php?rest_route=%2Fwp%2Fv2%2Fmedia&parent=13956"}],"wp:term":[{"taxonomy":"product_cat","embeddable":true,"href":"http:\/\/delikatesy.wineport.pl\/index.php?rest_route=%2Fwp%2Fv2%2Fproduct_cat&post=13956"},{"taxonomy":"product_tag","embeddable":true,"href":"http:\/\/delikatesy.wineport.pl\/index.php?rest_route=%2Fwp%2Fv2%2Fproduct_tag&post=13956"}],"curies":[{"name":"wp","href":"https:\/\/api.w.org\/{rel}","templated":true}]}}