{"id":13962,"date":"2024-03-14T13:50:36","date_gmt":"2024-03-14T12:50:36","guid":{"rendered":"http:\/\/delikatesy.wineport.pl\/?product=varaschin-prosecco-valdobbiadene-superiore-docg-brut"},"modified":"2026-05-10T19:05:10","modified_gmt":"2026-05-10T17:05:10","slug":"varaschin-prosecco-valdobbiadene-superiore-docg-brut","status":"publish","type":"product","link":"http:\/\/delikatesy.wineport.pl\/?product=varaschin-prosecco-valdobbiadene-superiore-docg-brut","title":{"rendered":"VARASCHIN PROSECCO VALDOBBIADENE SUPERIORE DOCG BRUT"},"content":{"rendered":"<p><span style=\"color: #ff0000;\">UWAGA!!! NIE WYSY\u0141AMY ALKOHOLU KURIEREM W PRZYPADKU ZAM\u00d3WIE\u0143 OD OS\u00d3B PRYWATNYCH, TYLKO ODBI\u00d3R OSOBISTY NA UL. \u015aW. STANIS\u0141AWA 12 W WARSZAWIE!!! W przypadku op\u0142acenia zam\u00f3wienia alkoholu z wysy\u0142k\u0105, przy zwrocie pieni\u0119dzy zostanie potr\u0105cona prowizja\u00a0<\/span><strong style=\"color: #ff0000;\">DOTPAY<\/strong><span style=\"color: #ff0000;\">!<\/span><\/p>\n<p>Doskona\u0142e Prosecco z apelacji Valdobbiadene Superiore \u00a0DOCG o s\u0142omkowym kolorze z delikatnymi refleksami zieleni. Posiada ono delikatn\u0105, kremow\u0105 piank\u0119 praz ma\u0142e d\u0142ugotrwa\u0142e b\u0105belki. Odczuwamy \u015bwie\u017cy i intensywny aromat dojrza\u0142ych owoc\u00f3w, kt\u00f3ry z czasem przechodzi w delikatne nutyt kwiat\u00f3w. Zdecydowanie jest to wielkie wino ze szlachetn\u0105 surowo\u015bci\u0105, w ustach pe\u0142ne, ale nieci\u0119\u017ckie, pozostawia aromaty brzoskwini i melona .<\/p>\n","protected":false},"excerpt":{"rendered":"<p>Doskona\u0142e Prosecco z apelacji Valdobbiadene Superiore \u00a0DOCG o s\u0142omkowym kolorze z delikatnymi refleksami zieleni. Posiada ono delikatn\u0105, kremow\u0105 piank\u0119 praz ma\u0142e d\u0142ugotrwa\u0142e b\u0105belki. Odczuwamy \u015bwie\u017cy i intensywny aromat dojrza\u0142ych owoc\u00f3w, kt\u00f3ry z czasem przechodzi w delikatne nutyt kwiat\u00f3w. Zdecydowanie jest to wielkie wino ze szlachetn\u0105 surowo\u015bci\u0105, w ustach pe\u0142ne, ale nieci\u0119\u017ckie, pozostawia aromaty brzoskwini i melona .<\/p>\n","protected":false},"featured_media":13961,"comment_status":"open","ping_status":"closed","template":"","meta":[],"product_cat":[80,95,97],"product_tag":[],"class_list":{"0":"post-13962","1":"product","2":"type-product","3":"status-publish","4":"has-post-thumbnail","6":"product_cat-wina-swiata","7":"product_cat-wlochy","8":"product_cat-wlochy-veneto","10":"first","11":"instock","12":"shipping-taxable","13":"purchasable","14":"product-type-simple"},"_links":{"self":[{"href":"http:\/\/delikatesy.wineport.pl\/index.php?rest_route=\/wp\/v2\/product\/13962","targetHints":{"allow":["GET"]}}],"collection":[{"href":"http:\/\/delikatesy.wineport.pl\/index.php?rest_route=\/wp\/v2\/product"}],"about":[{"href":"http:\/\/delikatesy.wineport.pl\/index.php?rest_route=\/wp\/v2\/types\/product"}],"replies":[{"embeddable":true,"href":"http:\/\/delikatesy.wineport.pl\/index.php?rest_route=%2Fwp%2Fv2%2Fcomments&post=13962"}],"wp:featuredmedia":[{"embeddable":true,"href":"http:\/\/delikatesy.wineport.pl\/index.php?rest_route=\/wp\/v2\/media\/13961"}],"wp:attachment":[{"href":"http:\/\/delikatesy.wineport.pl\/index.php?rest_route=%2Fwp%2Fv2%2Fmedia&parent=13962"}],"wp:term":[{"taxonomy":"product_cat","embeddable":true,"href":"http:\/\/delikatesy.wineport.pl\/index.php?rest_route=%2Fwp%2Fv2%2Fproduct_cat&post=13962"},{"taxonomy":"product_tag","embeddable":true,"href":"http:\/\/delikatesy.wineport.pl\/index.php?rest_route=%2Fwp%2Fv2%2Fproduct_tag&post=13962"}],"curies":[{"name":"wp","href":"https:\/\/api.w.org\/{rel}","templated":true}]}}