{"id":13990,"date":"2024-03-14T13:50:47","date_gmt":"2024-03-14T12:50:47","guid":{"rendered":"http:\/\/delikatesy.wineport.pl\/?product=perricone-nero-davola-terre-siciliane-igp-speranza15-075l"},"modified":"2026-05-10T19:05:58","modified_gmt":"2026-05-10T17:05:58","slug":"perricone-nero-davola-terre-siciliane-igp-speranza15-075l","status":"publish","type":"product","link":"http:\/\/delikatesy.wineport.pl\/?product=perricone-nero-davola-terre-siciliane-igp-speranza15-075l","title":{"rendered":"PERRICONE NERO D`AVOLA TERRE SICILIANE IGP &#8220;SPERANZA&#8221;15% 0,75l"},"content":{"rendered":"<h1 class=\"wine\" style=\"font-size: 12px; font-family: Arial, Helvetica, sans-serif;\"><span style=\"color: #ff0000;\">UWAGA!!! NIE WYSY\u0141AMY ALKOHOLU KURIEREM W PRZYPADKU ZAM\u00d3WIE\u0143 OD OS\u00d3B PRYWATNYCH, TYLKO ODBI\u00d3R OSOBISTY NA UL. \u015aW. STANIS\u0141AWA 12 W WARSZAWIE!!! W przypadku op\u0142acenia zam\u00f3wienia alkoholu z wysy\u0142k\u0105, przy zwrocie pieni\u0119dzy zostanie potr\u0105cona prowizja\u00a0<\/span><strong style=\"color: #ff0000;\">DOTPAY<\/strong><span style=\"color: #ff0000;\">!<\/span><\/h1>\n<h1 class=\"wine\" style=\"font-size: 12px; font-family: Arial, Helvetica, sans-serif;\">Wino Czerwone wytrawne<\/h1>\n<h1 class=\"wine\" style=\"font-size: 12px; font-family: Arial, Helvetica, sans-serif;\">klasyfikacja wina: Terre Siciliane IGP \u00a0Perricone Nero d`Avola<\/h1>\n<div class=\"beschreibung\" style=\"font-size: 12px; font-family: Arial, Helvetica, sans-serif;\">\n<p>Alc. Vol%: 15<\/p>\n<p>szczepy winogron: Perricone 80% and Nero d\u2019Avola 20%<\/p>\n<p>Roczna produkcja: 6 000 butelek<\/p>\n<p>miejsce produkcji: Winnice w rejonie Mazara del Vallo &#8211; Province of Trapani \u2013 Sicily<\/p>\n<p>Czas zbior\u00f3w: pocz\u0105tek wrze\u015bnia<\/p>\n<p>Dojrzewanie: minimum 12 miesi\u0119cy w beczkach d\u0119bowych<\/p>\n<p>\u00a0<\/p>\n<p>kolor: Intensywny czerwony<\/p>\n<p>Bukiet\u00a0:\u00a0winny z delikatnymi aromatami przypraw i owoc\u00f3w<\/p>\n<p>Smak: elegancki pe\u0142ny cia\u0142a ze wspaniale zbalansowanymi i zbudowanymi taninami<\/p>\n<p>najlepsze zestawienia z jedzeniem:\u00a0\u00a0z wykwintnym pieczonym mi\u0119sem jak dziczyzna czy pol\u0119dwica wo\u0142owa oraz najwy\u017cszej klasy dojrzewaj\u0105ce sery<\/p>\n<p>\u00a0<\/p>\n<p>temperatura podawania:\u00a0\u00a018-20\u00b0C<\/p>\n<p>\u00a0<\/p>\n<\/p><\/div>\n","protected":false},"excerpt":{"rendered":"<h1 class=\"wine\" style=\"font-size: 12px; font-family: Arial, Helvetica, sans-serif;\">PERRICONE NERO D`AVOLA TERRE SICILIANE IGP SPERANZA<\/h1>\n<div class=\"beschreibung\" style=\"font-size: 12px; font-family: Arial, Helvetica, sans-serif;\">\n<p>Wine type: red wine<\/p>\n<p>Wine: Terre Siciliane IGP \u00a0Perricone Nero d`Avola<\/p>\n<p>Alc. Vol%: 15<\/p>\n<p>Grape: Perricone 80% and Nero d\u2019Avola 20%<\/p>\n<p>Total production: 6 000 bt<\/p>\n<p>Production zone: vineyards in the area of Mazara del Vallo &#8211; Province of Trapani \u2013 Sicily<\/p>\n<p>Vintage period: beginning of September<\/p>\n<p>Fermentation: in steel tanks at a controlled temperature of 26\/28\u00b0C for 10 days of peel maceration.<\/p>\n<p>Aging: once the malolactic fermentation is over the wine is aged for 12 months in barriques<\/p>\n<p>\u00a0<\/p>\n<p>Characteristics:<\/p>\n<p>Colour: intense red<\/p>\n<p>Bouquet: vinous with delicate aromas of spices and fruits<\/p>\n<p>Flavour: elegant, full bodied with well balanced tannins<\/p>\n<p>Pairing: with roast,\u00a0 solid dishes and matured cheese<\/p>\n<p>\u00a0<\/p>\n<p>Tasting Temperature: 18-20\u00b0C<\/p>\n<p>\u00a0<\/p>\n<\/p><\/div>\n","protected":false},"featured_media":13989,"comment_status":"open","ping_status":"closed","template":"","meta":[],"product_cat":[80,95,120],"product_tag":[],"class_list":{"0":"post-13990","1":"product","2":"type-product","3":"status-publish","4":"has-post-thumbnail","6":"product_cat-wina-swiata","7":"product_cat-wlochy","8":"product_cat-wlochy-sicilia","10":"first","11":"instock","12":"shipping-taxable","13":"purchasable","14":"product-type-simple"},"_links":{"self":[{"href":"http:\/\/delikatesy.wineport.pl\/index.php?rest_route=\/wp\/v2\/product\/13990","targetHints":{"allow":["GET"]}}],"collection":[{"href":"http:\/\/delikatesy.wineport.pl\/index.php?rest_route=\/wp\/v2\/product"}],"about":[{"href":"http:\/\/delikatesy.wineport.pl\/index.php?rest_route=\/wp\/v2\/types\/product"}],"replies":[{"embeddable":true,"href":"http:\/\/delikatesy.wineport.pl\/index.php?rest_route=%2Fwp%2Fv2%2Fcomments&post=13990"}],"wp:featuredmedia":[{"embeddable":true,"href":"http:\/\/delikatesy.wineport.pl\/index.php?rest_route=\/wp\/v2\/media\/13989"}],"wp:attachment":[{"href":"http:\/\/delikatesy.wineport.pl\/index.php?rest_route=%2Fwp%2Fv2%2Fmedia&parent=13990"}],"wp:term":[{"taxonomy":"product_cat","embeddable":true,"href":"http:\/\/delikatesy.wineport.pl\/index.php?rest_route=%2Fwp%2Fv2%2Fproduct_cat&post=13990"},{"taxonomy":"product_tag","embeddable":true,"href":"http:\/\/delikatesy.wineport.pl\/index.php?rest_route=%2Fwp%2Fv2%2Fproduct_tag&post=13990"}],"curies":[{"name":"wp","href":"https:\/\/api.w.org\/{rel}","templated":true}]}}