{"id":13992,"date":"2024-03-14T13:50:48","date_gmt":"2024-03-14T12:50:48","guid":{"rendered":"http:\/\/delikatesy.wineport.pl\/?product=pichetta-cabernet-sauvignon-nero-davola-145-075l"},"modified":"2026-05-10T19:05:59","modified_gmt":"2026-05-10T17:05:59","slug":"pichetta-cabernet-sauvignon-nero-davola-145-075l","status":"publish","type":"product","link":"http:\/\/delikatesy.wineport.pl\/?product=pichetta-cabernet-sauvignon-nero-davola-145-075l","title":{"rendered":"Pichetta Cabernet Sauvignon &#8211; Nero D&#8217;Avola 14,5% 0,75l"},"content":{"rendered":"<h1 class=\"wine\" style=\"font-size: 12px; font-family: Arial, Helvetica, sans-serif;\"><span style=\"color: #ff0000;\">UWAGA!!! NIE WYSY\u0141AMY ALKOHOLU KURIEREM W PRZYPADKU ZAM\u00d3WIE\u0143 OD OS\u00d3B PRYWATNYCH, TYLKO ODBI\u00d3R OSOBISTY NA UL. \u015aW. STANIS\u0141AWA 12 W WARSZAWIE!!! W przypadku op\u0142acenia zam\u00f3wienia alkoholu z wysy\u0142k\u0105, przy zwrocie pieni\u0119dzy zostanie potr\u0105cona prowizja\u00a0<\/span><strong style=\"color: #ff0000;\">DOTPAY<\/strong><span style=\"color: #ff0000;\">!<\/span><\/h1>\n<h1 class=\"wine\" style=\"font-size: 12px; font-family: Arial, Helvetica, sans-serif;\">Wino Czerwone wytrawne<\/h1>\n<h1 class=\"wine\" style=\"font-size: 12px; font-family: Arial, Helvetica, sans-serif;\">klasyfikacja wina: Terre Siciliane IGP \u00a0cabernet sav nero d&#8217;avola<\/h1>\n<div class=\"beschreibung\" style=\"font-size: 12px; font-family: Arial, Helvetica, sans-serif;\">\n<p>Alc. Vol%: 14,5%<\/p>\n<p>szczepy winogron: Cabernet sav 50%\u00a0i Nero d\u2019Avola 50%<\/p>\n<p>Roczna produkcja: ok 30 000 butelek<\/p>\n<p>miejsce produkcji: Winnice w rejonie Mazara del Vallo &#8211; Province of Trapani \u2013 Sicily<\/p>\n<p>Czas zbior\u00f3w: pocz\u0105tek wrze\u015bnia<\/p>\n<p>Dojrzewanie: minimum 8 miesi\u0119cy w beczkach d\u0119bowych<\/p>\n<p>\u00a0<\/p>\n<p>kolor: Intensywny czerwony<\/p>\n<p>Bukiet\u00a0:\u00a0winny z delikatnymi aromatami przypraw i owoc\u00f3w<\/p>\n<p>Smak: elegancki pe\u0142ny cia\u0142a ze wspaniale zbalansowanymi i zbudowanymi taninami<\/p>\n<p>najlepsze zestawienia z jedzeniem:\u00a0\u00a0z wykwintnym pieczonym mi\u0119sem jak dziczyzna czy pol\u0119dwica wo\u0142owa oraz najwy\u017cszej klasy dojrzewaj\u0105ce sery<\/p>\n<p>\u00a0<\/p>\n<p>temperatura podawania:\u00a0\u00a018-20\u00b0C<\/p>\n<p>Wino zdoby\u0142o a\u017c 4,4 punkt\u00f3w na 5 mo\u017cliwych w aplikacji vivino:<\/p>\n<p><a href=\"https:\/\/www.vivino.com\/wineries\/andrero\/wines\/pichetta-cabernet-sauvignon-nero-davola-9999\">https:\/\/www.vivino.com\/wineries\/andrero\/wines\/pichetta-cabernet-sauvignon-nero-davola-9999<\/a><\/p>\n<p>\u00a0<\/p>\n<p>\u00a0<\/p>\n<p>\u00a0<\/p>\n<p>\u00a0<\/p>\n<\/p><\/div>\n","protected":false},"excerpt":{"rendered":"<h1 class=\"wine\" style=\"font-size: 12px; font-family: Arial, Helvetica, sans-serif;\">Wino Czerwone wytrawne<\/h1>\n<h1 class=\"wine\" style=\"font-size: 12px; font-family: Arial, Helvetica, sans-serif;\">klasyfikacja wina: Terre Siciliane IGP \u00a0cabernet sav nero d&#8217;avola<\/h1>\n<div class=\"beschreibung\" style=\"font-size: 12px; font-family: Arial, Helvetica, sans-serif;\">\n<p>Alc. Vol%: 14,5%<\/p>\n<p>szczepy winogron: Cabernet sav 50%\u00a0i Nero d\u2019Avola 50%<\/p>\n<p>Roczna produkcja: ok 30 000 butelek<\/p>\n<p>miejsce produkcji: Winnice w rejonie Mazara del Vallo &#8211; Province of Trapani \u2013 Sicily<\/p>\n<p>Czas zbior\u00f3w: pocz\u0105tek wrze\u015bnia<\/p>\n<p>Dojrzewanie: minimum 8 miesi\u0119cy w beczkach d\u0119bowych<\/p>\n<p>\u00a0<\/p>\n<p>kolor: Intensywny czerwony<\/p>\n<p>Bukiet\u00a0:\u00a0winny z delikatnymi aromatami przypraw i owoc\u00f3w<\/p>\n<p>Smak: elegancki pe\u0142ny cia\u0142a ze wspaniale zbalansowanymi i zbudowanymi taninami<\/p>\n<p>najlepsze zestawienia z jedzeniem:\u00a0\u00a0z wykwintnym pieczonym mi\u0119sem jak dziczyzna czy pol\u0119dwica wo\u0142owa oraz najwy\u017cszej klasy dojrzewaj\u0105ce sery<\/p>\n<p>\u00a0<\/p>\n<p>temperatura podawania:\u00a0\u00a018-20\u00b0C<\/p>\n<p>Wino zdoby\u0142o a\u017c 4,6 punkt\u00f3w na 5 mo\u017cliwych w aplikacji vivino:<\/p>\n<p><a href=\"https:\/\/www.vivino.com\/wineries\/andrero\/wines\/pichetta-cabernet-sauvignon-nero-davola-9999\">https:\/\/www.vivino.com\/wineries\/andrero\/wines\/pichetta-cabernet-sauvignon-nero-davola-9999<\/a><\/p>\n<\/p><\/div>\n","protected":false},"featured_media":13991,"comment_status":"open","ping_status":"closed","template":"","meta":[],"product_cat":[80,95,120],"product_tag":[],"class_list":{"0":"post-13992","1":"product","2":"type-product","3":"status-publish","4":"has-post-thumbnail","6":"product_cat-wina-swiata","7":"product_cat-wlochy","8":"product_cat-wlochy-sicilia","10":"first","11":"instock","12":"shipping-taxable","13":"purchasable","14":"product-type-simple"},"_links":{"self":[{"href":"http:\/\/delikatesy.wineport.pl\/index.php?rest_route=\/wp\/v2\/product\/13992","targetHints":{"allow":["GET"]}}],"collection":[{"href":"http:\/\/delikatesy.wineport.pl\/index.php?rest_route=\/wp\/v2\/product"}],"about":[{"href":"http:\/\/delikatesy.wineport.pl\/index.php?rest_route=\/wp\/v2\/types\/product"}],"replies":[{"embeddable":true,"href":"http:\/\/delikatesy.wineport.pl\/index.php?rest_route=%2Fwp%2Fv2%2Fcomments&post=13992"}],"wp:featuredmedia":[{"embeddable":true,"href":"http:\/\/delikatesy.wineport.pl\/index.php?rest_route=\/wp\/v2\/media\/13991"}],"wp:attachment":[{"href":"http:\/\/delikatesy.wineport.pl\/index.php?rest_route=%2Fwp%2Fv2%2Fmedia&parent=13992"}],"wp:term":[{"taxonomy":"product_cat","embeddable":true,"href":"http:\/\/delikatesy.wineport.pl\/index.php?rest_route=%2Fwp%2Fv2%2Fproduct_cat&post=13992"},{"taxonomy":"product_tag","embeddable":true,"href":"http:\/\/delikatesy.wineport.pl\/index.php?rest_route=%2Fwp%2Fv2%2Fproduct_tag&post=13992"}],"curies":[{"name":"wp","href":"https:\/\/api.w.org\/{rel}","templated":true}]}}