{"id":14002,"date":"2024-03-14T13:50:53","date_gmt":"2024-03-14T12:50:53","guid":{"rendered":"http:\/\/delikatesy.wineport.pl\/?product=whisky-hankey-bannister-12y-40-07l-kartonik"},"modified":"2026-05-17T21:13:57","modified_gmt":"2026-05-17T19:13:57","slug":"whisky-hankey-bannister-12y-40-07l-kartonik","status":"publish","type":"product","link":"http:\/\/delikatesy.wineport.pl\/?product=whisky-hankey-bannister-12y-40-07l-kartonik","title":{"rendered":"Whisky Hankey Bannister 12y 40% 0,7L kartonik"},"content":{"rendered":"<p><span style=\"color: #ff0000; font-size: 16px; font-family: arial, helvetica, sans-serif;\">UWAGA!!! NIE WYSY\u0141AMY ALKOHOLU W PRZYPADKU ZAM\u00d3WIE\u0143 OD OS\u00d3B PRYWATNYCH, TYLKO ODBI\u00d3R OSOBISTY NA UL. \u015aW. STANIS\u0141AWA 12 W WARSZAWIE!!! W przypadku op\u0142acenia zam\u00f3wienia alkoholu z wysy\u0142k\u0105, przy zwrocie pieni\u0119dzy zostanie potr\u0105cona prowizja\u00a0DOTPAY!<\/span><\/p>\n<p><span style=\"color: #ff0000; font-size: 16px; font-family: arial, helvetica, sans-serif;\">\u00a0<\/span><\/p>\n<p>Ta wyj\u0105tkowa whisky zdoby\u0142a uznanie nawet w oczach i ustach samego Kr\u00f3la Regenta Jerzego IV Hanowerskiego.<\/p>\n<p>\u201eChce wyrafinowanej whisky o prawdziwym dziedzictwie i historii w kt\u00f3r\u0105 uwi\u0119\u017c\u0105\u201d, taki jest Hankey Bannister. Minimaln ywiek ka\u017cdego z sk\u0142adnik\u00f3w to<\/p>\n<p>12 lat sp\u0119dzonych w najlepszych beczkach po ameryka\u0144skiej whisky. Dzi\u0119ki dojrzewaniu w nich whisky ta zdobywa pe\u0142en s\u0142odyczy aromat d\u0119bu i wanilii<\/p>\n<p>oraz dobrze zbudowany i zr\u00f3wnowa\u017cony smak.<\/p>\n<p>Nagrody i wyr\u00f3\u017cnienia:<\/p>\n<p>International Wine and Spirit Competition 2014 (gold)<\/p>\n<p>International Spirits Challenge 2014 (silver)<\/p>\n<p>San Francisco World Spirits Competition 2013 (silver)<\/p>\n","protected":false},"excerpt":{"rendered":"<p>Ta wyj\u0105tkowa whisky zdoby\u0142a uznanie nawet w oczach i ustach samego Kr\u00f3la Regenta Jerzego IV Hanowerskiego.<\/p>\n<p>\u201eChce wyrafinowanej whisky o prawdziwym dziedzictwie i historii w kt\u00f3r\u0105 uwi\u0119\u017c\u0105\u201d, taki jest Hankey Bannister. Minimaln ywiek ka\u017cdego z sk\u0142adnik\u00f3w to<\/p>\n<p>12 lat sp\u0119dzonych w najlepszych beczkach po ameryka\u0144skiej whisky. Dzi\u0119ki dojrzewaniu w nich whisky ta zdobywa pe\u0142en s\u0142odyczy aromat d\u0119bu i wanilii<\/p>\n<p>oraz dobrze zbudowany i zr\u00f3wnowa\u017cony smak.<\/p>\n<p>Nagrody i wyr\u00f3\u017cnienia:<\/p>\n<p>International Wine and Spirit Competition 2014 (gold)<\/p>\n<p>International Spirits Challenge 2014 (silver)<\/p>\n<p>San Francisco World Spirits Competition 2013 (silver)<\/p>\n","protected":false},"featured_media":14001,"comment_status":"open","ping_status":"closed","template":"","meta":[],"product_cat":[142,154,143],"product_tag":[],"class_list":{"0":"post-14002","1":"product","2":"type-product","3":"status-publish","4":"has-post-thumbnail","6":"product_cat-alkohole-mocne","7":"product_cat-szkocja","8":"product_cat-whisky","10":"first","11":"instock","12":"shipping-taxable","13":"purchasable","14":"product-type-simple"},"_links":{"self":[{"href":"http:\/\/delikatesy.wineport.pl\/index.php?rest_route=\/wp\/v2\/product\/14002","targetHints":{"allow":["GET"]}}],"collection":[{"href":"http:\/\/delikatesy.wineport.pl\/index.php?rest_route=\/wp\/v2\/product"}],"about":[{"href":"http:\/\/delikatesy.wineport.pl\/index.php?rest_route=\/wp\/v2\/types\/product"}],"replies":[{"embeddable":true,"href":"http:\/\/delikatesy.wineport.pl\/index.php?rest_route=%2Fwp%2Fv2%2Fcomments&post=14002"}],"wp:featuredmedia":[{"embeddable":true,"href":"http:\/\/delikatesy.wineport.pl\/index.php?rest_route=\/wp\/v2\/media\/14001"}],"wp:attachment":[{"href":"http:\/\/delikatesy.wineport.pl\/index.php?rest_route=%2Fwp%2Fv2%2Fmedia&parent=14002"}],"wp:term":[{"taxonomy":"product_cat","embeddable":true,"href":"http:\/\/delikatesy.wineport.pl\/index.php?rest_route=%2Fwp%2Fv2%2Fproduct_cat&post=14002"},{"taxonomy":"product_tag","embeddable":true,"href":"http:\/\/delikatesy.wineport.pl\/index.php?rest_route=%2Fwp%2Fv2%2Fproduct_tag&post=14002"}],"curies":[{"name":"wp","href":"https:\/\/api.w.org\/{rel}","templated":true}]}}