{"id":14006,"date":"2024-03-14T13:50:54","date_gmt":"2024-03-14T12:50:54","guid":{"rendered":"http:\/\/delikatesy.wineport.pl\/?product=whisky-single-malt-robert-burns-malt-43-07l-tuba"},"modified":"2026-05-10T19:06:06","modified_gmt":"2026-05-10T17:06:06","slug":"whisky-single-malt-robert-burns-malt-43-07l-tuba","status":"publish","type":"product","link":"http:\/\/delikatesy.wineport.pl\/?product=whisky-single-malt-robert-burns-malt-43-07l-tuba","title":{"rendered":"Whisky Single Malt Robert Burns Malt 43% 0,7L tuba"},"content":{"rendered":"<p><span style=\"color: #ff0000; font-size: 16px; font-family: arial, helvetica, sans-serif;\">UWAGA!!! NIE WYSY\u0141AMY ALKOHOLU W PRZYPADKU ZAM\u00d3WIE\u0143 OD OS\u00d3B PRYWATNYCH, TYLKO ODBI\u00d3R OSOBISTY NA UL. \u015aW. STANIS\u0141AWA 12 W WARSZAWIE!!! W przypadku op\u0142acenia zam\u00f3wienia alkoholu z wysy\u0142k\u0105, przy zwrocie pieni\u0119dzy zostanie potr\u0105cona prowizja\u00a0DOTPAY!<\/span><\/p>\n<p><span style=\"color: #ff0000; font-size: 16px; font-family: arial, helvetica, sans-serif;\">\u00a0<\/span><\/p>\n<p>Robert Burns jest najwybitniejszym narodowym poet\u0105 Szkockim i prekursorem romantyzmu. Co roku 25 stycznia, w dniu jego urodzin, Szkoci zwykli czci\u0107<\/p>\n<p>pami\u0119\u0107 narodowego poet\u0119 ceremonialnym wypicia whisky przed pomnikiem poety. Specjalnie na t\u0105 okazj\u0119 destylarnia Arran produkuje whisky zestawian\u0105 z r\u00f3\u017cnych rocznik\u00f3w i wyselekcjonowanych beczek o g\u0142adkim i owocowym<\/p>\n<p>smaku nawi\u0105zuj\u0105cym do klasycznego charakteru whisky z dawnych lat.<\/p>\n<p>Nagrody i wyr\u00f3\u017cnienia:<\/p>\n<p>Silver Scotch Single Malt \u2013 Island \u2013 2013<\/p>\n<p>International Wine &amp; Spirit Competition<\/p>\n","protected":false},"excerpt":{"rendered":"<p>Robert Burns jest najwybitniejszym narodowym poet\u0105 Szkockim i prekursorem romantyzmu. Co roku 25 stycznia, w dniu jego urodzin, Szkoci zwykli czci\u0107<\/p>\n<p>pami\u0119\u0107 narodowego poet\u0119 ceremonialnym wypicia whisky przed pomnikiem poety. Specjalnie na t\u0105 okazj\u0119 destylarnia Arran produkuje whisky zestawian\u0105 z r\u00f3\u017cnych rocznik\u00f3w i wyselekcjonowanych beczek o g\u0142adkim i owocowym<\/p>\n<p>smaku nawi\u0105zuj\u0105cym do klasycznego charakteru whisky z dawnych lat.<\/p>\n<p>Nagrody i wyr\u00f3\u017cnienia:<\/p>\n<p>Silver Scotch Single Malt \u2013 Island \u2013 2013<\/p>\n<p>International Wine &amp; Spirit Competition<\/p>\n","protected":false},"featured_media":14005,"comment_status":"open","ping_status":"closed","template":"","meta":[],"product_cat":[142,154,143],"product_tag":[],"class_list":{"0":"post-14006","1":"product","2":"type-product","3":"status-publish","4":"has-post-thumbnail","6":"product_cat-alkohole-mocne","7":"product_cat-szkocja","8":"product_cat-whisky","10":"first","11":"instock","12":"shipping-taxable","13":"purchasable","14":"product-type-simple"},"_links":{"self":[{"href":"http:\/\/delikatesy.wineport.pl\/index.php?rest_route=\/wp\/v2\/product\/14006","targetHints":{"allow":["GET"]}}],"collection":[{"href":"http:\/\/delikatesy.wineport.pl\/index.php?rest_route=\/wp\/v2\/product"}],"about":[{"href":"http:\/\/delikatesy.wineport.pl\/index.php?rest_route=\/wp\/v2\/types\/product"}],"replies":[{"embeddable":true,"href":"http:\/\/delikatesy.wineport.pl\/index.php?rest_route=%2Fwp%2Fv2%2Fcomments&post=14006"}],"wp:featuredmedia":[{"embeddable":true,"href":"http:\/\/delikatesy.wineport.pl\/index.php?rest_route=\/wp\/v2\/media\/14005"}],"wp:attachment":[{"href":"http:\/\/delikatesy.wineport.pl\/index.php?rest_route=%2Fwp%2Fv2%2Fmedia&parent=14006"}],"wp:term":[{"taxonomy":"product_cat","embeddable":true,"href":"http:\/\/delikatesy.wineport.pl\/index.php?rest_route=%2Fwp%2Fv2%2Fproduct_cat&post=14006"},{"taxonomy":"product_tag","embeddable":true,"href":"http:\/\/delikatesy.wineport.pl\/index.php?rest_route=%2Fwp%2Fv2%2Fproduct_tag&post=14006"}],"curies":[{"name":"wp","href":"https:\/\/api.w.org\/{rel}","templated":true}]}}