{"id":14054,"date":"2024-03-14T13:52:13","date_gmt":"2024-03-14T12:52:13","guid":{"rendered":"http:\/\/delikatesy.wineport.pl\/?product=ocet-balsamiczny-sherry-wine-vinegar-reserve-250ml"},"modified":"2026-04-01T10:47:03","modified_gmt":"2026-04-01T08:47:03","slug":"ocet-balsamiczny-sherry-wine-vinegar-reserve-250ml","status":"publish","type":"product","link":"http:\/\/delikatesy.wineport.pl\/?product=ocet-balsamiczny-sherry-wine-vinegar-reserve-250ml","title":{"rendered":"Ocet Balsamiczny SHERRY WINE VINEGAR RESERVE 250ml"},"content":{"rendered":"<p><span style=\"font-family: &quot;;\">Ocet powstaje po wieloletnim procesie starzenia w beczkach z ameryka\u0144skiego d\u0119bu, przy u\u017cyciu tradycyjnego systemu.\u00a0Szczeg\u00f3lnie polecany do dressingu do sa\u0142atek i wszelkiego rodzaju sos\u00f3w.<\/span><\/p>\n","protected":false},"excerpt":{"rendered":"<p><span style=\"font-family: &quot;;\">Ocet powstaje po wieloletnim procesie starzenia w beczkach z ameryka\u0144skiego d\u0119bu, przy u\u017cyciu tradycyjnego systemu.\u00a0Szczeg\u00f3lnie polecany do dressingu do sa\u0142atek i wszelkiego rodzaju sos\u00f3w.<\/span><\/p>\n","protected":false},"featured_media":14053,"comment_status":"open","ping_status":"closed","template":"","meta":[],"product_cat":[173,233],"product_tag":[],"class_list":{"0":"post-14054","1":"product","2":"type-product","3":"status-publish","4":"has-post-thumbnail","6":"product_cat-artykuly-delikatesowe","7":"product_cat-ocet-winny","9":"first","10":"instock","11":"shipping-taxable","12":"purchasable","13":"product-type-simple"},"_links":{"self":[{"href":"http:\/\/delikatesy.wineport.pl\/index.php?rest_route=\/wp\/v2\/product\/14054","targetHints":{"allow":["GET"]}}],"collection":[{"href":"http:\/\/delikatesy.wineport.pl\/index.php?rest_route=\/wp\/v2\/product"}],"about":[{"href":"http:\/\/delikatesy.wineport.pl\/index.php?rest_route=\/wp\/v2\/types\/product"}],"replies":[{"embeddable":true,"href":"http:\/\/delikatesy.wineport.pl\/index.php?rest_route=%2Fwp%2Fv2%2Fcomments&post=14054"}],"wp:featuredmedia":[{"embeddable":true,"href":"http:\/\/delikatesy.wineport.pl\/index.php?rest_route=\/wp\/v2\/media\/14053"}],"wp:attachment":[{"href":"http:\/\/delikatesy.wineport.pl\/index.php?rest_route=%2Fwp%2Fv2%2Fmedia&parent=14054"}],"wp:term":[{"taxonomy":"product_cat","embeddable":true,"href":"http:\/\/delikatesy.wineport.pl\/index.php?rest_route=%2Fwp%2Fv2%2Fproduct_cat&post=14054"},{"taxonomy":"product_tag","embeddable":true,"href":"http:\/\/delikatesy.wineport.pl\/index.php?rest_route=%2Fwp%2Fv2%2Fproduct_tag&post=14054"}],"curies":[{"name":"wp","href":"https:\/\/api.w.org\/{rel}","templated":true}]}}