{"id":14082,"date":"2024-03-14T13:54:53","date_gmt":"2024-03-14T12:54:53","guid":{"rendered":"http:\/\/delikatesy.wineport.pl\/?product=imiglykos-biale-polslodkie-075l"},"modified":"2026-05-10T19:07:11","modified_gmt":"2026-05-10T17:07:11","slug":"imiglykos-biale-polslodkie-075l","status":"publish","type":"product","link":"http:\/\/delikatesy.wineport.pl\/?product=imiglykos-biale-polslodkie-075l","title":{"rendered":"IMIGLYKOS &#8211; BIA\u0141E P\u00d3\u0141S\u0141ODKIE 0,75L"},"content":{"rendered":"<p><span style=\"font-family: &quot;;\"><span style=\"color: #ff0000;\">UWAGA!!! NIE WYSY\u0141AMY ALKOHOLU KURIEREM W PRZYPADKU ZAM\u00d3WIE\u0143 OD OS\u00d3B PRYWATNYCH, TYLKO ODBI\u00d3R OSOBISTY NA UL. \u015aW. STANIS\u0141AWA 12 W WARSZAWIE!!! W przypadku op\u0142acenia zam\u00f3wienia alkoholu z wysy\u0142k\u0105, przy zwrocie pieni\u0119dzy zostanie potr\u0105cona prowizja\u00a0<\/span><strong style=\"color: #ff0000;\">DOTPAY<\/strong><span style=\"color: #ff0000;\">!<\/span><\/span><\/p>\n<p><span style=\"font-family: &quot;;\">Bukiet owoc\u00f3w cytrusowych.\u00a0S\u0142odki z kwasowo\u015bci\u0105, kt\u00f3ra utrzymuje r\u00f3wnowag\u0119.\u00a0Pozostawia owocowy posmak, mo\u017ce by\u0107 po\u0142\u0105czony ze s\u0142odko-kwa\u015bnymi smakami i potrawami ze \u015bmietan\u0105.<\/span><\/p>\n","protected":false},"excerpt":{"rendered":"<p><span style=\"font-family: &quot;;\">Bukiet owoc\u00f3w cytrusowych.\u00a0S\u0142odki z kwasowo\u015bci\u0105, kt\u00f3ra utrzymuje r\u00f3wnowag\u0119.\u00a0Pozostawia owocowy posmak, mo\u017ce by\u0107 po\u0142\u0105czony ze s\u0142odko-kwa\u015bnymi smakami i potrawami ze \u015bmietan\u0105.<\/span><\/p>\n","protected":false},"featured_media":14081,"comment_status":"open","ping_status":"closed","template":"","meta":[],"product_cat":[235,80],"product_tag":[],"class_list":{"0":"post-14082","1":"product","2":"type-product","3":"status-publish","4":"has-post-thumbnail","6":"product_cat-grecja-wina-swiata","7":"product_cat-wina-swiata","9":"first","10":"instock","11":"shipping-taxable","12":"purchasable","13":"product-type-simple"},"_links":{"self":[{"href":"http:\/\/delikatesy.wineport.pl\/index.php?rest_route=\/wp\/v2\/product\/14082","targetHints":{"allow":["GET"]}}],"collection":[{"href":"http:\/\/delikatesy.wineport.pl\/index.php?rest_route=\/wp\/v2\/product"}],"about":[{"href":"http:\/\/delikatesy.wineport.pl\/index.php?rest_route=\/wp\/v2\/types\/product"}],"replies":[{"embeddable":true,"href":"http:\/\/delikatesy.wineport.pl\/index.php?rest_route=%2Fwp%2Fv2%2Fcomments&post=14082"}],"wp:featuredmedia":[{"embeddable":true,"href":"http:\/\/delikatesy.wineport.pl\/index.php?rest_route=\/wp\/v2\/media\/14081"}],"wp:attachment":[{"href":"http:\/\/delikatesy.wineport.pl\/index.php?rest_route=%2Fwp%2Fv2%2Fmedia&parent=14082"}],"wp:term":[{"taxonomy":"product_cat","embeddable":true,"href":"http:\/\/delikatesy.wineport.pl\/index.php?rest_route=%2Fwp%2Fv2%2Fproduct_cat&post=14082"},{"taxonomy":"product_tag","embeddable":true,"href":"http:\/\/delikatesy.wineport.pl\/index.php?rest_route=%2Fwp%2Fv2%2Fproduct_tag&post=14082"}],"curies":[{"name":"wp","href":"https:\/\/api.w.org\/{rel}","templated":true}]}}