{"id":14112,"date":"2024-03-14T13:56:25","date_gmt":"2024-03-14T12:56:25","guid":{"rendered":"http:\/\/delikatesy.wineport.pl\/?product=makaron-z-trufflami-linguini-500g-selektia-tartufi"},"modified":"2026-05-10T19:08:06","modified_gmt":"2026-05-10T17:08:06","slug":"makaron-z-trufflami-linguini-500g-selektia-tartufi","status":"publish","type":"product","link":"http:\/\/delikatesy.wineport.pl\/?product=makaron-z-trufflami-linguini-500g-selektia-tartufi","title":{"rendered":"Makaron z Trufflami Linguini 500G SELEKTIA TARTUFI"},"content":{"rendered":"<p><span style=\"font-family: &quot;;\">Linguini\u00a0\u00a0z kawa\u0142kami czarnych trufli z Ekskluzywnej m\u0105ki z pszenicy durum, wykonanne zgodnie ze starymi tradycyjnymi toska\u0144skimi recepturami.\u00a0<span style=\"font-family: &quot;;\">500g<\/span><\/span><\/p>\n","protected":false},"excerpt":{"rendered":"<p><span style=\"font-family: &quot;;\">Linguini\u00a0\u00a0z kawa\u0142kami czarnych trufli z Ekskluzywnej m\u0105ki z pszenicy durum, wykonanne zgodnie ze starymi tradycyjnymi toska\u0144skimi recepturami. 500g<\/span><\/p>\n","protected":false},"featured_media":14111,"comment_status":"open","ping_status":"closed","template":"","meta":[],"product_cat":[173,238],"product_tag":[],"class_list":{"0":"post-14112","1":"product","2":"type-product","3":"status-publish","4":"has-post-thumbnail","6":"product_cat-artykuly-delikatesowe","7":"product_cat-produkty-z-trufli","9":"first","10":"instock","11":"shipping-taxable","12":"purchasable","13":"product-type-simple"},"_links":{"self":[{"href":"http:\/\/delikatesy.wineport.pl\/index.php?rest_route=\/wp\/v2\/product\/14112","targetHints":{"allow":["GET"]}}],"collection":[{"href":"http:\/\/delikatesy.wineport.pl\/index.php?rest_route=\/wp\/v2\/product"}],"about":[{"href":"http:\/\/delikatesy.wineport.pl\/index.php?rest_route=\/wp\/v2\/types\/product"}],"replies":[{"embeddable":true,"href":"http:\/\/delikatesy.wineport.pl\/index.php?rest_route=%2Fwp%2Fv2%2Fcomments&post=14112"}],"wp:featuredmedia":[{"embeddable":true,"href":"http:\/\/delikatesy.wineport.pl\/index.php?rest_route=\/wp\/v2\/media\/14111"}],"wp:attachment":[{"href":"http:\/\/delikatesy.wineport.pl\/index.php?rest_route=%2Fwp%2Fv2%2Fmedia&parent=14112"}],"wp:term":[{"taxonomy":"product_cat","embeddable":true,"href":"http:\/\/delikatesy.wineport.pl\/index.php?rest_route=%2Fwp%2Fv2%2Fproduct_cat&post=14112"},{"taxonomy":"product_tag","embeddable":true,"href":"http:\/\/delikatesy.wineport.pl\/index.php?rest_route=%2Fwp%2Fv2%2Fproduct_tag&post=14112"}],"curies":[{"name":"wp","href":"https:\/\/api.w.org\/{rel}","templated":true}]}}