{"id":14116,"date":"2024-03-14T13:56:28","date_gmt":"2024-03-14T12:56:28","guid":{"rendered":"http:\/\/delikatesy.wineport.pl\/?product=dzem-figi-z-czarnymi-truflami-90g-selektia-tartufi"},"modified":"2026-05-10T19:08:07","modified_gmt":"2026-05-10T17:08:07","slug":"dzem-figi-z-czarnymi-truflami-90g-selektia-tartufi","status":"publish","type":"product","link":"http:\/\/delikatesy.wineport.pl\/?product=dzem-figi-z-czarnymi-truflami-90g-selektia-tartufi","title":{"rendered":"D\u017cem Figi z Czarnymi truflami 90g SELEKTIA TARTUFI"},"content":{"rendered":"<p><span style=\"font-family: &quot;;\">Pyszny d\u017cem figowy wzbogacony granulkami Czarnych Trufli, Idealnie komponuje si\u0119 z dojrza\u0142ym serem.<\/span><span style=\"font-family: &quot;;\">\u00a0<\/span><span style=\"font-family: &quot;;\">90G<\/span><\/p>\n","protected":false},"excerpt":{"rendered":"<p><span style=\"font-family: &quot;;\"><span style=\"font-family: &quot;;\">Pyszny d\u017cem figowy wzbogacony granulkami Czarnych Trufli, Idealnie komponuje si\u0119 z dojrza\u0142ym serem.<\/span>\u00a090G<\/span><\/p>\n","protected":false},"featured_media":14115,"comment_status":"open","ping_status":"closed","template":"","meta":[],"product_cat":[173,238],"product_tag":[],"class_list":{"0":"post-14116","1":"product","2":"type-product","3":"status-publish","4":"has-post-thumbnail","6":"product_cat-artykuly-delikatesowe","7":"product_cat-produkty-z-trufli","9":"first","10":"instock","11":"shipping-taxable","12":"purchasable","13":"product-type-simple"},"_links":{"self":[{"href":"http:\/\/delikatesy.wineport.pl\/index.php?rest_route=\/wp\/v2\/product\/14116","targetHints":{"allow":["GET"]}}],"collection":[{"href":"http:\/\/delikatesy.wineport.pl\/index.php?rest_route=\/wp\/v2\/product"}],"about":[{"href":"http:\/\/delikatesy.wineport.pl\/index.php?rest_route=\/wp\/v2\/types\/product"}],"replies":[{"embeddable":true,"href":"http:\/\/delikatesy.wineport.pl\/index.php?rest_route=%2Fwp%2Fv2%2Fcomments&post=14116"}],"wp:featuredmedia":[{"embeddable":true,"href":"http:\/\/delikatesy.wineport.pl\/index.php?rest_route=\/wp\/v2\/media\/14115"}],"wp:attachment":[{"href":"http:\/\/delikatesy.wineport.pl\/index.php?rest_route=%2Fwp%2Fv2%2Fmedia&parent=14116"}],"wp:term":[{"taxonomy":"product_cat","embeddable":true,"href":"http:\/\/delikatesy.wineport.pl\/index.php?rest_route=%2Fwp%2Fv2%2Fproduct_cat&post=14116"},{"taxonomy":"product_tag","embeddable":true,"href":"http:\/\/delikatesy.wineport.pl\/index.php?rest_route=%2Fwp%2Fv2%2Fproduct_tag&post=14116"}],"curies":[{"name":"wp","href":"https:\/\/api.w.org\/{rel}","templated":true}]}}