{"id":14118,"date":"2024-03-14T13:56:30","date_gmt":"2024-03-14T12:56:30","guid":{"rendered":"http:\/\/delikatesy.wineport.pl\/?product=miod-akacjowy-z-kawalkami-czarnych-trufli-110g-selektia-tartufi"},"modified":"2026-05-10T19:08:07","modified_gmt":"2026-05-10T17:08:07","slug":"miod-akacjowy-z-kawalkami-czarnych-trufli-110g-selektia-tartufi","status":"publish","type":"product","link":"http:\/\/delikatesy.wineport.pl\/?product=miod-akacjowy-z-kawalkami-czarnych-trufli-110g-selektia-tartufi","title":{"rendered":"Mi\u00f3d akacjowy z kawa\u0142kami czarnych trufli 110g SELEKTIA TARTUFI"},"content":{"rendered":"<p><span style=\"font-family: &quot;;\">Mi\u00f3d z akacji i suszona letnia czarna trufla: s\u0142odycz o \u0142agodnym smaku, charakteryzuj\u0105ca si\u0119 \u0142adnym, jasno\u017c\u00f3\u0142tym kolorem z p\u0142atkami truflowymi i odpowiednim zr\u00f3wnowa\u017conym smakiem mi\u0119dzy s\u0142odycz\u0105 miodu i pachn\u0105c\u0105 trufl\u0105. Doskona\u0142y z serem, ricott\u0105, owocami i lodami. Od znanego w\u0142oskiego producenta przetwor\u00f3w premium z trufli SELEKTIA TARTUFI.<\/span><span style=\"font-family: &quot;;\">\u00a0<\/span><span style=\"font-family: &quot;;\">110G<\/span><\/p>\n","protected":false},"excerpt":{"rendered":"<p><span style=\"font-family: &quot;;\"><span style=\"font-family: &quot;;\">Mi\u00f3d z akacji i suszona letnia czarna trufla: s\u0142odycz o \u0142agodnym smaku, charakteryzuj\u0105ca si\u0119 \u0142adnym, jasno\u017c\u00f3\u0142tym kolorem z p\u0142atkami truflowymi i odpowiednim zr\u00f3wnowa\u017conym smakiem mi\u0119dzy s\u0142odycz\u0105 miodu i pachn\u0105c\u0105 trufl\u0105. Doskona\u0142y z serem, ricott\u0105, owocami i lodami. Od znanego w\u0142oskiego producenta przetwor\u00f3w premium z trufli SELEKTIA TARTUFI.<\/span>\u00a0110G<\/span><\/p>\n","protected":false},"featured_media":14117,"comment_status":"open","ping_status":"closed","template":"","meta":[],"product_cat":[173,238],"product_tag":[],"class_list":{"0":"post-14118","1":"product","2":"type-product","3":"status-publish","4":"has-post-thumbnail","6":"product_cat-artykuly-delikatesowe","7":"product_cat-produkty-z-trufli","9":"first","10":"instock","11":"shipping-taxable","12":"purchasable","13":"product-type-simple"},"_links":{"self":[{"href":"http:\/\/delikatesy.wineport.pl\/index.php?rest_route=\/wp\/v2\/product\/14118","targetHints":{"allow":["GET"]}}],"collection":[{"href":"http:\/\/delikatesy.wineport.pl\/index.php?rest_route=\/wp\/v2\/product"}],"about":[{"href":"http:\/\/delikatesy.wineport.pl\/index.php?rest_route=\/wp\/v2\/types\/product"}],"replies":[{"embeddable":true,"href":"http:\/\/delikatesy.wineport.pl\/index.php?rest_route=%2Fwp%2Fv2%2Fcomments&post=14118"}],"wp:featuredmedia":[{"embeddable":true,"href":"http:\/\/delikatesy.wineport.pl\/index.php?rest_route=\/wp\/v2\/media\/14117"}],"wp:attachment":[{"href":"http:\/\/delikatesy.wineport.pl\/index.php?rest_route=%2Fwp%2Fv2%2Fmedia&parent=14118"}],"wp:term":[{"taxonomy":"product_cat","embeddable":true,"href":"http:\/\/delikatesy.wineport.pl\/index.php?rest_route=%2Fwp%2Fv2%2Fproduct_cat&post=14118"},{"taxonomy":"product_tag","embeddable":true,"href":"http:\/\/delikatesy.wineport.pl\/index.php?rest_route=%2Fwp%2Fv2%2Fproduct_tag&post=14118"}],"curies":[{"name":"wp","href":"https:\/\/api.w.org\/{rel}","templated":true}]}}