{"id":14130,"date":"2024-03-14T13:56:37","date_gmt":"2024-03-14T12:56:37","guid":{"rendered":"http:\/\/delikatesy.wineport.pl\/?product=ciasteczka-old-denmark-blueberry-coconut-150g-ekskluzywna-puszka"},"modified":"2026-05-10T19:08:09","modified_gmt":"2026-05-10T17:08:09","slug":"ciasteczka-old-denmark-blueberry-coconut-150g-ekskluzywna-puszka","status":"publish","type":"product","link":"http:\/\/delikatesy.wineport.pl\/?product=ciasteczka-old-denmark-blueberry-coconut-150g-ekskluzywna-puszka","title":{"rendered":"Ciasteczka OLD DENMARK Blueberry &#038; Coconut 150g &#8211; ekskluzywna puszka"},"content":{"rendered":"<p><span style=\"font-size: medium;\">Du\u0144skie Ciasteczka klasy premium z Jagodami i Kokosem zapakowane w pi\u0119kna puszk\u0119. Idealne opakowanie na prezent!<\/span><\/p>\n","protected":false},"excerpt":{"rendered":"<p><span style=\"font-size: medium; font-family: Verdana, Arial, Tahoma;\">Du\u0144skie Ciasteczka klasy premium z Jagodami i Kokosem zapakowane w pi\u0119kna puszk\u0119. Idealne opakowanie na prezent!<\/span><\/p>\n","protected":false},"featured_media":14129,"comment_status":"open","ping_status":"closed","template":"","meta":[],"product_cat":[173,198],"product_tag":[],"class_list":{"0":"post-14130","1":"product","2":"type-product","3":"status-publish","4":"has-post-thumbnail","6":"product_cat-artykuly-delikatesowe","7":"product_cat-pozostale-slodycze","9":"first","10":"instock","11":"shipping-taxable","12":"purchasable","13":"product-type-simple"},"_links":{"self":[{"href":"http:\/\/delikatesy.wineport.pl\/index.php?rest_route=\/wp\/v2\/product\/14130","targetHints":{"allow":["GET"]}}],"collection":[{"href":"http:\/\/delikatesy.wineport.pl\/index.php?rest_route=\/wp\/v2\/product"}],"about":[{"href":"http:\/\/delikatesy.wineport.pl\/index.php?rest_route=\/wp\/v2\/types\/product"}],"replies":[{"embeddable":true,"href":"http:\/\/delikatesy.wineport.pl\/index.php?rest_route=%2Fwp%2Fv2%2Fcomments&post=14130"}],"wp:featuredmedia":[{"embeddable":true,"href":"http:\/\/delikatesy.wineport.pl\/index.php?rest_route=\/wp\/v2\/media\/14129"}],"wp:attachment":[{"href":"http:\/\/delikatesy.wineport.pl\/index.php?rest_route=%2Fwp%2Fv2%2Fmedia&parent=14130"}],"wp:term":[{"taxonomy":"product_cat","embeddable":true,"href":"http:\/\/delikatesy.wineport.pl\/index.php?rest_route=%2Fwp%2Fv2%2Fproduct_cat&post=14130"},{"taxonomy":"product_tag","embeddable":true,"href":"http:\/\/delikatesy.wineport.pl\/index.php?rest_route=%2Fwp%2Fv2%2Fproduct_tag&post=14130"}],"curies":[{"name":"wp","href":"https:\/\/api.w.org\/{rel}","templated":true}]}}