{"id":14235,"date":"2024-03-14T13:57:48","date_gmt":"2024-03-14T12:57:48","guid":{"rendered":"http:\/\/delikatesy.wineport.pl\/?product=nalewka-staropolska-imbirowka-stryja-dionizego-0-2l"},"modified":"2026-05-10T19:10:01","modified_gmt":"2026-05-10T17:10:01","slug":"nalewka-staropolska-imbirowka-stryja-dionizego-0-2l","status":"publish","type":"product","link":"http:\/\/delikatesy.wineport.pl\/?product=nalewka-staropolska-imbirowka-stryja-dionizego-0-2l","title":{"rendered":"Nalewka Staropolska IMBIR\u00d3WKA STRYJA DIONIZEGO 0.2l"},"content":{"rendered":"<p><span style=\"color: #ff0000; font-size: 16px; font-family: arial, helvetica, sans-serif;\">UWAGA!!! NIE WYSY\u0141AMY ALKOHOLU W PRZYPADKU ZAM\u00d3WIE\u0143 OD OS\u00d3B PRYWATNYCH, TYLKO ODBI\u00d3R OSOBISTY NA UL. \u015aW. STANIS\u0141AWA 12 W WARSZAWIE!!! W przypadku op\u0142acenia zam\u00f3wienia alkoholu z wysy\u0142k\u0105, przy zwrocie pieni\u0119dzy zostanie potr\u0105cona prowizja\u00a0DOTPAY!<\/span><\/p>\n<p><span style=\"color: #ff0000; font-size: 16px; font-family: arial, helvetica, sans-serif;\">\u00a0<\/span><\/p>\n<p>\u015awie\u017cy imbir, cytryna, mi\u00f3d akacjowy to trzy r\u00f3\u017cne smaki, aromaty skomponowane w jedn\u0105 harmonijn\u0105 ca\u0142o\u015b\u0107 z zaskakuj\u0105cym fina\u0142em.<br \/> &#8220;Nalewki Staropolskie&#8221; tworzone s\u0105 zgodnie z wielowiekowymi recepturami.\u00a0<br \/> Owoce z najstarszych odmian, pochodz\u0105ce z naturalnych upraw z ma\u0142ych, wiejskich sad\u00f3w, \u0142\u0105czone s\u0105 z najlepszymi rodzajami spirytusu.\u00a0<br \/> Nalewki produkowane s\u0105 metod\u0105 domow\u0105, ca\u0142kowicie r\u0119czn\u0105. W nalewkach nie ma konserwant\u00f3w, ulepszaczy smakowych, barwnik\u00f3w oraz jakichkolwiek \u015brodk\u00f3w chemicznych.<\/p>\n","protected":false},"excerpt":{"rendered":"<p>\u015awie\u017cy imbir, cytryna, mi\u00f3d akacjowy to trzy r\u00f3\u017cne smaki, aromaty skomponowane w jedn\u0105 harmonijn\u0105 ca\u0142o\u015b\u0107 z zaskakuj\u0105cym fina\u0142em.<br \/> &#8220;Nalewki Staropolskie&#8221; tworzone s\u0105 zgodnie z wielowiekowymi recepturami.\u00a0<br \/> Owoce z najstarszych odmian, pochodz\u0105ce z naturalnych upraw z ma\u0142ych, wiejskich sad\u00f3w, \u0142\u0105czone s\u0105 z najlepszymi rodzajami spirytusu.\u00a0<br \/> Nalewki produkowane s\u0105 metod\u0105 domow\u0105, ca\u0142kowicie r\u0119czn\u0105. W nalewkach nie ma konserwant\u00f3w, ulepszaczy smakowych, barwnik\u00f3w oraz jakichkolwiek \u015brodk\u00f3w chemicznych.<\/p>\n","protected":false},"featured_media":14234,"comment_status":"open","ping_status":"closed","template":"","meta":[],"product_cat":[105,104,183,106],"product_tag":[],"class_list":{"0":"post-14235","1":"product","2":"type-product","3":"status-publish","4":"has-post-thumbnail","6":"product_cat-kremy","7":"product_cat-likiery","8":"product_cat-nalewki","9":"product_cat-nalewki-i-miody","11":"first","12":"instock","13":"shipping-taxable","14":"purchasable","15":"product-type-simple"},"_links":{"self":[{"href":"http:\/\/delikatesy.wineport.pl\/index.php?rest_route=\/wp\/v2\/product\/14235","targetHints":{"allow":["GET"]}}],"collection":[{"href":"http:\/\/delikatesy.wineport.pl\/index.php?rest_route=\/wp\/v2\/product"}],"about":[{"href":"http:\/\/delikatesy.wineport.pl\/index.php?rest_route=\/wp\/v2\/types\/product"}],"replies":[{"embeddable":true,"href":"http:\/\/delikatesy.wineport.pl\/index.php?rest_route=%2Fwp%2Fv2%2Fcomments&post=14235"}],"wp:featuredmedia":[{"embeddable":true,"href":"http:\/\/delikatesy.wineport.pl\/index.php?rest_route=\/wp\/v2\/media\/14234"}],"wp:attachment":[{"href":"http:\/\/delikatesy.wineport.pl\/index.php?rest_route=%2Fwp%2Fv2%2Fmedia&parent=14235"}],"wp:term":[{"taxonomy":"product_cat","embeddable":true,"href":"http:\/\/delikatesy.wineport.pl\/index.php?rest_route=%2Fwp%2Fv2%2Fproduct_cat&post=14235"},{"taxonomy":"product_tag","embeddable":true,"href":"http:\/\/delikatesy.wineport.pl\/index.php?rest_route=%2Fwp%2Fv2%2Fproduct_tag&post=14235"}],"curies":[{"name":"wp","href":"https:\/\/api.w.org\/{rel}","templated":true}]}}