{"id":14475,"date":"2024-03-14T14:05:25","date_gmt":"2024-03-14T13:05:25","guid":{"rendered":"http:\/\/delikatesy.wineport.pl\/?product=wisnia-w-rumie-anthon-berg-220g"},"modified":"2026-05-10T19:14:10","modified_gmt":"2026-05-10T17:14:10","slug":"wisnia-w-rumie-anthon-berg-220g","status":"publish","type":"product","link":"http:\/\/delikatesy.wineport.pl\/?product=wisnia-w-rumie-anthon-berg-220g","title":{"rendered":"Wi\u015bnia w Rumie Anthon Berg 220g"},"content":{"rendered":"<p style=\"font-size: medium; font-family: Verdana, Arial, Tahoma;\">Czekolada z Marcepanem (38%) i z nadzieniem (30%) z wi\u015bni w rumie<\/p>\n<p style=\"font-size: medium; font-family: Verdana, Arial, Tahoma;\">Sk\u0142adniki: cukier, masa kakaowa, wi\u015bnie (14%),<strong>migda\u0142y<\/strong>\u00a0(10%), pestki moreli,syrop glukozowy, alkohol (rum 4%), mas\u0142o kakaowe, t\u0142uszcz\u00a0<strong>mleka<\/strong>, zag\u0119szczacz (pektyna), emulgator (lecytyna\u00a0<strong>rzepakowa<\/strong>), konserwant (kwas sorbinowy), aromat (etylowanilina)<\/p>\n<p style=\"font-size: medium; font-family: Verdana, Arial, Tahoma;\">Czekolada: masa kakaowa min. 54%<\/p>\n<p style=\"font-size: medium; font-family: Verdana, Arial, Tahoma;\"><strong>Alkohol: max 1,5% W\/W<\/strong><\/p>\n<p style=\"font-size: medium; font-family: Verdana, Arial, Tahoma;\"><strong>Zawiera migda\u0142y<\/strong><\/p>\n<p style=\"font-size: medium; font-family: Verdana, Arial, Tahoma;\"><strong>Mo\u017ce zawiera\u0107 \u015bladowe ilo\u015bci mleka i orzech\u00f3w<\/strong><\/p>\n<p>Anthon Berg to znany w\u015br\u00f3d koneser\u00f3w synonim jako\u015bci, jedna z najstarszych marek w Danii, z presti\u017cowym tytu\u0142em &#8220;Nadwornego Dostawcy&#8221;. Anthon Berg to topowy du\u0144ski producent slodyczy klasy ultra premium. Ka\u017cdy wyr\u00f3b tej firmy to poezja smaku..\u00a0<\/p>\n<p>\u00a0<\/p>\n<p><a href=\"http:\/\/www.anthonberg.com\/\">http:\/\/www.anthonberg.com\/<\/a><\/p>\n","protected":false},"excerpt":{"rendered":"<p><span style=\"font-size: medium; font-family: Verdana, Arial, Tahoma;\">Anthon Berg Wisnia w Rumie 220g<\/span><\/p>\n","protected":false},"featured_media":14474,"comment_status":"open","ping_status":"closed","template":"","meta":[],"product_cat":[173,185],"product_tag":[],"class_list":{"0":"post-14475","1":"product","2":"type-product","3":"status-publish","4":"has-post-thumbnail","6":"product_cat-artykuly-delikatesowe","7":"product_cat-wyroby-czekoladowe","9":"first","10":"instock","11":"shipping-taxable","12":"purchasable","13":"product-type-simple"},"_links":{"self":[{"href":"http:\/\/delikatesy.wineport.pl\/index.php?rest_route=\/wp\/v2\/product\/14475","targetHints":{"allow":["GET"]}}],"collection":[{"href":"http:\/\/delikatesy.wineport.pl\/index.php?rest_route=\/wp\/v2\/product"}],"about":[{"href":"http:\/\/delikatesy.wineport.pl\/index.php?rest_route=\/wp\/v2\/types\/product"}],"replies":[{"embeddable":true,"href":"http:\/\/delikatesy.wineport.pl\/index.php?rest_route=%2Fwp%2Fv2%2Fcomments&post=14475"}],"wp:featuredmedia":[{"embeddable":true,"href":"http:\/\/delikatesy.wineport.pl\/index.php?rest_route=\/wp\/v2\/media\/14474"}],"wp:attachment":[{"href":"http:\/\/delikatesy.wineport.pl\/index.php?rest_route=%2Fwp%2Fv2%2Fmedia&parent=14475"}],"wp:term":[{"taxonomy":"product_cat","embeddable":true,"href":"http:\/\/delikatesy.wineport.pl\/index.php?rest_route=%2Fwp%2Fv2%2Fproduct_cat&post=14475"},{"taxonomy":"product_tag","embeddable":true,"href":"http:\/\/delikatesy.wineport.pl\/index.php?rest_route=%2Fwp%2Fv2%2Fproduct_tag&post=14475"}],"curies":[{"name":"wp","href":"https:\/\/api.w.org\/{rel}","templated":true}]}}