{"id":14499,"date":"2024-03-14T14:05:29","date_gmt":"2024-03-14T13:05:29","guid":{"rendered":"http:\/\/delikatesy.wineport.pl\/?product=dropsy-all-fruit-200g"},"modified":"2026-05-10T19:14:14","modified_gmt":"2026-05-10T17:14:14","slug":"dropsy-all-fruit-200g","status":"publish","type":"product","link":"http:\/\/delikatesy.wineport.pl\/?product=dropsy-all-fruit-200g","title":{"rendered":"Dropsy All Fruit 200g"},"content":{"rendered":"<p style=\"font-size: medium; font-family: Verdana, Arial, Tahoma;\">Sk\u0142adniki: syrop glukozowy, cukier, regulator kwasowo\u015bci: kwas cytrynowy, naturalne aromaty, barwi\u0105ce ekstrakty ro\u015blinne (czerwony burak, kurkuma, czerny bez), skoncentrowany sok wi\u015bniowy<\/p>\n<p style=\"font-size: medium; font-family: Verdana, Arial, Tahoma;\"><strong>Mo\u017ce zawiera\u0107 \u015bladowe ilo\u015bci mleka<\/strong><\/p>\n","protected":false},"excerpt":{"rendered":"<p style=\"font-size: medium; font-family: Verdana, Arial, Tahoma;\">Cukierki o smaku owocowym 200g<\/p>\n<p style=\"font-size: medium; font-family: Verdana, Arial, Tahoma;\">\u00a0<\/p>\n","protected":false},"featured_media":14498,"comment_status":"open","ping_status":"closed","template":"","meta":[],"product_cat":[173,198],"product_tag":[],"class_list":{"0":"post-14499","1":"product","2":"type-product","3":"status-publish","4":"has-post-thumbnail","6":"product_cat-artykuly-delikatesowe","7":"product_cat-pozostale-slodycze","9":"first","10":"instock","11":"shipping-taxable","12":"purchasable","13":"product-type-simple"},"_links":{"self":[{"href":"http:\/\/delikatesy.wineport.pl\/index.php?rest_route=\/wp\/v2\/product\/14499","targetHints":{"allow":["GET"]}}],"collection":[{"href":"http:\/\/delikatesy.wineport.pl\/index.php?rest_route=\/wp\/v2\/product"}],"about":[{"href":"http:\/\/delikatesy.wineport.pl\/index.php?rest_route=\/wp\/v2\/types\/product"}],"replies":[{"embeddable":true,"href":"http:\/\/delikatesy.wineport.pl\/index.php?rest_route=%2Fwp%2Fv2%2Fcomments&post=14499"}],"wp:featuredmedia":[{"embeddable":true,"href":"http:\/\/delikatesy.wineport.pl\/index.php?rest_route=\/wp\/v2\/media\/14498"}],"wp:attachment":[{"href":"http:\/\/delikatesy.wineport.pl\/index.php?rest_route=%2Fwp%2Fv2%2Fmedia&parent=14499"}],"wp:term":[{"taxonomy":"product_cat","embeddable":true,"href":"http:\/\/delikatesy.wineport.pl\/index.php?rest_route=%2Fwp%2Fv2%2Fproduct_cat&post=14499"},{"taxonomy":"product_tag","embeddable":true,"href":"http:\/\/delikatesy.wineport.pl\/index.php?rest_route=%2Fwp%2Fv2%2Fproduct_tag&post=14499"}],"curies":[{"name":"wp","href":"https:\/\/api.w.org\/{rel}","templated":true}]}}