{"id":14511,"date":"2024-03-14T14:05:31","date_gmt":"2024-03-14T13:05:31","guid":{"rendered":"http:\/\/delikatesy.wineport.pl\/?product=dropsy-cola-175g"},"modified":"2026-05-10T19:14:58","modified_gmt":"2026-05-10T17:14:58","slug":"dropsy-cola-175g","status":"publish","type":"product","link":"http:\/\/delikatesy.wineport.pl\/?product=dropsy-cola-175g","title":{"rendered":"Dropsy Cola 175g"},"content":{"rendered":"<p style=\"font-size: medium; font-family: Verdana, Arial, Tahoma;\">Sk\u0142adniki: syrop glukozowy, cukier, regulator kwasowo\u015bci: kwas cytrynowy, barwnik: karmel, naturalne aromaty<\/p>\n<p style=\"font-size: medium; font-family: Verdana, Arial, Tahoma;\"><strong>Mo\u017ce zawiera\u0107 \u015bladowe ilo\u015bci mleka<\/strong><\/p>\n<p style=\"font-size: medium; font-family: Verdana, Arial, Tahoma;\">Produkt: Kosher, Halal, bez konserwant\u00f3w, tylko naturalne aromaty i koloranty<\/p>\n<p style=\"font-size: medium; font-family: Verdana, Arial, Tahoma;\">Przechowywa\u0107 w suchym i ch\u0142odnyym miejscu<\/p>\n","protected":false},"excerpt":{"rendered":"<h1 class=\"orange\" style=\"color: black;\"><span style=\"font-size: medium;\">Cukierki o smaku koli 175g<\/span><\/h1>\n","protected":false},"featured_media":14510,"comment_status":"open","ping_status":"closed","template":"","meta":[],"product_cat":[173,198],"product_tag":[],"class_list":{"0":"post-14511","1":"product","2":"type-product","3":"status-publish","4":"has-post-thumbnail","6":"product_cat-artykuly-delikatesowe","7":"product_cat-pozostale-slodycze","9":"first","10":"instock","11":"shipping-taxable","12":"purchasable","13":"product-type-simple"},"_links":{"self":[{"href":"http:\/\/delikatesy.wineport.pl\/index.php?rest_route=\/wp\/v2\/product\/14511","targetHints":{"allow":["GET"]}}],"collection":[{"href":"http:\/\/delikatesy.wineport.pl\/index.php?rest_route=\/wp\/v2\/product"}],"about":[{"href":"http:\/\/delikatesy.wineport.pl\/index.php?rest_route=\/wp\/v2\/types\/product"}],"replies":[{"embeddable":true,"href":"http:\/\/delikatesy.wineport.pl\/index.php?rest_route=%2Fwp%2Fv2%2Fcomments&post=14511"}],"wp:featuredmedia":[{"embeddable":true,"href":"http:\/\/delikatesy.wineport.pl\/index.php?rest_route=\/wp\/v2\/media\/14510"}],"wp:attachment":[{"href":"http:\/\/delikatesy.wineport.pl\/index.php?rest_route=%2Fwp%2Fv2%2Fmedia&parent=14511"}],"wp:term":[{"taxonomy":"product_cat","embeddable":true,"href":"http:\/\/delikatesy.wineport.pl\/index.php?rest_route=%2Fwp%2Fv2%2Fproduct_cat&post=14511"},{"taxonomy":"product_tag","embeddable":true,"href":"http:\/\/delikatesy.wineport.pl\/index.php?rest_route=%2Fwp%2Fv2%2Fproduct_tag&post=14511"}],"curies":[{"name":"wp","href":"https:\/\/api.w.org\/{rel}","templated":true}]}}