{"id":14602,"date":"2024-03-14T14:05:49","date_gmt":"2024-03-14T13:05:49","guid":{"rendered":"http:\/\/delikatesy.wineport.pl\/?product=wolfgang-a-mozart-serca-80g"},"modified":"2026-05-10T19:16:03","modified_gmt":"2026-05-10T17:16:03","slug":"wolfgang-a-mozart-serca-80g","status":"publish","type":"product","link":"http:\/\/delikatesy.wineport.pl\/?product=wolfgang-a-mozart-serca-80g","title":{"rendered":"Wolfgang A. Mozart Serca 80g"},"content":{"rendered":"<p style=\"font-size: medium; font-family: Verdana, Arial, Tahoma;\">Pralinki z Czekolady (35%) z marcepanem pistacjowym (48%) i nadzieniem truflowym (17%)<\/p>\n<p style=\"font-size: medium; font-family: Verdana, Arial, Tahoma;\">Sk\u0142adniki: cukier, masa kakaowa,\u00a0<strong>migda\u0142y<\/strong>\u00a0(33% w pistacjowym marcepanie), mas\u0142o kakaowe, mas\u0142o,\u00a0<strong>mleko<\/strong>\u00a0skondensowane s\u0142odzone,\u00a0<strong>\u015bmietanka<\/strong>\u00a0do kawy,<strong>\u00a0pistacje<\/strong>\u00a0(3,5% w pistacjowym marcepanie), pe\u0142ne\u00a0<strong>mleko<\/strong>\u00a0w proszku, syrop z cukru inwertowanego, brandy, alkohol, cukier mleczny, substancja utrzymuj\u0105ca wilgo\u0107 (sorbitol, inwertaza), emulgator lecytyna s\u0142onecznikowa<\/p>\n<p style=\"font-size: medium; font-family: Verdana, Arial, Tahoma;\">Czekolada: masa kakaowa min. 60%<\/p>\n<p style=\"font-size: medium; font-family: Verdana, Arial, Tahoma;\"><strong>Mo\u017ce zawiera\u0107 \u015bladowe ilo\u015bci orzech\u00f3w, pszenicy, jaj oraz soi<\/strong><\/p>\n<p style=\"font-size: medium; font-family: Verdana, Arial, Tahoma;\">Przechowywa\u0107 w suchym i ch\u0142odnym miejscu<\/p>\n<p style=\"font-size: medium; font-family: Verdana, Arial, Tahoma;\">Wyprodukowano w Niemczech<\/p>\n","protected":false},"excerpt":{"rendered":"<p style=\"text-align: left;\"><span style=\"font-size: medium; font-family: Verdana, Arial, Tahoma;\">Wolfgang A. Mozart Serca 80g<\/span><\/p>\n","protected":false},"featured_media":14601,"comment_status":"open","ping_status":"closed","template":"","meta":[],"product_cat":[173,185],"product_tag":[],"class_list":{"0":"post-14602","1":"product","2":"type-product","3":"status-publish","4":"has-post-thumbnail","6":"product_cat-artykuly-delikatesowe","7":"product_cat-wyroby-czekoladowe","9":"first","10":"instock","11":"shipping-taxable","12":"purchasable","13":"product-type-simple"},"_links":{"self":[{"href":"http:\/\/delikatesy.wineport.pl\/index.php?rest_route=\/wp\/v2\/product\/14602","targetHints":{"allow":["GET"]}}],"collection":[{"href":"http:\/\/delikatesy.wineport.pl\/index.php?rest_route=\/wp\/v2\/product"}],"about":[{"href":"http:\/\/delikatesy.wineport.pl\/index.php?rest_route=\/wp\/v2\/types\/product"}],"replies":[{"embeddable":true,"href":"http:\/\/delikatesy.wineport.pl\/index.php?rest_route=%2Fwp%2Fv2%2Fcomments&post=14602"}],"wp:featuredmedia":[{"embeddable":true,"href":"http:\/\/delikatesy.wineport.pl\/index.php?rest_route=\/wp\/v2\/media\/14601"}],"wp:attachment":[{"href":"http:\/\/delikatesy.wineport.pl\/index.php?rest_route=%2Fwp%2Fv2%2Fmedia&parent=14602"}],"wp:term":[{"taxonomy":"product_cat","embeddable":true,"href":"http:\/\/delikatesy.wineport.pl\/index.php?rest_route=%2Fwp%2Fv2%2Fproduct_cat&post=14602"},{"taxonomy":"product_tag","embeddable":true,"href":"http:\/\/delikatesy.wineport.pl\/index.php?rest_route=%2Fwp%2Fv2%2Fproduct_tag&post=14602"}],"curies":[{"name":"wp","href":"https:\/\/api.w.org\/{rel}","templated":true}]}}