{"id":14610,"date":"2024-03-14T14:05:51","date_gmt":"2024-03-14T13:05:51","guid":{"rendered":"http:\/\/delikatesy.wineport.pl\/?product=wino-valpolicella-doc-riva-doro-075l"},"modified":"2026-05-10T19:16:04","modified_gmt":"2026-05-10T17:16:04","slug":"wino-valpolicella-doc-riva-doro-075l","status":"publish","type":"product","link":"http:\/\/delikatesy.wineport.pl\/?product=wino-valpolicella-doc-riva-doro-075l","title":{"rendered":"Wino Valpolicella DOC Riva d&#8217;Oro 0,75L"},"content":{"rendered":"<pre class=\"tw-data-text tw-ta tw-text-small\" dir=\"ltr\" style=\"color: #212121; font-size: 16px !important; font-family: inherit;\" data-placeholder=\"T\u0142umaczenie\" data-fulltext=\"\"><span lang=\"pl\"><span style=\"color: #ff0000;\">UWAGA!!! NIE WYSY\u0141AMY ALKOHOLU KURIEREM W PRZYPADKU ZAM\u00d3WIE\u0143 OD OS\u00d3B PRYWATNYCH, TYLKO ODBI\u00d3R OSOBISTY NA UL. \u015aW. STANIS\u0141AWA 12 W WARSZAWIE!!! W przypadku op\u0142acenia zam\u00f3wienia alkoholu z wysy\u0142k\u0105, przy zwrocie pieni\u0119dzy zostanie potr\u0105cona prowizja\u00a0<\/span><strong style=\"color: #ff0000;\">DOTPAY<\/strong><span style=\"color: #ff0000;\">!<\/span><br \/>VALPOLICELLA DOC  Rodzaj wina: czerwone wino  Wino: Valpolicella DOC  Alc. Vol%: 12  Winogrona: 75% Corvina, 25% Rondinella  Ca\u0142kowita produkcja: 60 000 butelek<br \/><\/span>Strefa produkcji:Werona<\/pre>\n<pre id=\"tw-target-text\" class=\"tw-data-text tw-ta tw-text-small\" dir=\"ltr\" style=\"font-size: 16px !important; font-family: inherit;\" data-placeholder=\"T\u0142umaczenie\" data-fulltext=\"\"><span lang=\"pl\">Kolor: czerwony z ciemnymi refleksami  Bukiet: nuty owoc\u00f3w, czerwonych jag\u00f3d  Smak: elegancki i suchy  Serwowa\u0107 do kurczaka i czerwonego mi\u0119sa<\/span><\/pre>\n<pre id=\"tw-target-text\" class=\"tw-data-text tw-ta tw-text-small\" dir=\"ltr\" style=\"color: #212121; font-size: 16px !important; font-family: inherit;\" data-placeholder=\"T\u0142umaczenie\" data-fulltext=\"\"><span lang=\"pl\">\u00a0<\/span><\/pre>\n","protected":false},"excerpt":{"rendered":"<p>UWAGA!!! NIE WYSY\u0141AMY ALKOHOLU KURIEREM W PRZYPADKU ZAM\u00d3WIE\u0143 OD OS\u00d3B PRYWATNYCH, TYLKO ODBI\u00d3R OSOBISTY NA UL. \u015aW. STANIS\u0141AWA 12 W WARSZAWIE!!! W przypadku op\u0142acenia zam\u00f3wienia alkoholu z wysy\u0142k\u0105, przy zwrocie pieni\u0119dzy zostanie potr\u0105cona prowizja\u00a0DOTPAY!VALPOLICELLA DOC Rodzaj wina: czerwone wino Wino: Valpolicella DOC Alc. Vol%: 12 Winogrona: 75% Corvina, 25% Rondinella Ca\u0142kowita produkcja: 60 000 butelekStrefa [&hellip;]<\/p>\n","protected":false},"featured_media":14609,"comment_status":"open","ping_status":"closed","template":"","meta":[],"product_cat":[80,95,97],"product_tag":[],"class_list":{"0":"post-14610","1":"product","2":"type-product","3":"status-publish","4":"has-post-thumbnail","6":"product_cat-wina-swiata","7":"product_cat-wlochy","8":"product_cat-wlochy-veneto","10":"first","11":"instock","12":"shipping-taxable","13":"purchasable","14":"product-type-simple"},"_links":{"self":[{"href":"http:\/\/delikatesy.wineport.pl\/index.php?rest_route=\/wp\/v2\/product\/14610","targetHints":{"allow":["GET"]}}],"collection":[{"href":"http:\/\/delikatesy.wineport.pl\/index.php?rest_route=\/wp\/v2\/product"}],"about":[{"href":"http:\/\/delikatesy.wineport.pl\/index.php?rest_route=\/wp\/v2\/types\/product"}],"replies":[{"embeddable":true,"href":"http:\/\/delikatesy.wineport.pl\/index.php?rest_route=%2Fwp%2Fv2%2Fcomments&post=14610"}],"wp:featuredmedia":[{"embeddable":true,"href":"http:\/\/delikatesy.wineport.pl\/index.php?rest_route=\/wp\/v2\/media\/14609"}],"wp:attachment":[{"href":"http:\/\/delikatesy.wineport.pl\/index.php?rest_route=%2Fwp%2Fv2%2Fmedia&parent=14610"}],"wp:term":[{"taxonomy":"product_cat","embeddable":true,"href":"http:\/\/delikatesy.wineport.pl\/index.php?rest_route=%2Fwp%2Fv2%2Fproduct_cat&post=14610"},{"taxonomy":"product_tag","embeddable":true,"href":"http:\/\/delikatesy.wineport.pl\/index.php?rest_route=%2Fwp%2Fv2%2Fproduct_tag&post=14610"}],"curies":[{"name":"wp","href":"https:\/\/api.w.org\/{rel}","templated":true}]}}