{"id":14612,"date":"2024-03-14T14:05:51","date_gmt":"2024-03-14T13:05:51","guid":{"rendered":"http:\/\/delikatesy.wineport.pl\/?product=wino-bardolino-riva-doro-d-o-c-075l"},"modified":"2026-05-10T19:16:04","modified_gmt":"2026-05-10T17:16:04","slug":"wino-bardolino-riva-doro-d-o-c-075l","status":"publish","type":"product","link":"http:\/\/delikatesy.wineport.pl\/?product=wino-bardolino-riva-doro-d-o-c-075l","title":{"rendered":"Wino Bardolino Riva D&#8217;oro D.O.C 0,75L"},"content":{"rendered":"<pre id=\"tw-target-text\" class=\"tw-data-text tw-ta tw-text-small\" dir=\"ltr\" style=\"color: #212121; font-size: 16px !important; font-family: inherit;\" data-placeholder=\"T\u0142umaczenie\" data-fulltext=\"\"><span lang=\"pl\"><span style=\"color: #ff0000;\">UWAGA!!! NIE WYSY\u0141AMY ALKOHOLU KURIEREM W PRZYPADKU ZAM\u00d3WIE\u0143 OD OS\u00d3B PRYWATNYCH, TYLKO ODBI\u00d3R OSOBISTY NA UL. \u015aW. STANIS\u0141AWA 12 W WARSZAWIE!!! W przypadku op\u0142acenia zam\u00f3wienia alkoholu z wysy\u0142k\u0105, przy zwrocie pieni\u0119dzy zostanie potr\u0105cona prowizja\u00a0<\/span><strong style=\"color: #ff0000;\">DOTPAY<\/strong><span style=\"color: #ff0000;\">!<\/span><br \/>BARDOLINO DOC  Rodzaj wina: czerwone wino  Wino: Bardolino DOC  Alc. Vol%: 12  Winogrona: Corvina 60%, Rondinella 30% i Molinara 10%  Ca\u0142kowita produkcja: 60 000  Strefa produkcji: Bardolino Werona    Charakterystyka:  Kolor: lekko b\u0142yszcz\u0105cy na czerwono  Bukiet: przyjemny \u015bwie\u017cy z nut\u0105 wi\u015bniow\u0105  Smak: g\u0142adki, lekki i sta\u0142y  Parowanie: najlepiej do da\u0144 z makaronem i bia\u0142ego mi\u0119sa    Temperatura podania: 18-20 \u00b0<\/span><\/pre>\n","protected":false},"excerpt":{"rendered":"<pre id=\"tw-target-text\" class=\"tw-data-text tw-ta tw-text-small\" dir=\"ltr\" style=\"color: #212121; font-size: 16px !important; font-family: inherit;\" data-placeholder=\"T\u0142umaczenie\" data-fulltext=\"\"><span lang=\"pl\"><span style=\"color: #ff0000;\">UWAGA!!! NIE WYSY\u0141AMY ALKOHOLU KURIEREM W PRZYPADKU ZAM\u00d3WIE\u0143 OD OS\u00d3B PRYWATNYCH, TYLKO ODBI\u00d3R OSOBISTY NA UL. \u015aW. STANIS\u0141AWA 12 W WARSZAWIE!!! W przypadku op\u0142acenia zam\u00f3wienia alkoholu z wysy\u0142k\u0105, przy zwrocie pieni\u0119dzy zostanie potr\u0105cona prowizja\u00a0<\/span><strong style=\"color: #ff0000;\">DOTPAY<\/strong><span style=\"color: #ff0000;\">!<\/span><br \/>BARDOLINO DOC  Rodzaj wina: czerwone wino  Wino: Bardolino DOC  Alc. Vol%: 12  Winogrona: Corvina 60%, Rondinella 30% i Molinara 10%  Ca\u0142kowita produkcja: 60 000  Strefa produkcji: Bardolino Werona    Charakterystyka:  Kolor: lekko b\u0142yszcz\u0105cy na czerwono  Bukiet: przyjemny \u015bwie\u017cy z nut\u0105 wi\u015bniow\u0105  Smak: g\u0142adki, lekki i sta\u0142y  Parowanie: najlepiej do da\u0144 z makaronem i bia\u0142ego mi\u0119sa    Temperatura podania: 18-20 \u00b0<\/span><\/pre>\n","protected":false},"featured_media":14611,"comment_status":"open","ping_status":"closed","template":"","meta":[],"product_cat":[80,95,97],"product_tag":[],"class_list":{"0":"post-14612","1":"product","2":"type-product","3":"status-publish","4":"has-post-thumbnail","6":"product_cat-wina-swiata","7":"product_cat-wlochy","8":"product_cat-wlochy-veneto","10":"first","11":"instock","12":"shipping-taxable","13":"purchasable","14":"product-type-simple"},"_links":{"self":[{"href":"http:\/\/delikatesy.wineport.pl\/index.php?rest_route=\/wp\/v2\/product\/14612","targetHints":{"allow":["GET"]}}],"collection":[{"href":"http:\/\/delikatesy.wineport.pl\/index.php?rest_route=\/wp\/v2\/product"}],"about":[{"href":"http:\/\/delikatesy.wineport.pl\/index.php?rest_route=\/wp\/v2\/types\/product"}],"replies":[{"embeddable":true,"href":"http:\/\/delikatesy.wineport.pl\/index.php?rest_route=%2Fwp%2Fv2%2Fcomments&post=14612"}],"wp:featuredmedia":[{"embeddable":true,"href":"http:\/\/delikatesy.wineport.pl\/index.php?rest_route=\/wp\/v2\/media\/14611"}],"wp:attachment":[{"href":"http:\/\/delikatesy.wineport.pl\/index.php?rest_route=%2Fwp%2Fv2%2Fmedia&parent=14612"}],"wp:term":[{"taxonomy":"product_cat","embeddable":true,"href":"http:\/\/delikatesy.wineport.pl\/index.php?rest_route=%2Fwp%2Fv2%2Fproduct_cat&post=14612"},{"taxonomy":"product_tag","embeddable":true,"href":"http:\/\/delikatesy.wineport.pl\/index.php?rest_route=%2Fwp%2Fv2%2Fproduct_tag&post=14612"}],"curies":[{"name":"wp","href":"https:\/\/api.w.org\/{rel}","templated":true}]}}