{"id":14618,"date":"2024-03-14T14:06:01","date_gmt":"2024-03-14T13:06:01","guid":{"rendered":"http:\/\/delikatesy.wineport.pl\/?product=solare-trebiano-dabruzzo-075l"},"modified":"2026-05-10T19:16:04","modified_gmt":"2026-05-10T17:16:04","slug":"solare-trebiano-dabruzzo-075l","status":"publish","type":"product","link":"http:\/\/delikatesy.wineport.pl\/?product=solare-trebiano-dabruzzo-075l","title":{"rendered":"Solare Trebiano d\u2019abruzzo 0,75L"},"content":{"rendered":"<p><span style=\"color: #222b3b; font-size: 14.6667px; font-family: Arial, sans-serif;\"><span style=\"color: #ff0000;\">UWAGA!!! NIE WYSY\u0141AMY ALKOHOLU KURIEREM W PRZYPADKU ZAM\u00d3WIE\u0143 OD OS\u00d3B PRYWATNYCH, TYLKO ODBI\u00d3R OSOBISTY NA UL. \u015aW. STANIS\u0141AWA 12 W WARSZAWIE!!! W przypadku op\u0142acenia zam\u00f3wienia alkoholu z wysy\u0142k\u0105, przy zwrocie pieni\u0119dzy zostanie potr\u0105cona prowizja\u00a0<\/span><strong style=\"color: #ff0000;\">DOTPAY<\/strong><span style=\"color: #ff0000;\">!<\/span><\/span><\/p>\n<p><span style=\"color: #222b3b; font-size: 14.6667px; font-family: Arial, sans-serif;\">Bia\u0142e wina z Abruzji najcz\u0119\u015bciej produkowane s\u0105 ze szczepu Trebbiano. To wino pochodzi od czo\u0142owego producenta apelacji.\u00a0<br \/><\/span>Wino Solare Trebiano d&#8217;Abruzzo ma jasno\u017c\u00f3\u0142ty kolor i delikatny, subtelny aromat z nutami cytrus\u00f3w i zi\u00f3\u0142. W smaku jest lekkie i orze\u017awiaj\u0105ce, z dobrze zr\u00f3wnowa\u017con\u0105 kwasowo\u015bci\u0105 i nutami owoc\u00f3w. Jest to wino o \u0142agodnym smaku i przyjemnym finiszu.<br \/>Wino\u00a0najlepiej smakuje podane sch\u0142odzone, w temperaturze od 8 do 10 stopni Celsjusza. Doskonale komponuje si\u0119 z rybami, owocami morza oraz lekkimi sa\u0142atkami. To wspania\u0142e wino nadaje si\u0119 r\u00f3wnie\u017c do degustacji jako aperitif lub w towarzystwie ser\u00f3w o delikatnym smaku.<\/p>\n<p>\u00a0<\/p>\n","protected":false},"excerpt":{"rendered":"<p><span style=\"color: #222b3b; font-size: 14.6667px; font-family: Arial, sans-serif;\"><span style=\"color: #ff0000;\">UWAGA!!! NIE WYSY\u0141AMY ALKOHOLU KURIEREM W PRZYPADKU ZAM\u00d3WIE\u0143 OD OS\u00d3B PRYWATNYCH, TYLKO ODBI\u00d3R OSOBISTY NA UL. \u015aW. STANIS\u0141AWA 12 W WARSZAWIE!!! W przypadku op\u0142acenia zam\u00f3wienia alkoholu z wysy\u0142k\u0105, przy zwrocie pieni\u0119dzy zostanie potr\u0105cona prowizja\u00a0<\/span><strong style=\"color: #ff0000;\">DOTPAY<\/strong><span style=\"color: #ff0000;\">!<\/span><\/span><\/p>\n<p><span style=\"color: #222b3b; font-size: 14.6667px; font-family: Arial, sans-serif;\">Bia\u0142e wina z Abruzji najcz\u0119\u015bciej produkowane s\u0105 ze szczepu Trebbiano. To wino pochodzi od czo\u0142owego producenta apelacji.\u00a0<br \/><\/span>Wino Solare Trebiano d&#8217;Abruzzo ma jasno\u017c\u00f3\u0142ty kolor i delikatny, subtelny aromat z nutami cytrus\u00f3w i zi\u00f3\u0142. W smaku jest lekkie i orze\u017awiaj\u0105ce, z dobrze zr\u00f3wnowa\u017con\u0105 kwasowo\u015bci\u0105 i nutami owoc\u00f3w. Jest to wino o \u0142agodnym smaku i przyjemnym finiszu.<br \/>Wino\u00a0najlepiej smakuje podane sch\u0142odzone, w temperaturze od 8 do 10 stopni Celsjusza. Doskonale komponuje si\u0119 z rybami, owocami morza oraz lekkimi sa\u0142atkami. To wspania\u0142e wino nadaje si\u0119 r\u00f3wnie\u017c do degustacji jako aperitif lub w towarzystwie ser\u00f3w o delikatnym smaku.<\/p>\n","protected":false},"featured_media":14617,"comment_status":"open","ping_status":"closed","template":"","meta":[],"product_cat":[80,95,118],"product_tag":[],"class_list":{"0":"post-14618","1":"product","2":"type-product","3":"status-publish","4":"has-post-thumbnail","6":"product_cat-wina-swiata","7":"product_cat-wlochy","8":"product_cat-wlochy-abruzja","10":"first","11":"instock","12":"shipping-taxable","13":"purchasable","14":"product-type-simple"},"_links":{"self":[{"href":"http:\/\/delikatesy.wineport.pl\/index.php?rest_route=\/wp\/v2\/product\/14618","targetHints":{"allow":["GET"]}}],"collection":[{"href":"http:\/\/delikatesy.wineport.pl\/index.php?rest_route=\/wp\/v2\/product"}],"about":[{"href":"http:\/\/delikatesy.wineport.pl\/index.php?rest_route=\/wp\/v2\/types\/product"}],"replies":[{"embeddable":true,"href":"http:\/\/delikatesy.wineport.pl\/index.php?rest_route=%2Fwp%2Fv2%2Fcomments&post=14618"}],"wp:featuredmedia":[{"embeddable":true,"href":"http:\/\/delikatesy.wineport.pl\/index.php?rest_route=\/wp\/v2\/media\/14617"}],"wp:attachment":[{"href":"http:\/\/delikatesy.wineport.pl\/index.php?rest_route=%2Fwp%2Fv2%2Fmedia&parent=14618"}],"wp:term":[{"taxonomy":"product_cat","embeddable":true,"href":"http:\/\/delikatesy.wineport.pl\/index.php?rest_route=%2Fwp%2Fv2%2Fproduct_cat&post=14618"},{"taxonomy":"product_tag","embeddable":true,"href":"http:\/\/delikatesy.wineport.pl\/index.php?rest_route=%2Fwp%2Fv2%2Fproduct_tag&post=14618"}],"curies":[{"name":"wp","href":"https:\/\/api.w.org\/{rel}","templated":true}]}}