{"id":14620,"date":"2024-03-14T14:06:03","date_gmt":"2024-03-14T13:06:03","guid":{"rendered":"http:\/\/delikatesy.wineport.pl\/?product=solare-montepulciano-dabruzzo-075l"},"modified":"2026-05-10T19:16:05","modified_gmt":"2026-05-10T17:16:05","slug":"solare-montepulciano-dabruzzo-075l","status":"publish","type":"product","link":"http:\/\/delikatesy.wineport.pl\/?product=solare-montepulciano-dabruzzo-075l","title":{"rendered":"Solare Montepulciano d\u2019abruzzo 0,75L"},"content":{"rendered":"<p><span style=\"color: #222b3b; font-size: 14.6667px; font-family: Arial, sans-serif;\"><span style=\"color: #ff0000;\">UWAGA!!! NIE WYSY\u0141AMY ALKOHOLU KURIEREM W PRZYPADKU ZAM\u00d3WIE\u0143 OD OS\u00d3B PRYWATNYCH, TYLKO ODBI\u00d3R OSOBISTY NA UL. \u015aW. STANIS\u0141AWA 12 W WARSZAWIE!!! W przypadku op\u0142acenia zam\u00f3wienia alkoholu z wysy\u0142k\u0105, przy zwrocie pieni\u0119dzy zostanie potr\u0105cona prowizja\u00a0<\/span><strong style=\"color: #ff0000;\">DOTPAY<\/strong><span style=\"color: #ff0000;\">!<\/span><\/span><\/p>\n<p><span style=\"color: #222b3b; font-size: 14.6667px; font-family: Arial, sans-serif;\">Wino z Abruzji.<br \/><\/span>Wino ma g\u0142\u0119boki rubinowy kolor, a w aromacie wyczuwalne s\u0105 nuty dojrza\u0142ych owoc\u00f3w, takich jak czere\u015bnie, wi\u015bnie, \u015bliwki i jagody, w po\u0142\u0105czeniu z delikatnymi nutami przypraw i wanilii. W smaku jest pe\u0142ne, zr\u00f3wnowa\u017cone, z mi\u0119kkimi taninami i d\u0142ugim finiszem.<br \/>Doskona\u0142e wino do podawania z w\u0142oskimi daniami, takimi jak makarony z mi\u0119sem, dania mi\u0119sne, grilowane warzywa i sery. Wino najlepiej podawa\u0107 w temperaturze pokojowej, oko\u0142o 18-20 stopni Celsjusza.<\/p>\n<p>\u00a0<\/p>\n","protected":false},"excerpt":{"rendered":"<p><span style=\"color: #222b3b; font-size: 14.6667px; font-family: Arial, sans-serif;\"><span style=\"color: #ff0000;\">UWAGA!!! NIE WYSY\u0141AMY ALKOHOLU KURIEREM W PRZYPADKU ZAM\u00d3WIE\u0143 OD OS\u00d3B PRYWATNYCH, TYLKO ODBI\u00d3R OSOBISTY NA UL. \u015aW. STANIS\u0141AWA 12 W WARSZAWIE!!! W przypadku op\u0142acenia zam\u00f3wienia alkoholu z wysy\u0142k\u0105, przy zwrocie pieni\u0119dzy zostanie potr\u0105cona prowizja\u00a0<\/span><strong style=\"color: #ff0000;\">DOTPAY<\/strong><span style=\"color: #ff0000;\">!<\/span><\/span><\/p>\n<p><span style=\"color: #222b3b; font-size: 14.6667px; font-family: Arial, sans-serif;\">Wino z Abruzji.<br \/><\/span>Wino ma g\u0142\u0119boki rubinowy kolor, a w aromacie wyczuwalne s\u0105 nuty dojrza\u0142ych owoc\u00f3w, takich jak czere\u015bnie, wi\u015bnie, \u015bliwki i jagody, w po\u0142\u0105czeniu z delikatnymi nutami przypraw i wanilii. W smaku jest pe\u0142ne, zr\u00f3wnowa\u017cone, z mi\u0119kkimi taninami i d\u0142ugim finiszem.<br \/>Doskona\u0142e wino do podawania z w\u0142oskimi daniami, takimi jak makarony z mi\u0119sem, dania mi\u0119sne, grilowane warzywa i sery. Wino najlepiej podawa\u0107 w temperaturze pokojowej, oko\u0142o 18-20 stopni Celsjusza.<\/p>\n","protected":false},"featured_media":14619,"comment_status":"open","ping_status":"closed","template":"","meta":[],"product_cat":[80,95,118],"product_tag":[],"class_list":{"0":"post-14620","1":"product","2":"type-product","3":"status-publish","4":"has-post-thumbnail","6":"product_cat-wina-swiata","7":"product_cat-wlochy","8":"product_cat-wlochy-abruzja","10":"first","11":"instock","12":"shipping-taxable","13":"purchasable","14":"product-type-simple"},"_links":{"self":[{"href":"http:\/\/delikatesy.wineport.pl\/index.php?rest_route=\/wp\/v2\/product\/14620","targetHints":{"allow":["GET"]}}],"collection":[{"href":"http:\/\/delikatesy.wineport.pl\/index.php?rest_route=\/wp\/v2\/product"}],"about":[{"href":"http:\/\/delikatesy.wineport.pl\/index.php?rest_route=\/wp\/v2\/types\/product"}],"replies":[{"embeddable":true,"href":"http:\/\/delikatesy.wineport.pl\/index.php?rest_route=%2Fwp%2Fv2%2Fcomments&post=14620"}],"wp:featuredmedia":[{"embeddable":true,"href":"http:\/\/delikatesy.wineport.pl\/index.php?rest_route=\/wp\/v2\/media\/14619"}],"wp:attachment":[{"href":"http:\/\/delikatesy.wineport.pl\/index.php?rest_route=%2Fwp%2Fv2%2Fmedia&parent=14620"}],"wp:term":[{"taxonomy":"product_cat","embeddable":true,"href":"http:\/\/delikatesy.wineport.pl\/index.php?rest_route=%2Fwp%2Fv2%2Fproduct_cat&post=14620"},{"taxonomy":"product_tag","embeddable":true,"href":"http:\/\/delikatesy.wineport.pl\/index.php?rest_route=%2Fwp%2Fv2%2Fproduct_tag&post=14620"}],"curies":[{"name":"wp","href":"https:\/\/api.w.org\/{rel}","templated":true}]}}