{"id":14628,"date":"2024-03-14T14:06:31","date_gmt":"2024-03-14T13:06:31","guid":{"rendered":"http:\/\/delikatesy.wineport.pl\/?product=la-croix-de-grand-puy-ducasse-pauillac-ac-075l"},"modified":"2026-05-10T19:17:11","modified_gmt":"2026-05-10T17:17:11","slug":"la-croix-de-grand-puy-ducasse-pauillac-ac-075l","status":"publish","type":"product","link":"http:\/\/delikatesy.wineport.pl\/?product=la-croix-de-grand-puy-ducasse-pauillac-ac-075l","title":{"rendered":"La Croix De Grand Puy Ducasse Pauillac AC 0,75L"},"content":{"rendered":"<pre class=\"tw-data-text tw-ta tw-text-small\" dir=\"ltr\" style=\"color: #212121; font-size: 16px !important; font-family: inherit;\" data-placeholder=\"T\u0142umaczenie\" data-fulltext=\"\"><span style=\"color: #ff0000;\">UWAGA!!! NIE WYSY\u0141AMY ALKOHOLU KURIEREM W PRZYPADKU ZAM\u00d3WIE\u0143 OD OS\u00d3B PRYWATNYCH, TYLKO ODBI\u00d3R OSOBISTY NA UL. \u015aW. STANIS\u0141AWA 12 W WARSZAWIE!!! W przypadku op\u0142acenia zam\u00f3wienia alkoholu z wysy\u0142k\u0105, przy zwrocie pieni\u0119dzy zostanie potr\u0105cona prowizja\u00a0<\/span><strong style=\"color: #ff0000;\">DOTPAY<\/strong><span style=\"color: #ff0000;\">!<\/span><br \/>Trzy du\u017ce parcele po\u0142o\u017cone na najlepszych terenach w Pauillac tworz\u0105 winnic\u0119 Grand Cru Class\u00e9.<br \/>Za\u0142o\u017cycielem by\u0142 Pierre Ducasse, kt\u00f3ry zmar\u0142 w 1797r. po jego \u015bmierci 60 hektarow\u0105 winnic\u0105 zarz\u0105dza\u0142 jego syn. W 1858 roku winnica zosta\u0142a nazwana Artigues Arnaud.<br \/>Wspania\u0142e wino z presti\u017cowej apelacji Pauillac, w kolorze ciemnej purpury, w nosie nuty kwiatowe po\u0142\u0105czone z przyprawami, z nutami czarnej porzeczki i mu\u015bni\u0119ty beczk\u0105. W ustach wino jest \u015bwie\u017ce i pe\u0142ne, z aksamitnymi taninami. Wyczuwalne s\u0105 nuty porzeczki i \u015bliwki. Wino jest wyrafinowane a zarazem dojrza\u0142e i soczyste.\u00a0 Wino to idealnie komponuje si\u0119 z wykwintnymi daniami z dziczyzny.<br \/>\u015aredni wiek winoro\u015bli : 34 lata<\/pre>\n","protected":false},"excerpt":{"rendered":"<pre class=\"tw-data-text tw-ta tw-text-small\" dir=\"ltr\" style=\"color: #212121; font-size: 16px !important; font-family: inherit;\" data-placeholder=\"T\u0142umaczenie\" data-fulltext=\"\">\u00a0<\/pre>\n","protected":false},"featured_media":14627,"comment_status":"open","ping_status":"closed","template":"","meta":[],"product_cat":[83,85,80],"product_tag":[],"class_list":{"0":"post-14628","1":"product","2":"type-product","3":"status-publish","4":"has-post-thumbnail","6":"product_cat-francja","7":"product_cat-francja-bordeaux","8":"product_cat-wina-swiata","10":"first","11":"instock","12":"shipping-taxable","13":"purchasable","14":"product-type-simple"},"_links":{"self":[{"href":"http:\/\/delikatesy.wineport.pl\/index.php?rest_route=\/wp\/v2\/product\/14628","targetHints":{"allow":["GET"]}}],"collection":[{"href":"http:\/\/delikatesy.wineport.pl\/index.php?rest_route=\/wp\/v2\/product"}],"about":[{"href":"http:\/\/delikatesy.wineport.pl\/index.php?rest_route=\/wp\/v2\/types\/product"}],"replies":[{"embeddable":true,"href":"http:\/\/delikatesy.wineport.pl\/index.php?rest_route=%2Fwp%2Fv2%2Fcomments&post=14628"}],"wp:featuredmedia":[{"embeddable":true,"href":"http:\/\/delikatesy.wineport.pl\/index.php?rest_route=\/wp\/v2\/media\/14627"}],"wp:attachment":[{"href":"http:\/\/delikatesy.wineport.pl\/index.php?rest_route=%2Fwp%2Fv2%2Fmedia&parent=14628"}],"wp:term":[{"taxonomy":"product_cat","embeddable":true,"href":"http:\/\/delikatesy.wineport.pl\/index.php?rest_route=%2Fwp%2Fv2%2Fproduct_cat&post=14628"},{"taxonomy":"product_tag","embeddable":true,"href":"http:\/\/delikatesy.wineport.pl\/index.php?rest_route=%2Fwp%2Fv2%2Fproduct_tag&post=14628"}],"curies":[{"name":"wp","href":"https:\/\/api.w.org\/{rel}","templated":true}]}}